{"id":5500942,"date":"2026-01-27T06:18:59","date_gmt":"2026-01-27T05:18:59","guid":{"rendered":"https:\/\/stoic-curie.212-227-153-4.plesk.page\/product\/garmin-echomap-uhd2-92sv\/"},"modified":"2026-02-25T00:01:35","modified_gmt":"2026-02-25T00:01:35","slug":"garmin-echomap-uhd2-92sv","status":"publish","type":"product","link":"https:\/\/stoic-curie.212-227-153-4.plesk.page\/hr\/product\/garmin-echomap-uhd2-92sv\/","title":{"rendered":"Garmin echoMAP UHD2 92SV"},"content":{"rendered":"<p>Garmin echoMAP UHD2 92SV &#8211; <\/p>\n<p>Iskusite Garmin echoMAP UHD2 92SV plotter\/ribolovni ure\u0111aj sa 9&#8243; touchscreen zaslonom rezolucije 800&#215;480 piksela, brzim tipkama i unutarnjim GPS prijemnikom. Ova naprava se ponosi sna\u017enom integriranom CHIRP tehnologijom od 500W zajedno s ClearVu, SideVu i UHD modulima. Savr\u0161eno se integrira sa svim Garmin BlueChart i Garmin Navionics+ kartama, nudi ugra\u0111enu be\u017ei\u010dnu povezanost te podr\u017eava NMEA0183\/2000 i Fusion-Link sustave. Dizajnirana da se u potpunosti integri\u0161e sa svim sustavima na brodu, opremljena je svim bitnim Garmin funkcijama, poput Auto Guidance, Active Captain, Sail Assist i Quickdraw Contours. Paket uklju\u010duje podesivi nosa\u010d, za\u0161titu za ekran i napojni\/podacni kabel. Kompatibilna je sa svim tradicionalnim, All-in-One, Panoptix i UHD pretvornicima s 12-pinskom vezom. Model bez pretvornika opremljen je adapter kabelom od 8-pinskoga pretvornika do 12-pinskog eco. TD = Pretvornik<\/p>\n","protected":false},"excerpt":{"rendered":"<p>Garmin echoMAP UHD2 92SV &#8211; Iskusite Garmin echoMAP UHD2 92SV plotter\/ribolovni ure\u0111aj sa 9&#8243; touchscreen zaslonom rezolucije 800&#215;480 piksela, brzim<\/p>\n","protected":false},"featured_media":5949335,"comment_status":"open","ping_status":"closed","template":"","meta":[],"product_brand":[2971],"product_cat":[1744],"product_tag":[],"class_list":{"0":"post-5500942","1":"product","2":"type-product","3":"status-publish","4":"has-post-thumbnail","6":"product_brand-garmin-hr","7":"product_cat-brodska-elektronika","9":"first","10":"instock","11":"shipping-taxable","12":"purchasable","13":"product-type-simple"},"_links":{"self":[{"href":"https:\/\/stoic-curie.212-227-153-4.plesk.page\/hr\/wp-json\/wp\/v2\/product\/5500942","targetHints":{"allow":["GET"]}}],"collection":[{"href":"https:\/\/stoic-curie.212-227-153-4.plesk.page\/hr\/wp-json\/wp\/v2\/product"}],"about":[{"href":"https:\/\/stoic-curie.212-227-153-4.plesk.page\/hr\/wp-json\/wp\/v2\/types\/product"}],"replies":[{"embeddable":true,"href":"https:\/\/stoic-curie.212-227-153-4.plesk.page\/hr\/wp-json\/wp\/v2\/comments?post=5500942"}],"version-history":[{"count":0,"href":"https:\/\/stoic-curie.212-227-153-4.plesk.page\/hr\/wp-json\/wp\/v2\/product\/5500942\/revisions"}],"wp:featuredmedia":[{"embeddable":true,"href":"https:\/\/stoic-curie.212-227-153-4.plesk.page\/hr\/wp-json\/wp\/v2\/media\/5949335"}],"wp:attachment":[{"href":"https:\/\/stoic-curie.212-227-153-4.plesk.page\/hr\/wp-json\/wp\/v2\/media?parent=5500942"}],"wp:term":[{"taxonomy":"product_brand","embeddable":true,"href":"https:\/\/stoic-curie.212-227-153-4.plesk.page\/hr\/wp-json\/wp\/v2\/product_brand?post=5500942"},{"taxonomy":"product_cat","embeddable":true,"href":"https:\/\/stoic-curie.212-227-153-4.plesk.page\/hr\/wp-json\/wp\/v2\/product_cat?post=5500942"},{"taxonomy":"product_tag","embeddable":true,"href":"https:\/\/stoic-curie.212-227-153-4.plesk.page\/hr\/wp-json\/wp\/v2\/product_tag?post=5500942"}],"curies":[{"name":"wp","href":"https:\/\/api.w.org\/{rel}","templated":true}]}}