{"id":5500943,"date":"2026-01-27T06:19:00","date_gmt":"2026-01-27T05:19:00","guid":{"rendered":"https:\/\/stoic-curie.212-227-153-4.plesk.page\/product\/garmin-echomap-uhd2-92sv-2\/"},"modified":"2026-02-25T00:01:35","modified_gmt":"2026-02-25T00:01:35","slug":"garmin-echomap-uhd2-92sv-2","status":"publish","type":"product","link":"https:\/\/stoic-curie.212-227-153-4.plesk.page\/hr\/product\/garmin-echomap-uhd2-92sv-2\/","title":{"rendered":"Garmin echoMAP UHD2 92SV"},"content":{"rendered":"<p>Garmin echoMAP UHD2 92SV &#8211; <\/p>\n<p>Garmin echoMAP UHD2 92SV je vrhunski ure\u0111aj za navigaciju i ribolov koji ima 9&#8243; zaslon osjetljiv na dodir uz razlu\u010divost od 800&#215;480 piksela. Uklju\u010duje brze tipke i unutarnji GPS prijemnik te sna\u017ean integrirani 500W CHIRP, ClearV\u00fc, SideV\u00fc i UHD modul. Ovaj ure\u0111aj kompatibilan je sa svim Garmin BlueChart i Garmin Navionics+ kartama, a nudi i integriranu be\u017ei\u010dnu povezivost, NMEA0183\/2000 i Fusion-Link. Savr\u0161eno se integrira sa svim sustavima na brodu i sadr\u017ei sve bitne Garmin funkcije kao \u0161to su Auto Guidance, ActiveCaptain, Sail Assist i Quickdraw Contours. Paket dolazi sa podesivim dr\u017ea\u010dem, za\u0161titom za ekran i napajanje\/komunikacijskim kabelom. Tako\u0111er je kompatibilan sa svim tradicionalnim, All-in-One, Panoptix i UHD transduktorima te ima 12-pinski priklju\u010dak. Model bez transduktora dolazi s adapter kabelom od 8-pinskog transduktora do 12-pinskog eco. TD = Transduktor<\/p>\n","protected":false},"excerpt":{"rendered":"<p>Garmin echoMAP UHD2 92SV &#8211; Garmin echoMAP UHD2 92SV je vrhunski ure\u0111aj za navigaciju i ribolov koji ima 9&#8243; zaslon<\/p>\n","protected":false},"featured_media":5949335,"comment_status":"open","ping_status":"closed","template":"","meta":[],"product_brand":[2971],"product_cat":[1744],"product_tag":[],"class_list":{"0":"post-5500943","1":"product","2":"type-product","3":"status-publish","4":"has-post-thumbnail","6":"product_brand-garmin-hr","7":"product_cat-brodska-elektronika","9":"first","10":"instock","11":"shipping-taxable","12":"purchasable","13":"product-type-simple"},"_links":{"self":[{"href":"https:\/\/stoic-curie.212-227-153-4.plesk.page\/hr\/wp-json\/wp\/v2\/product\/5500943","targetHints":{"allow":["GET"]}}],"collection":[{"href":"https:\/\/stoic-curie.212-227-153-4.plesk.page\/hr\/wp-json\/wp\/v2\/product"}],"about":[{"href":"https:\/\/stoic-curie.212-227-153-4.plesk.page\/hr\/wp-json\/wp\/v2\/types\/product"}],"replies":[{"embeddable":true,"href":"https:\/\/stoic-curie.212-227-153-4.plesk.page\/hr\/wp-json\/wp\/v2\/comments?post=5500943"}],"version-history":[{"count":0,"href":"https:\/\/stoic-curie.212-227-153-4.plesk.page\/hr\/wp-json\/wp\/v2\/product\/5500943\/revisions"}],"wp:featuredmedia":[{"embeddable":true,"href":"https:\/\/stoic-curie.212-227-153-4.plesk.page\/hr\/wp-json\/wp\/v2\/media\/5949335"}],"wp:attachment":[{"href":"https:\/\/stoic-curie.212-227-153-4.plesk.page\/hr\/wp-json\/wp\/v2\/media?parent=5500943"}],"wp:term":[{"taxonomy":"product_brand","embeddable":true,"href":"https:\/\/stoic-curie.212-227-153-4.plesk.page\/hr\/wp-json\/wp\/v2\/product_brand?post=5500943"},{"taxonomy":"product_cat","embeddable":true,"href":"https:\/\/stoic-curie.212-227-153-4.plesk.page\/hr\/wp-json\/wp\/v2\/product_cat?post=5500943"},{"taxonomy":"product_tag","embeddable":true,"href":"https:\/\/stoic-curie.212-227-153-4.plesk.page\/hr\/wp-json\/wp\/v2\/product_tag?post=5500943"}],"curies":[{"name":"wp","href":"https:\/\/api.w.org\/{rel}","templated":true}]}}