{"id":5500946,"date":"2026-01-27T06:19:02","date_gmt":"2026-01-27T05:19:02","guid":{"rendered":"https:\/\/stoic-curie.212-227-153-4.plesk.page\/product\/icom-ic-m510e-vhf-ais\/"},"modified":"2026-02-25T00:01:41","modified_gmt":"2026-02-25T00:01:41","slug":"icom-ic-m510e-vhf-ais","status":"publish","type":"product","link":"https:\/\/stoic-curie.212-227-153-4.plesk.page\/hr\/product\/icom-ic-m510e-vhf-ais\/","title":{"rendered":"Icom IC-M510E VHF AIS"},"content":{"rendered":"<p>Icom IC-M510E VHF AIS &#8211; <\/p>\n<p>Fiksni ure\u0111aj klase D DSC ICOM IC-M510E 12V VHF s mikrofonom i vanjskim GPS prijemnikom.<br \/>AIS verzija omogu\u0107uje pregled, odabir i pozivanje DSC ciljeva izravno s ekrana.<br \/>Karakteristike uklju\u010duju 4,3&#8243; LCD TFT zaslon u boji, IP68 vodootporno ku\u0107i\u0161te, NMEA0183 povezivost (NMEA2000 putem WLAN-a s opcijskom be\u017ei\u010dnom kutijom), navigacijske funkcije s to\u010dkama, magleni ton, dual\/tri-watch, trenuta\u010dni pristup kanalu 16, ANC poni\u0161tavanje buke, TAG funkcija i AquaQuake sustav za drena\u017eu vode.<br \/>Opcijski CommandMic HM-229B omogu\u0107ava potpuno daljinsko upravljanje svim VHF funkcijama i mo\u017ee se koristiti kao interkom ili za slanje DSC poziva.<br \/>Dostupno s GPS antenom s 10 m kabelom, monta\u017enom potpornom, kabelom za napajanje i korisni\u010dkim priru\u010dnikom.<br \/>Dimenzije: 175 \u00d7 71 \u00d7 H110 mm.<\/p>\n","protected":false},"excerpt":{"rendered":"<p>Icom IC-M510E VHF AIS &#8211; Fiksni ure\u0111aj klase D DSC ICOM IC-M510E 12V VHF s mikrofonom i vanjskim GPS prijemnikom.AIS<\/p>\n","protected":false},"featured_media":5949343,"comment_status":"open","ping_status":"closed","template":"","meta":[],"product_brand":[3011],"product_cat":[1744],"product_tag":[],"class_list":{"0":"post-5500946","1":"product","2":"type-product","3":"status-publish","4":"has-post-thumbnail","6":"product_brand-icom-marine-hr","7":"product_cat-brodska-elektronika","9":"first","10":"instock","11":"shipping-taxable","12":"purchasable","13":"product-type-simple"},"_links":{"self":[{"href":"https:\/\/stoic-curie.212-227-153-4.plesk.page\/hr\/wp-json\/wp\/v2\/product\/5500946","targetHints":{"allow":["GET"]}}],"collection":[{"href":"https:\/\/stoic-curie.212-227-153-4.plesk.page\/hr\/wp-json\/wp\/v2\/product"}],"about":[{"href":"https:\/\/stoic-curie.212-227-153-4.plesk.page\/hr\/wp-json\/wp\/v2\/types\/product"}],"replies":[{"embeddable":true,"href":"https:\/\/stoic-curie.212-227-153-4.plesk.page\/hr\/wp-json\/wp\/v2\/comments?post=5500946"}],"version-history":[{"count":0,"href":"https:\/\/stoic-curie.212-227-153-4.plesk.page\/hr\/wp-json\/wp\/v2\/product\/5500946\/revisions"}],"wp:featuredmedia":[{"embeddable":true,"href":"https:\/\/stoic-curie.212-227-153-4.plesk.page\/hr\/wp-json\/wp\/v2\/media\/5949343"}],"wp:attachment":[{"href":"https:\/\/stoic-curie.212-227-153-4.plesk.page\/hr\/wp-json\/wp\/v2\/media?parent=5500946"}],"wp:term":[{"taxonomy":"product_brand","embeddable":true,"href":"https:\/\/stoic-curie.212-227-153-4.plesk.page\/hr\/wp-json\/wp\/v2\/product_brand?post=5500946"},{"taxonomy":"product_cat","embeddable":true,"href":"https:\/\/stoic-curie.212-227-153-4.plesk.page\/hr\/wp-json\/wp\/v2\/product_cat?post=5500946"},{"taxonomy":"product_tag","embeddable":true,"href":"https:\/\/stoic-curie.212-227-153-4.plesk.page\/hr\/wp-json\/wp\/v2\/product_tag?post=5500946"}],"curies":[{"name":"wp","href":"https:\/\/api.w.org\/{rel}","templated":true}]}}