{"id":5531540,"date":"2026-01-29T22:10:29","date_gmt":"2026-01-29T21:10:29","guid":{"rendered":"https:\/\/stoic-curie.212-227-153-4.plesk.page\/product\/konektor-od-nehrdajuce-celika-hs-10mm\/"},"modified":"2026-02-25T00:00:32","modified_gmt":"2026-02-25T00:00:32","slug":"konektor-od-nehrdajuce-celika-hs-10mm","status":"publish","type":"product","link":"https:\/\/stoic-curie.212-227-153-4.plesk.page\/hr\/product\/konektor-od-nehrdajuce-celika-hs-10mm\/","title":{"rendered":"Konektor od nehr\u0111aju\u0107e \u010delika HS 10mm"},"content":{"rendered":"<p>Konektor od nehr\u0111aju\u0107e \u010delika HS 10mm &#8211; <\/p>\n<p>Poveziva\u010da od nehr\u0111aju\u0107eg \u010delika s 8 pinova visoke nosivosti. Za kalibrirane lance.<\/p>\n","protected":false},"excerpt":{"rendered":"<p>Konektor od nehr\u0111aju\u0107e \u010delika HS 10mm &#8211; Poveziva\u010da od nehr\u0111aju\u0107eg \u010delika s 8 pinova visoke nosivosti. Za kalibrirane lance.<\/p>\n","protected":false},"featured_media":5935941,"comment_status":"open","ping_status":"closed","template":"","meta":[],"product_brand":[3206],"product_cat":[1620,1619],"product_tag":[],"class_list":{"0":"post-5531540","1":"product","2":"type-product","3":"status-publish","4":"has-post-thumbnail","6":"product_brand-nova-argonautica-hr","7":"product_cat-kalibrirani-lanac-od-nehrdajuceg-celika","8":"product_cat-kalibrirani-lanac-pocincan","10":"first","11":"instock","12":"shipping-taxable","13":"purchasable","14":"product-type-simple"},"_links":{"self":[{"href":"https:\/\/stoic-curie.212-227-153-4.plesk.page\/hr\/wp-json\/wp\/v2\/product\/5531540","targetHints":{"allow":["GET"]}}],"collection":[{"href":"https:\/\/stoic-curie.212-227-153-4.plesk.page\/hr\/wp-json\/wp\/v2\/product"}],"about":[{"href":"https:\/\/stoic-curie.212-227-153-4.plesk.page\/hr\/wp-json\/wp\/v2\/types\/product"}],"replies":[{"embeddable":true,"href":"https:\/\/stoic-curie.212-227-153-4.plesk.page\/hr\/wp-json\/wp\/v2\/comments?post=5531540"}],"version-history":[{"count":0,"href":"https:\/\/stoic-curie.212-227-153-4.plesk.page\/hr\/wp-json\/wp\/v2\/product\/5531540\/revisions"}],"wp:featuredmedia":[{"embeddable":true,"href":"https:\/\/stoic-curie.212-227-153-4.plesk.page\/hr\/wp-json\/wp\/v2\/media\/5935941"}],"wp:attachment":[{"href":"https:\/\/stoic-curie.212-227-153-4.plesk.page\/hr\/wp-json\/wp\/v2\/media?parent=5531540"}],"wp:term":[{"taxonomy":"product_brand","embeddable":true,"href":"https:\/\/stoic-curie.212-227-153-4.plesk.page\/hr\/wp-json\/wp\/v2\/product_brand?post=5531540"},{"taxonomy":"product_cat","embeddable":true,"href":"https:\/\/stoic-curie.212-227-153-4.plesk.page\/hr\/wp-json\/wp\/v2\/product_cat?post=5531540"},{"taxonomy":"product_tag","embeddable":true,"href":"https:\/\/stoic-curie.212-227-153-4.plesk.page\/hr\/wp-json\/wp\/v2\/product_tag?post=5531540"}],"curies":[{"name":"wp","href":"https:\/\/api.w.org\/{rel}","templated":true}]}}