{"id":5531560,"date":"2026-01-29T22:10:57","date_gmt":"2026-01-29T21:10:57","guid":{"rendered":"https:\/\/stoic-curie.212-227-153-4.plesk.page\/product\/pocincani-d-skopac-22x92x43-mm\/"},"modified":"2026-02-25T00:00:41","modified_gmt":"2026-02-25T00:00:41","slug":"pocincani-d-skopac-22x92x43-mm","status":"publish","type":"product","link":"https:\/\/stoic-curie.212-227-153-4.plesk.page\/hr\/product\/pocincani-d-skopac-22x92x43-mm\/","title":{"rendered":"Pocincani D \u0161kopac 22x92x43 mm"},"content":{"rendered":"<p>Pocincani D \u0161kopac 22x92x43 mm &#8211; <\/p>\n<p>Galvanizirani \u010deli\u010dni Dee \u0161paga.<\/p>\n","protected":false},"excerpt":{"rendered":"<p>Pocincani D \u0161kopac 22x92x43 mm &#8211; Galvanizirani \u010deli\u010dni Dee \u0161paga.<\/p>\n","protected":false},"featured_media":5937827,"comment_status":"open","ping_status":"closed","template":"","meta":[],"product_brand":[3086],"product_cat":[3911],"product_tag":[],"class_list":{"0":"post-5531560","1":"product","2":"type-product","3":"status-publish","4":"has-post-thumbnail","6":"product_brand-maggigroup-hr","7":"product_cat-accessories","9":"first","10":"instock","11":"shipping-taxable","12":"purchasable","13":"product-type-simple"},"_links":{"self":[{"href":"https:\/\/stoic-curie.212-227-153-4.plesk.page\/hr\/wp-json\/wp\/v2\/product\/5531560","targetHints":{"allow":["GET"]}}],"collection":[{"href":"https:\/\/stoic-curie.212-227-153-4.plesk.page\/hr\/wp-json\/wp\/v2\/product"}],"about":[{"href":"https:\/\/stoic-curie.212-227-153-4.plesk.page\/hr\/wp-json\/wp\/v2\/types\/product"}],"replies":[{"embeddable":true,"href":"https:\/\/stoic-curie.212-227-153-4.plesk.page\/hr\/wp-json\/wp\/v2\/comments?post=5531560"}],"version-history":[{"count":0,"href":"https:\/\/stoic-curie.212-227-153-4.plesk.page\/hr\/wp-json\/wp\/v2\/product\/5531560\/revisions"}],"wp:featuredmedia":[{"embeddable":true,"href":"https:\/\/stoic-curie.212-227-153-4.plesk.page\/hr\/wp-json\/wp\/v2\/media\/5937827"}],"wp:attachment":[{"href":"https:\/\/stoic-curie.212-227-153-4.plesk.page\/hr\/wp-json\/wp\/v2\/media?parent=5531560"}],"wp:term":[{"taxonomy":"product_brand","embeddable":true,"href":"https:\/\/stoic-curie.212-227-153-4.plesk.page\/hr\/wp-json\/wp\/v2\/product_brand?post=5531560"},{"taxonomy":"product_cat","embeddable":true,"href":"https:\/\/stoic-curie.212-227-153-4.plesk.page\/hr\/wp-json\/wp\/v2\/product_cat?post=5531560"},{"taxonomy":"product_tag","embeddable":true,"href":"https:\/\/stoic-curie.212-227-153-4.plesk.page\/hr\/wp-json\/wp\/v2\/product_tag?post=5531560"}],"curies":[{"name":"wp","href":"https:\/\/api.w.org\/{rel}","templated":true}]}}