{"id":5531563,"date":"2026-01-29T22:11:10","date_gmt":"2026-01-29T21:11:10","guid":{"rendered":"https:\/\/stoic-curie.212-227-153-4.plesk.page\/product\/morska-uze-crna-8mm-x-200m\/"},"modified":"2026-02-25T00:00:47","modified_gmt":"2026-02-25T00:00:47","slug":"morska-uze-crna-8mm-x-200m","status":"publish","type":"product","link":"https:\/\/stoic-curie.212-227-153-4.plesk.page\/hr\/product\/morska-uze-crna-8mm-x-200m\/","title":{"rendered":"Morska u\u017ee crna 8mm x 200m"},"content":{"rendered":"<p>Morska u\u017ee crna 8mm x 200m &#8211; <\/p>\n<p>Ova srednje sna\u017ena, trostruka poliester u\u017ee odli\u010dna je opcija za sve va\u0161e potrebe vezivanja i sidrenja. Osim toga, napravljena je od recikliranih PET boca, \u0161to je \u010dini odr\u017eivim izborom. Primijetit \u0107ete da ovo rPET u\u017ee ostvaruje usporedive performanse s uobi\u010dajenim poliesterom.<\/p>\n<p>U industriji plovila, poliester u\u017ee je vrlo svestran. Mo\u017ee se koristiti za sidrene lance, vezne lance, lance za fendere, u\u017ead za spasavanje, pa \u010dak i za vu\u010du ili podizanje.<\/p>\n<p>Evo nekoliko va\u017enih zna\u010dajki ovog u\u017eeta:<\/p>\n<ul>\n<li>Uvo\u0111enje u dizajn trostrukog uvijanja<\/li>\n<li>Napravljeno od sinteti\u010dkih materijala<\/li>\n<li>Odr\u017eava \u010dvrsto\u0107u \u010dak i kada je mokro<\/li>\n<li>Otporno na vodu, UV zrake, truljenje i habanje<\/li>\n<li>Ne pluta i postaje malo mek\u0161e kada je mokro<\/li>\n<li>Proizvedeno u Europi<\/li>\n<\/ul>\n","protected":false},"excerpt":{"rendered":"<p>Morska u\u017ee crna 8mm x 200m &#8211; Ova srednje sna\u017ena, trostruka poliester u\u017ee odli\u010dna je opcija za sve va\u0161e potrebe<\/p>\n","protected":false},"featured_media":5939641,"comment_status":"open","ping_status":"closed","template":"","meta":[],"product_brand":[3101],"product_cat":[1622,1862],"product_tag":[],"class_list":{"0":"post-5531563","1":"product","2":"type-product","3":"status-publish","4":"has-post-thumbnail","6":"product_brand-marco-benvenuti-hr","7":"product_cat-konopi-za-pristajanje-i-privez","8":"product_cat-sidreno-uze","10":"first","11":"instock","12":"shipping-taxable","13":"purchasable","14":"product-type-simple"},"_links":{"self":[{"href":"https:\/\/stoic-curie.212-227-153-4.plesk.page\/hr\/wp-json\/wp\/v2\/product\/5531563","targetHints":{"allow":["GET"]}}],"collection":[{"href":"https:\/\/stoic-curie.212-227-153-4.plesk.page\/hr\/wp-json\/wp\/v2\/product"}],"about":[{"href":"https:\/\/stoic-curie.212-227-153-4.plesk.page\/hr\/wp-json\/wp\/v2\/types\/product"}],"replies":[{"embeddable":true,"href":"https:\/\/stoic-curie.212-227-153-4.plesk.page\/hr\/wp-json\/wp\/v2\/comments?post=5531563"}],"version-history":[{"count":0,"href":"https:\/\/stoic-curie.212-227-153-4.plesk.page\/hr\/wp-json\/wp\/v2\/product\/5531563\/revisions"}],"wp:featuredmedia":[{"embeddable":true,"href":"https:\/\/stoic-curie.212-227-153-4.plesk.page\/hr\/wp-json\/wp\/v2\/media\/5939641"}],"wp:attachment":[{"href":"https:\/\/stoic-curie.212-227-153-4.plesk.page\/hr\/wp-json\/wp\/v2\/media?parent=5531563"}],"wp:term":[{"taxonomy":"product_brand","embeddable":true,"href":"https:\/\/stoic-curie.212-227-153-4.plesk.page\/hr\/wp-json\/wp\/v2\/product_brand?post=5531563"},{"taxonomy":"product_cat","embeddable":true,"href":"https:\/\/stoic-curie.212-227-153-4.plesk.page\/hr\/wp-json\/wp\/v2\/product_cat?post=5531563"},{"taxonomy":"product_tag","embeddable":true,"href":"https:\/\/stoic-curie.212-227-153-4.plesk.page\/hr\/wp-json\/wp\/v2\/product_tag?post=5531563"}],"curies":[{"name":"wp","href":"https:\/\/api.w.org\/{rel}","templated":true}]}}