{"id":5531564,"date":"2026-01-29T22:11:11","date_gmt":"2026-01-29T21:11:11","guid":{"rendered":"https:\/\/stoic-curie.212-227-153-4.plesk.page\/product\/crna-morska-uzad-12mm-x-200m\/"},"modified":"2026-02-25T00:00:47","modified_gmt":"2026-02-25T00:00:47","slug":"crna-morska-uzad-12mm-x-200m","status":"publish","type":"product","link":"https:\/\/stoic-curie.212-227-153-4.plesk.page\/hr\/product\/crna-morska-uzad-12mm-x-200m\/","title":{"rendered":"Crna morska u\u017ead 12mm x 200m"},"content":{"rendered":"<p>Crna morska u\u017ead 12mm x 200m &#8211; <\/p>\n<p>Ova sinteti\u010dka u\u017ee srednje \u010dvrsto\u0107e, od tri niti, sjajan je izbor za sve va\u0161e potrebe vezivanja i sidrenja. Osim toga, izra\u0111ena je od recikliranih plastenki, \u0161to je \u010dini ekolo\u0161ki prihvatljivim izborom. Primijetit \u0107ete da ovo rPET u\u017ee daje rezultate usporedive sa standardnim poliesterom.<\/p>\n<p>U industriji brodogradnje, poliester u\u017ee je vrlo svestran. Mo\u017ee se koristiti za sidrene u\u017eadi, mornarske u\u017eadi, fendre, u\u017ead za spa\u0161avanje, pa \u010dak i za vla\u010denje ili podizanje.<\/p>\n<p>Evo nekoliko va\u017enih zna\u010dajki ovog u\u017eeta:<\/p>\n<ul>\n<li>Twisted three-strand design<\/li>\n<li>Izra\u0111eno od sinteti\u010dkih materijala<\/li>\n<li>Odr\u017eava \u010dvrsto\u0107u \u010dak i kada je vla\u017eno<\/li>\n<li>Otporno na vodu, UV zra\u010denje, truljenje i habanje<\/li>\n<li>Ne pluta i postaje malo mek\u0161e kada je vla\u017eno<\/li>\n<li>Proizvedeno u Europi<\/li>\n<\/ul>\n","protected":false},"excerpt":{"rendered":"<p>Crna morska u\u017ead 12mm x 200m &#8211; Ova sinteti\u010dka u\u017ee srednje \u010dvrsto\u0107e, od tri niti, sjajan je izbor za sve<\/p>\n","protected":false},"featured_media":5939641,"comment_status":"open","ping_status":"closed","template":"","meta":[],"product_brand":[3101],"product_cat":[1622,1862],"product_tag":[],"class_list":{"0":"post-5531564","1":"product","2":"type-product","3":"status-publish","4":"has-post-thumbnail","6":"product_brand-marco-benvenuti-hr","7":"product_cat-konopi-za-pristajanje-i-privez","8":"product_cat-sidreno-uze","10":"first","11":"instock","12":"shipping-taxable","13":"purchasable","14":"product-type-simple"},"_links":{"self":[{"href":"https:\/\/stoic-curie.212-227-153-4.plesk.page\/hr\/wp-json\/wp\/v2\/product\/5531564","targetHints":{"allow":["GET"]}}],"collection":[{"href":"https:\/\/stoic-curie.212-227-153-4.plesk.page\/hr\/wp-json\/wp\/v2\/product"}],"about":[{"href":"https:\/\/stoic-curie.212-227-153-4.plesk.page\/hr\/wp-json\/wp\/v2\/types\/product"}],"replies":[{"embeddable":true,"href":"https:\/\/stoic-curie.212-227-153-4.plesk.page\/hr\/wp-json\/wp\/v2\/comments?post=5531564"}],"version-history":[{"count":0,"href":"https:\/\/stoic-curie.212-227-153-4.plesk.page\/hr\/wp-json\/wp\/v2\/product\/5531564\/revisions"}],"wp:featuredmedia":[{"embeddable":true,"href":"https:\/\/stoic-curie.212-227-153-4.plesk.page\/hr\/wp-json\/wp\/v2\/media\/5939641"}],"wp:attachment":[{"href":"https:\/\/stoic-curie.212-227-153-4.plesk.page\/hr\/wp-json\/wp\/v2\/media?parent=5531564"}],"wp:term":[{"taxonomy":"product_brand","embeddable":true,"href":"https:\/\/stoic-curie.212-227-153-4.plesk.page\/hr\/wp-json\/wp\/v2\/product_brand?post=5531564"},{"taxonomy":"product_cat","embeddable":true,"href":"https:\/\/stoic-curie.212-227-153-4.plesk.page\/hr\/wp-json\/wp\/v2\/product_cat?post=5531564"},{"taxonomy":"product_tag","embeddable":true,"href":"https:\/\/stoic-curie.212-227-153-4.plesk.page\/hr\/wp-json\/wp\/v2\/product_tag?post=5531564"}],"curies":[{"name":"wp","href":"https:\/\/api.w.org\/{rel}","templated":true}]}}