{"id":5531569,"date":"2026-01-29T22:11:22","date_gmt":"2026-01-29T21:11:22","guid":{"rendered":"https:\/\/stoic-curie.212-227-153-4.plesk.page\/product\/radanca-pocincani-celik-16mm\/"},"modified":"2026-02-25T00:00:50","modified_gmt":"2026-02-25T00:00:50","slug":"radanca-pocincani-celik-16mm","status":"publish","type":"product","link":"https:\/\/stoic-curie.212-227-153-4.plesk.page\/hr\/product\/radanca-pocincani-celik-16mm\/","title":{"rendered":"Radanca, pocincani \u010delik 16mm"},"content":{"rendered":"<p>Radanca, pocincani \u010delik 16mm &#8211; <\/p>\n<p>Galfanizirani \u010deli\u010dni prstenovi koji sprje\u010davaju tro\u0161enje u\u017eadi i \u017eica.<\/p>\n","protected":false},"excerpt":{"rendered":"<p>Radanca, pocincani \u010delik 16mm &#8211; Galfanizirani \u010deli\u010dni prstenovi koji sprje\u010davaju tro\u0161enje u\u017eadi i \u017eica.<\/p>\n","protected":false},"featured_media":5940600,"comment_status":"open","ping_status":"closed","template":"","meta":[],"product_brand":[3086],"product_cat":[3911],"product_tag":[],"class_list":{"0":"post-5531569","1":"product","2":"type-product","3":"status-publish","4":"has-post-thumbnail","6":"product_brand-maggigroup-hr","7":"product_cat-accessories","9":"first","10":"instock","11":"shipping-taxable","12":"purchasable","13":"product-type-simple"},"_links":{"self":[{"href":"https:\/\/stoic-curie.212-227-153-4.plesk.page\/hr\/wp-json\/wp\/v2\/product\/5531569","targetHints":{"allow":["GET"]}}],"collection":[{"href":"https:\/\/stoic-curie.212-227-153-4.plesk.page\/hr\/wp-json\/wp\/v2\/product"}],"about":[{"href":"https:\/\/stoic-curie.212-227-153-4.plesk.page\/hr\/wp-json\/wp\/v2\/types\/product"}],"replies":[{"embeddable":true,"href":"https:\/\/stoic-curie.212-227-153-4.plesk.page\/hr\/wp-json\/wp\/v2\/comments?post=5531569"}],"version-history":[{"count":0,"href":"https:\/\/stoic-curie.212-227-153-4.plesk.page\/hr\/wp-json\/wp\/v2\/product\/5531569\/revisions"}],"wp:featuredmedia":[{"embeddable":true,"href":"https:\/\/stoic-curie.212-227-153-4.plesk.page\/hr\/wp-json\/wp\/v2\/media\/5940600"}],"wp:attachment":[{"href":"https:\/\/stoic-curie.212-227-153-4.plesk.page\/hr\/wp-json\/wp\/v2\/media?parent=5531569"}],"wp:term":[{"taxonomy":"product_brand","embeddable":true,"href":"https:\/\/stoic-curie.212-227-153-4.plesk.page\/hr\/wp-json\/wp\/v2\/product_brand?post=5531569"},{"taxonomy":"product_cat","embeddable":true,"href":"https:\/\/stoic-curie.212-227-153-4.plesk.page\/hr\/wp-json\/wp\/v2\/product_cat?post=5531569"},{"taxonomy":"product_tag","embeddable":true,"href":"https:\/\/stoic-curie.212-227-153-4.plesk.page\/hr\/wp-json\/wp\/v2\/product_tag?post=5531569"}],"curies":[{"name":"wp","href":"https:\/\/api.w.org\/{rel}","templated":true}]}}