{"id":5531593,"date":"2026-01-29T22:12:08","date_gmt":"2026-01-29T21:12:08","guid":{"rendered":"https:\/\/stoic-curie.212-227-153-4.plesk.page\/product\/sesir-helly-hansen-svolvaer-zuta-velicina-l\/"},"modified":"2026-02-25T00:01:06","modified_gmt":"2026-02-25T00:01:06","slug":"sesir-helly-hansen-svolvaer-zuta-velicina-l","status":"publish","type":"product","link":"https:\/\/stoic-curie.212-227-153-4.plesk.page\/hr\/product\/sesir-helly-hansen-svolvaer-zuta-velicina-l\/","title":{"rendered":"\u0160e\u0161ir Helly Hansen Svolvaer \u017duta &#8211; Velicina L"},"content":{"rendered":"<p>\u0160e\u0161ir Helly Hansen Svolvaer \u017duta &#8211; Velicina L &#8211; <\/p>\n<p>Helly Hansen Svolvaer kapa izra\u0111ena je od poliesterske tkanine od 410 g\/m2 s PU premazom, idealna za za\u0161titu od vode tijekom ribolova ili bilo koje druge aktivnosti na brodu ili palubi. Ima podstavu, u\u0161ne uvale i trakicu za bradu.<\/p>\n","protected":false},"excerpt":{"rendered":"<p>\u0160e\u0161ir Helly Hansen Svolvaer \u017duta &#8211; Velicina L &#8211; Helly Hansen Svolvaer kapa izra\u0111ena je od poliesterske tkanine od 410<\/p>\n","protected":false},"featured_media":5944596,"comment_status":"open","ping_status":"closed","template":"","meta":[],"product_brand":[3001],"product_cat":[1857],"product_tag":[],"class_list":{"0":"post-5531593","1":"product","2":"type-product","3":"status-publish","4":"has-post-thumbnail","6":"product_brand-helly-hansen-hr","7":"product_cat-jedrilicarska-odjeca-helly-hansen","9":"first","10":"instock","11":"shipping-taxable","12":"purchasable","13":"product-type-simple"},"_links":{"self":[{"href":"https:\/\/stoic-curie.212-227-153-4.plesk.page\/hr\/wp-json\/wp\/v2\/product\/5531593","targetHints":{"allow":["GET"]}}],"collection":[{"href":"https:\/\/stoic-curie.212-227-153-4.plesk.page\/hr\/wp-json\/wp\/v2\/product"}],"about":[{"href":"https:\/\/stoic-curie.212-227-153-4.plesk.page\/hr\/wp-json\/wp\/v2\/types\/product"}],"replies":[{"embeddable":true,"href":"https:\/\/stoic-curie.212-227-153-4.plesk.page\/hr\/wp-json\/wp\/v2\/comments?post=5531593"}],"version-history":[{"count":0,"href":"https:\/\/stoic-curie.212-227-153-4.plesk.page\/hr\/wp-json\/wp\/v2\/product\/5531593\/revisions"}],"wp:featuredmedia":[{"embeddable":true,"href":"https:\/\/stoic-curie.212-227-153-4.plesk.page\/hr\/wp-json\/wp\/v2\/media\/5944596"}],"wp:attachment":[{"href":"https:\/\/stoic-curie.212-227-153-4.plesk.page\/hr\/wp-json\/wp\/v2\/media?parent=5531593"}],"wp:term":[{"taxonomy":"product_brand","embeddable":true,"href":"https:\/\/stoic-curie.212-227-153-4.plesk.page\/hr\/wp-json\/wp\/v2\/product_brand?post=5531593"},{"taxonomy":"product_cat","embeddable":true,"href":"https:\/\/stoic-curie.212-227-153-4.plesk.page\/hr\/wp-json\/wp\/v2\/product_cat?post=5531593"},{"taxonomy":"product_tag","embeddable":true,"href":"https:\/\/stoic-curie.212-227-153-4.plesk.page\/hr\/wp-json\/wp\/v2\/product_tag?post=5531593"}],"curies":[{"name":"wp","href":"https:\/\/api.w.org\/{rel}","templated":true}]}}