{"id":5531602,"date":"2026-01-29T22:12:50","date_gmt":"2026-01-29T21:12:50","guid":{"rendered":"https:\/\/stoic-curie.212-227-153-4.plesk.page\/product\/rezervna-brtva-33-mm-za-drzace-stapova-za-ribolov\/"},"modified":"2026-02-25T00:01:26","modified_gmt":"2026-02-25T00:01:26","slug":"rezervna-brtva-33-mm-za-drzace-stapova-za-ribolov","status":"publish","type":"product","link":"https:\/\/stoic-curie.212-227-153-4.plesk.page\/hr\/product\/rezervna-brtva-33-mm-za-drzace-stapova-za-ribolov\/","title":{"rendered":"Rezervna brtva 33 mm za dr\u017eace \u0161tapova za ribolov"},"content":{"rendered":"<p>Rezervna brtva 33 mm za dr\u017eace \u0161tapova za ribolov &#8211; Rezervni dijelovi za dr\u017ea\u010de \u0161tapova.<\/p>\n","protected":false},"excerpt":{"rendered":"<p>Rezervna brtva 33 mm za dr\u017eace \u0161tapova za ribolov &#8211; Rezervni dijelovi za dr\u017ea\u010de \u0161tapova.<\/p>\n","protected":false},"featured_media":5935804,"comment_status":"open","ping_status":"closed","template":"","meta":[],"product_brand":[2946],"product_cat":[1680],"product_tag":[],"class_list":{"0":"post-5531602","1":"product","2":"type-product","3":"status-publish","4":"has-post-thumbnail","6":"product_brand-foresti-suardi-hr","7":"product_cat-drzaci-stapova-za-ribolov","9":"first","10":"instock","11":"shipping-taxable","12":"purchasable","13":"product-type-simple"},"_links":{"self":[{"href":"https:\/\/stoic-curie.212-227-153-4.plesk.page\/hr\/wp-json\/wp\/v2\/product\/5531602","targetHints":{"allow":["GET"]}}],"collection":[{"href":"https:\/\/stoic-curie.212-227-153-4.plesk.page\/hr\/wp-json\/wp\/v2\/product"}],"about":[{"href":"https:\/\/stoic-curie.212-227-153-4.plesk.page\/hr\/wp-json\/wp\/v2\/types\/product"}],"replies":[{"embeddable":true,"href":"https:\/\/stoic-curie.212-227-153-4.plesk.page\/hr\/wp-json\/wp\/v2\/comments?post=5531602"}],"version-history":[{"count":0,"href":"https:\/\/stoic-curie.212-227-153-4.plesk.page\/hr\/wp-json\/wp\/v2\/product\/5531602\/revisions"}],"wp:featuredmedia":[{"embeddable":true,"href":"https:\/\/stoic-curie.212-227-153-4.plesk.page\/hr\/wp-json\/wp\/v2\/media\/5935804"}],"wp:attachment":[{"href":"https:\/\/stoic-curie.212-227-153-4.plesk.page\/hr\/wp-json\/wp\/v2\/media?parent=5531602"}],"wp:term":[{"taxonomy":"product_brand","embeddable":true,"href":"https:\/\/stoic-curie.212-227-153-4.plesk.page\/hr\/wp-json\/wp\/v2\/product_brand?post=5531602"},{"taxonomy":"product_cat","embeddable":true,"href":"https:\/\/stoic-curie.212-227-153-4.plesk.page\/hr\/wp-json\/wp\/v2\/product_cat?post=5531602"},{"taxonomy":"product_tag","embeddable":true,"href":"https:\/\/stoic-curie.212-227-153-4.plesk.page\/hr\/wp-json\/wp\/v2\/product_tag?post=5531602"}],"curies":[{"name":"wp","href":"https:\/\/api.w.org\/{rel}","templated":true}]}}