{"id":5531612,"date":"2026-01-29T22:12:59","date_gmt":"2026-01-29T21:12:59","guid":{"rendered":"https:\/\/stoic-curie.212-227-153-4.plesk.page\/product\/laka-oznaka-za-lanac-za-lanac-promjera-8-mm-zeleno-pakiranje-od-10\/"},"modified":"2026-02-25T00:01:26","modified_gmt":"2026-02-25T00:01:26","slug":"laka-oznaka-za-lanac-za-lanac-promjera-8-mm-zeleno-pakiranje-od-10","status":"publish","type":"product","link":"https:\/\/stoic-curie.212-227-153-4.plesk.page\/hr\/product\/laka-oznaka-za-lanac-za-lanac-promjera-8-mm-zeleno-pakiranje-od-10\/","title":{"rendered":"Laka oznaka za lanac za lanac promjera 8 mm &#8211; Zeleno (Pakiranje od 10)"},"content":{"rendered":"<p>Laka oznaka za lanac za lanac promjera 8 mm &#8211; Zeleno (Pakiranje od 10) &#8211; <\/p>\n<p>Ova obojena plasti\u010dna oznaka za lanac dizajnirana je za umetanje u karike lanca, poma\u017eu\u0107i u\u010dinkovito ozna\u010diti du\u017einu.<\/p>\n","protected":false},"excerpt":{"rendered":"<p>Laka oznaka za lanac za lanac promjera 8 mm &#8211; Zeleno (Pakiranje od 10) &#8211; Ova obojena plasti\u010dna oznaka za<\/p>\n","protected":false},"featured_media":5949249,"comment_status":"open","ping_status":"closed","template":"","meta":[],"product_brand":[3086],"product_cat":[1620,1619],"product_tag":[],"class_list":{"0":"post-5531612","1":"product","2":"type-product","3":"status-publish","4":"has-post-thumbnail","6":"product_brand-maggigroup-hr","7":"product_cat-kalibrirani-lanac-od-nehrdajuceg-celika","8":"product_cat-kalibrirani-lanac-pocincan","10":"first","11":"instock","12":"shipping-taxable","13":"purchasable","14":"product-type-simple"},"_links":{"self":[{"href":"https:\/\/stoic-curie.212-227-153-4.plesk.page\/hr\/wp-json\/wp\/v2\/product\/5531612","targetHints":{"allow":["GET"]}}],"collection":[{"href":"https:\/\/stoic-curie.212-227-153-4.plesk.page\/hr\/wp-json\/wp\/v2\/product"}],"about":[{"href":"https:\/\/stoic-curie.212-227-153-4.plesk.page\/hr\/wp-json\/wp\/v2\/types\/product"}],"replies":[{"embeddable":true,"href":"https:\/\/stoic-curie.212-227-153-4.plesk.page\/hr\/wp-json\/wp\/v2\/comments?post=5531612"}],"version-history":[{"count":0,"href":"https:\/\/stoic-curie.212-227-153-4.plesk.page\/hr\/wp-json\/wp\/v2\/product\/5531612\/revisions"}],"wp:featuredmedia":[{"embeddable":true,"href":"https:\/\/stoic-curie.212-227-153-4.plesk.page\/hr\/wp-json\/wp\/v2\/media\/5949249"}],"wp:attachment":[{"href":"https:\/\/stoic-curie.212-227-153-4.plesk.page\/hr\/wp-json\/wp\/v2\/media?parent=5531612"}],"wp:term":[{"taxonomy":"product_brand","embeddable":true,"href":"https:\/\/stoic-curie.212-227-153-4.plesk.page\/hr\/wp-json\/wp\/v2\/product_brand?post=5531612"},{"taxonomy":"product_cat","embeddable":true,"href":"https:\/\/stoic-curie.212-227-153-4.plesk.page\/hr\/wp-json\/wp\/v2\/product_cat?post=5531612"},{"taxonomy":"product_tag","embeddable":true,"href":"https:\/\/stoic-curie.212-227-153-4.plesk.page\/hr\/wp-json\/wp\/v2\/product_tag?post=5531612"}],"curies":[{"name":"wp","href":"https:\/\/api.w.org\/{rel}","templated":true}]}}