{"id":5531616,"date":"2026-01-29T22:13:03","date_gmt":"2026-01-29T21:13:03","guid":{"rendered":"https:\/\/stoic-curie.212-227-153-4.plesk.page\/product\/laki-marker-za-lanac-za-10-lanaca-o-mm-plavi-pakiranje-od-8\/"},"modified":"2026-02-25T00:01:26","modified_gmt":"2026-02-25T00:01:26","slug":"laki-marker-za-lanac-za-10-lanaca-o-mm-plavi-pakiranje-od-8","status":"publish","type":"product","link":"https:\/\/stoic-curie.212-227-153-4.plesk.page\/hr\/product\/laki-marker-za-lanac-za-10-lanaca-o-mm-plavi-pakiranje-od-8\/","title":{"rendered":"Laki marker za lanac za 10 lanaca \u00d8 mm &#8211; Plavi &#8211; Pakiranje od 8"},"content":{"rendered":"<p>Laki marker za lanac za 10 lanaca \u00d8 mm &#8211; Plavi &#8211; Pakiranje od 8 &#8211; <\/p>\n<p>Obojeni plasti\u010dni marker za lanac dizajniran za umetanje u karike lanca kako bi jasnije ozna\u010dio du\u017einu.<\/p>\n","protected":false},"excerpt":{"rendered":"<p>Laki marker za lanac za 10 lanaca \u00d8 mm &#8211; Plavi &#8211; Pakiranje od 8 &#8211; Obojeni plasti\u010dni marker za<\/p>\n","protected":false},"featured_media":5949249,"comment_status":"open","ping_status":"closed","template":"","meta":[],"product_brand":[3086],"product_cat":[1620,1619],"product_tag":[],"class_list":{"0":"post-5531616","1":"product","2":"type-product","3":"status-publish","4":"has-post-thumbnail","6":"product_brand-maggigroup-hr","7":"product_cat-kalibrirani-lanac-od-nehrdajuceg-celika","8":"product_cat-kalibrirani-lanac-pocincan","10":"first","11":"instock","12":"shipping-taxable","13":"purchasable","14":"product-type-simple"},"_links":{"self":[{"href":"https:\/\/stoic-curie.212-227-153-4.plesk.page\/hr\/wp-json\/wp\/v2\/product\/5531616","targetHints":{"allow":["GET"]}}],"collection":[{"href":"https:\/\/stoic-curie.212-227-153-4.plesk.page\/hr\/wp-json\/wp\/v2\/product"}],"about":[{"href":"https:\/\/stoic-curie.212-227-153-4.plesk.page\/hr\/wp-json\/wp\/v2\/types\/product"}],"replies":[{"embeddable":true,"href":"https:\/\/stoic-curie.212-227-153-4.plesk.page\/hr\/wp-json\/wp\/v2\/comments?post=5531616"}],"version-history":[{"count":0,"href":"https:\/\/stoic-curie.212-227-153-4.plesk.page\/hr\/wp-json\/wp\/v2\/product\/5531616\/revisions"}],"wp:featuredmedia":[{"embeddable":true,"href":"https:\/\/stoic-curie.212-227-153-4.plesk.page\/hr\/wp-json\/wp\/v2\/media\/5949249"}],"wp:attachment":[{"href":"https:\/\/stoic-curie.212-227-153-4.plesk.page\/hr\/wp-json\/wp\/v2\/media?parent=5531616"}],"wp:term":[{"taxonomy":"product_brand","embeddable":true,"href":"https:\/\/stoic-curie.212-227-153-4.plesk.page\/hr\/wp-json\/wp\/v2\/product_brand?post=5531616"},{"taxonomy":"product_cat","embeddable":true,"href":"https:\/\/stoic-curie.212-227-153-4.plesk.page\/hr\/wp-json\/wp\/v2\/product_cat?post=5531616"},{"taxonomy":"product_tag","embeddable":true,"href":"https:\/\/stoic-curie.212-227-153-4.plesk.page\/hr\/wp-json\/wp\/v2\/product_tag?post=5531616"}],"curies":[{"name":"wp","href":"https:\/\/api.w.org\/{rel}","templated":true}]}}