{"id":5531619,"date":"2026-01-29T22:13:06","date_gmt":"2026-01-29T21:13:06","guid":{"rendered":"https:\/\/stoic-curie.212-227-153-4.plesk.page\/product\/laki-marker-za-lanac-za-10-lanac-o-mm-ruzicasta-8-kom\/"},"modified":"2026-02-25T00:01:26","modified_gmt":"2026-02-25T00:01:26","slug":"laki-marker-za-lanac-za-10-lanac-o-mm-ruzicasta-8-kom","status":"publish","type":"product","link":"https:\/\/stoic-curie.212-227-153-4.plesk.page\/hr\/product\/laki-marker-za-lanac-za-10-lanac-o-mm-ruzicasta-8-kom\/","title":{"rendered":"Laki marker za lanac za 10 lanac \u00f8 mm &#8211; Ru\u017ei\u010dasta (8 kom)"},"content":{"rendered":"<p>Laki marker za lanac za 10 lanac \u00f8 mm &#8211; Ru\u017ei\u010dasta (8 kom) &#8211; <\/p>\n<p>Obojeni plasti\u010dni markeri za lanac dizajnirani za umetanje u karike lanaca radi to\u010dnog ozna\u010davanja duljine.<\/p>\n","protected":false},"excerpt":{"rendered":"<p>Laki marker za lanac za 10 lanac \u00f8 mm &#8211; Ru\u017ei\u010dasta (8 kom) &#8211; Obojeni plasti\u010dni markeri za lanac dizajnirani<\/p>\n","protected":false},"featured_media":5949249,"comment_status":"open","ping_status":"closed","template":"","meta":[],"product_brand":[3086],"product_cat":[1620,1619],"product_tag":[],"class_list":{"0":"post-5531619","1":"product","2":"type-product","3":"status-publish","4":"has-post-thumbnail","6":"product_brand-maggigroup-hr","7":"product_cat-kalibrirani-lanac-od-nehrdajuceg-celika","8":"product_cat-kalibrirani-lanac-pocincan","10":"first","11":"instock","12":"shipping-taxable","13":"purchasable","14":"product-type-simple"},"_links":{"self":[{"href":"https:\/\/stoic-curie.212-227-153-4.plesk.page\/hr\/wp-json\/wp\/v2\/product\/5531619","targetHints":{"allow":["GET"]}}],"collection":[{"href":"https:\/\/stoic-curie.212-227-153-4.plesk.page\/hr\/wp-json\/wp\/v2\/product"}],"about":[{"href":"https:\/\/stoic-curie.212-227-153-4.plesk.page\/hr\/wp-json\/wp\/v2\/types\/product"}],"replies":[{"embeddable":true,"href":"https:\/\/stoic-curie.212-227-153-4.plesk.page\/hr\/wp-json\/wp\/v2\/comments?post=5531619"}],"version-history":[{"count":0,"href":"https:\/\/stoic-curie.212-227-153-4.plesk.page\/hr\/wp-json\/wp\/v2\/product\/5531619\/revisions"}],"wp:featuredmedia":[{"embeddable":true,"href":"https:\/\/stoic-curie.212-227-153-4.plesk.page\/hr\/wp-json\/wp\/v2\/media\/5949249"}],"wp:attachment":[{"href":"https:\/\/stoic-curie.212-227-153-4.plesk.page\/hr\/wp-json\/wp\/v2\/media?parent=5531619"}],"wp:term":[{"taxonomy":"product_brand","embeddable":true,"href":"https:\/\/stoic-curie.212-227-153-4.plesk.page\/hr\/wp-json\/wp\/v2\/product_brand?post=5531619"},{"taxonomy":"product_cat","embeddable":true,"href":"https:\/\/stoic-curie.212-227-153-4.plesk.page\/hr\/wp-json\/wp\/v2\/product_cat?post=5531619"},{"taxonomy":"product_tag","embeddable":true,"href":"https:\/\/stoic-curie.212-227-153-4.plesk.page\/hr\/wp-json\/wp\/v2\/product_tag?post=5531619"}],"curies":[{"name":"wp","href":"https:\/\/api.w.org\/{rel}","templated":true}]}}