{"id":5531626,"date":"2026-01-29T22:13:12","date_gmt":"2026-01-29T21:13:12","guid":{"rendered":"https:\/\/stoic-curie.212-227-153-4.plesk.page\/product\/galvanizirani-cleat-254-mm\/"},"modified":"2026-02-25T00:01:26","modified_gmt":"2026-02-25T00:01:26","slug":"galvanizirani-cleat-254-mm","status":"publish","type":"product","link":"https:\/\/stoic-curie.212-227-153-4.plesk.page\/hr\/product\/galvanizirani-cleat-254-mm\/","title":{"rendered":"Galvanizirani cleat 254 mm"},"content":{"rendered":"<p>Galvanizirani cleat 254 mm &#8211; Ova izdr\u017eljiva i vremenskim uvjetima otporna galvanizirana \u010deli\u010dna tanka dizajnirana je za sigurno vezivanje brodova. Njena robusna konstrukcija osigurava dugotrajnu u\u010dinkovitost u morskim okru\u017eenjima.<\/p>\n","protected":false},"excerpt":{"rendered":"<p>Galvanizirani cleat 254 mm &#8211; Ova izdr\u017eljiva i vremenskim uvjetima otporna galvanizirana \u010deli\u010dna tanka dizajnirana je za sigurno vezivanje brodova.<\/p>\n","protected":false},"featured_media":5949252,"comment_status":"open","ping_status":"closed","template":"","meta":[],"product_brand":[3086],"product_cat":[1704],"product_tag":[],"class_list":{"0":"post-5531626","1":"product","2":"type-product","3":"status-publish","4":"has-post-thumbnail","6":"product_brand-maggigroup-hr","7":"product_cat-palubne-kljune","9":"first","10":"instock","11":"shipping-taxable","12":"purchasable","13":"product-type-simple"},"_links":{"self":[{"href":"https:\/\/stoic-curie.212-227-153-4.plesk.page\/hr\/wp-json\/wp\/v2\/product\/5531626","targetHints":{"allow":["GET"]}}],"collection":[{"href":"https:\/\/stoic-curie.212-227-153-4.plesk.page\/hr\/wp-json\/wp\/v2\/product"}],"about":[{"href":"https:\/\/stoic-curie.212-227-153-4.plesk.page\/hr\/wp-json\/wp\/v2\/types\/product"}],"replies":[{"embeddable":true,"href":"https:\/\/stoic-curie.212-227-153-4.plesk.page\/hr\/wp-json\/wp\/v2\/comments?post=5531626"}],"version-history":[{"count":0,"href":"https:\/\/stoic-curie.212-227-153-4.plesk.page\/hr\/wp-json\/wp\/v2\/product\/5531626\/revisions"}],"wp:featuredmedia":[{"embeddable":true,"href":"https:\/\/stoic-curie.212-227-153-4.plesk.page\/hr\/wp-json\/wp\/v2\/media\/5949252"}],"wp:attachment":[{"href":"https:\/\/stoic-curie.212-227-153-4.plesk.page\/hr\/wp-json\/wp\/v2\/media?parent=5531626"}],"wp:term":[{"taxonomy":"product_brand","embeddable":true,"href":"https:\/\/stoic-curie.212-227-153-4.plesk.page\/hr\/wp-json\/wp\/v2\/product_brand?post=5531626"},{"taxonomy":"product_cat","embeddable":true,"href":"https:\/\/stoic-curie.212-227-153-4.plesk.page\/hr\/wp-json\/wp\/v2\/product_cat?post=5531626"},{"taxonomy":"product_tag","embeddable":true,"href":"https:\/\/stoic-curie.212-227-153-4.plesk.page\/hr\/wp-json\/wp\/v2\/product_tag?post=5531626"}],"curies":[{"name":"wp","href":"https:\/\/api.w.org\/{rel}","templated":true}]}}