{"id":5531627,"date":"2026-01-29T22:13:13","date_gmt":"2026-01-29T21:13:13","guid":{"rendered":"https:\/\/stoic-curie.212-227-153-4.plesk.page\/product\/cinkani-ucvrscivac-305mm\/"},"modified":"2026-02-25T00:01:26","modified_gmt":"2026-02-25T00:01:26","slug":"cinkani-ucvrscivac-305mm","status":"publish","type":"product","link":"https:\/\/stoic-curie.212-227-153-4.plesk.page\/hr\/product\/cinkani-ucvrscivac-305mm\/","title":{"rendered":"Cinkani u\u010dvr\u0161\u0107iva\u010d 305mm"},"content":{"rendered":"<p>Cinkani u\u010dvr\u0161\u0107iva\u010d 305mm &#8211; Ovaj izdr\u017eljivi galvanizirani \u010deli\u010dni klaun je dizajniran za sigurnu vezivanje \u010damaca i jahti. Njegova otporna na koroziju zavr\u0161na obrada osigurava dugovje\u010dnost i pouzdanost u svim vremenskim uvjetima.<\/p>\n","protected":false},"excerpt":{"rendered":"<p>Cinkani u\u010dvr\u0161\u0107iva\u010d 305mm &#8211; Ovaj izdr\u017eljivi galvanizirani \u010deli\u010dni klaun je dizajniran za sigurnu vezivanje \u010damaca i jahti. Njegova otporna na<\/p>\n","protected":false},"featured_media":5949252,"comment_status":"open","ping_status":"closed","template":"","meta":[],"product_brand":[3086],"product_cat":[1704],"product_tag":[],"class_list":{"0":"post-5531627","1":"product","2":"type-product","3":"status-publish","4":"has-post-thumbnail","6":"product_brand-maggigroup-hr","7":"product_cat-palubne-kljune","9":"first","10":"instock","11":"shipping-taxable","12":"purchasable","13":"product-type-simple"},"_links":{"self":[{"href":"https:\/\/stoic-curie.212-227-153-4.plesk.page\/hr\/wp-json\/wp\/v2\/product\/5531627","targetHints":{"allow":["GET"]}}],"collection":[{"href":"https:\/\/stoic-curie.212-227-153-4.plesk.page\/hr\/wp-json\/wp\/v2\/product"}],"about":[{"href":"https:\/\/stoic-curie.212-227-153-4.plesk.page\/hr\/wp-json\/wp\/v2\/types\/product"}],"replies":[{"embeddable":true,"href":"https:\/\/stoic-curie.212-227-153-4.plesk.page\/hr\/wp-json\/wp\/v2\/comments?post=5531627"}],"version-history":[{"count":0,"href":"https:\/\/stoic-curie.212-227-153-4.plesk.page\/hr\/wp-json\/wp\/v2\/product\/5531627\/revisions"}],"wp:featuredmedia":[{"embeddable":true,"href":"https:\/\/stoic-curie.212-227-153-4.plesk.page\/hr\/wp-json\/wp\/v2\/media\/5949252"}],"wp:attachment":[{"href":"https:\/\/stoic-curie.212-227-153-4.plesk.page\/hr\/wp-json\/wp\/v2\/media?parent=5531627"}],"wp:term":[{"taxonomy":"product_brand","embeddable":true,"href":"https:\/\/stoic-curie.212-227-153-4.plesk.page\/hr\/wp-json\/wp\/v2\/product_brand?post=5531627"},{"taxonomy":"product_cat","embeddable":true,"href":"https:\/\/stoic-curie.212-227-153-4.plesk.page\/hr\/wp-json\/wp\/v2\/product_cat?post=5531627"},{"taxonomy":"product_tag","embeddable":true,"href":"https:\/\/stoic-curie.212-227-153-4.plesk.page\/hr\/wp-json\/wp\/v2\/product_tag?post=5531627"}],"curies":[{"name":"wp","href":"https:\/\/api.w.org\/{rel}","templated":true}]}}