{"id":5531644,"date":"2026-01-29T22:13:28","date_gmt":"2026-01-29T21:13:28","guid":{"rendered":"https:\/\/stoic-curie.212-227-153-4.plesk.page\/product\/nebeski-kuhalo-parker-s-2-plamenika-pecnica\/"},"modified":"2026-02-25T00:01:28","modified_gmt":"2026-02-25T00:01:28","slug":"nebeski-kuhalo-parker-s-2-plamenika-pecnica","status":"publish","type":"product","link":"https:\/\/stoic-curie.212-227-153-4.plesk.page\/hr\/product\/nebeski-kuhalo-parker-s-2-plamenika-pecnica\/","title":{"rendered":"Nebeski kuhalo Parker s 2 plamenika + pe\u0107nica"},"content":{"rendered":"<p>Nebeski kuhalo Parker s 2 plamenika + pe\u0107nica &#8211; Iskusite u\u010dinkovitost i preciznost u kuhanju s Parkerovim plinskim kuhalima, koja imaju ugra\u0111enu pe\u0107nicu za svestranu pripremu obroka.<\/p>\n","protected":false},"excerpt":{"rendered":"<p>Nebeski kuhalo Parker s 2 plamenika + pe\u0107nica &#8211; Iskusite u\u010dinkovitost i preciznost u kuhanju s Parkerovim plinskim kuhalima, koja<\/p>\n","protected":false},"featured_media":5949270,"comment_status":"open","ping_status":"closed","template":"","meta":[],"product_brand":[3206],"product_cat":[1641],"product_tag":[],"class_list":{"0":"post-5531644","1":"product","2":"type-product","3":"status-publish","4":"has-post-thumbnail","6":"product_brand-nova-argonautica-hr","7":"product_cat-brodski-stednjaci","9":"first","10":"instock","11":"shipping-taxable","12":"purchasable","13":"product-type-simple"},"_links":{"self":[{"href":"https:\/\/stoic-curie.212-227-153-4.plesk.page\/hr\/wp-json\/wp\/v2\/product\/5531644","targetHints":{"allow":["GET"]}}],"collection":[{"href":"https:\/\/stoic-curie.212-227-153-4.plesk.page\/hr\/wp-json\/wp\/v2\/product"}],"about":[{"href":"https:\/\/stoic-curie.212-227-153-4.plesk.page\/hr\/wp-json\/wp\/v2\/types\/product"}],"replies":[{"embeddable":true,"href":"https:\/\/stoic-curie.212-227-153-4.plesk.page\/hr\/wp-json\/wp\/v2\/comments?post=5531644"}],"version-history":[{"count":0,"href":"https:\/\/stoic-curie.212-227-153-4.plesk.page\/hr\/wp-json\/wp\/v2\/product\/5531644\/revisions"}],"wp:featuredmedia":[{"embeddable":true,"href":"https:\/\/stoic-curie.212-227-153-4.plesk.page\/hr\/wp-json\/wp\/v2\/media\/5949270"}],"wp:attachment":[{"href":"https:\/\/stoic-curie.212-227-153-4.plesk.page\/hr\/wp-json\/wp\/v2\/media?parent=5531644"}],"wp:term":[{"taxonomy":"product_brand","embeddable":true,"href":"https:\/\/stoic-curie.212-227-153-4.plesk.page\/hr\/wp-json\/wp\/v2\/product_brand?post=5531644"},{"taxonomy":"product_cat","embeddable":true,"href":"https:\/\/stoic-curie.212-227-153-4.plesk.page\/hr\/wp-json\/wp\/v2\/product_cat?post=5531644"},{"taxonomy":"product_tag","embeddable":true,"href":"https:\/\/stoic-curie.212-227-153-4.plesk.page\/hr\/wp-json\/wp\/v2\/product_tag?post=5531644"}],"curies":[{"name":"wp","href":"https:\/\/api.w.org\/{rel}","templated":true}]}}