{"id":5531645,"date":"2026-01-29T22:13:29","date_gmt":"2026-01-29T21:13:29","guid":{"rendered":"https:\/\/stoic-curie.212-227-153-4.plesk.page\/product\/nehrdajuci-plinski-stednjak-parker-sa-2-plamenika-pecnica-rostilj\/"},"modified":"2026-02-25T00:01:28","modified_gmt":"2026-02-25T00:01:28","slug":"nehrdajuci-plinski-stednjak-parker-sa-2-plamenika-pecnica-rostilj","status":"publish","type":"product","link":"https:\/\/stoic-curie.212-227-153-4.plesk.page\/hr\/product\/nehrdajuci-plinski-stednjak-parker-sa-2-plamenika-pecnica-rostilj\/","title":{"rendered":"Nehr\u0111aju\u0107i plinski \u0161tednjak Parker sa 2 plamenika + pe\u0107nica + ro\u0161tilj"},"content":{"rendered":"<p>Nehr\u0111aju\u0107i plinski \u0161tednjak Parker sa 2 plamenika + pe\u0107nica + ro\u0161tilj &#8211; Iskusite vrhunsku pogodnost kuhanja s Parker plinskim pe\u0107ima koje imaju ugra\u0111enu pe\u0107nicu, dizajnirane za u\u010dinkovitost i stil.<\/p>\n","protected":false},"excerpt":{"rendered":"<p>Nehr\u0111aju\u0107i plinski \u0161tednjak Parker sa 2 plamenika + pe\u0107nica + ro\u0161tilj &#8211; Iskusite vrhunsku pogodnost kuhanja s Parker plinskim pe\u0107ima<\/p>\n","protected":false},"featured_media":5949274,"comment_status":"open","ping_status":"closed","template":"","meta":[],"product_brand":[3206],"product_cat":[1641],"product_tag":[],"class_list":{"0":"post-5531645","1":"product","2":"type-product","3":"status-publish","4":"has-post-thumbnail","6":"product_brand-nova-argonautica-hr","7":"product_cat-brodski-stednjaci","9":"first","10":"instock","11":"shipping-taxable","12":"purchasable","13":"product-type-simple"},"_links":{"self":[{"href":"https:\/\/stoic-curie.212-227-153-4.plesk.page\/hr\/wp-json\/wp\/v2\/product\/5531645","targetHints":{"allow":["GET"]}}],"collection":[{"href":"https:\/\/stoic-curie.212-227-153-4.plesk.page\/hr\/wp-json\/wp\/v2\/product"}],"about":[{"href":"https:\/\/stoic-curie.212-227-153-4.plesk.page\/hr\/wp-json\/wp\/v2\/types\/product"}],"replies":[{"embeddable":true,"href":"https:\/\/stoic-curie.212-227-153-4.plesk.page\/hr\/wp-json\/wp\/v2\/comments?post=5531645"}],"version-history":[{"count":0,"href":"https:\/\/stoic-curie.212-227-153-4.plesk.page\/hr\/wp-json\/wp\/v2\/product\/5531645\/revisions"}],"wp:featuredmedia":[{"embeddable":true,"href":"https:\/\/stoic-curie.212-227-153-4.plesk.page\/hr\/wp-json\/wp\/v2\/media\/5949274"}],"wp:attachment":[{"href":"https:\/\/stoic-curie.212-227-153-4.plesk.page\/hr\/wp-json\/wp\/v2\/media?parent=5531645"}],"wp:term":[{"taxonomy":"product_brand","embeddable":true,"href":"https:\/\/stoic-curie.212-227-153-4.plesk.page\/hr\/wp-json\/wp\/v2\/product_brand?post=5531645"},{"taxonomy":"product_cat","embeddable":true,"href":"https:\/\/stoic-curie.212-227-153-4.plesk.page\/hr\/wp-json\/wp\/v2\/product_cat?post=5531645"},{"taxonomy":"product_tag","embeddable":true,"href":"https:\/\/stoic-curie.212-227-153-4.plesk.page\/hr\/wp-json\/wp\/v2\/product_tag?post=5531645"}],"curies":[{"name":"wp","href":"https:\/\/api.w.org\/{rel}","templated":true}]}}