{"id":5531646,"date":"2026-01-29T22:13:30","date_gmt":"2026-01-29T21:13:30","guid":{"rendered":"https:\/\/stoic-curie.212-227-153-4.plesk.page\/product\/pistaljka-za-pruzanje-pomoci\/"},"modified":"2026-02-25T00:01:35","modified_gmt":"2026-02-25T00:01:35","slug":"pistaljka-za-pruzanje-pomoci","status":"publish","type":"product","link":"https:\/\/stoic-curie.212-227-153-4.plesk.page\/hr\/product\/pistaljka-za-pruzanje-pomoci\/","title":{"rendered":"Pi\u0161taljka za Pru\u017eanje Pomo\u0107i"},"content":{"rendered":"<p>Pi\u0161taljka za Pru\u017eanje Pomo\u0107i &#8211; <\/p>\n<p>CE odobrena ravna signalna pi\u0161taljka za prsluke za spa\u0161avanje.<\/p>\n","protected":false},"excerpt":{"rendered":"<p>Pi\u0161taljka za Pru\u017eanje Pomo\u0107i &#8211; CE odobrena ravna signalna pi\u0161taljka za prsluke za spa\u0161avanje.<\/p>\n","protected":false},"featured_media":5949309,"comment_status":"open","ping_status":"closed","template":"","meta":[],"product_brand":[3516],"product_cat":[1601,1605],"product_tag":[],"class_list":{"0":"post-5531646","1":"product","2":"type-product","3":"status-publish","4":"has-post-thumbnail","6":"product_brand-veleria-san-giorgio-hr","7":"product_cat-odobreni-prsluci-za-spasavanje","8":"product_cat-oprema-za-sigurnost-plovila","10":"first","11":"instock","12":"shipping-taxable","13":"purchasable","14":"product-type-simple"},"_links":{"self":[{"href":"https:\/\/stoic-curie.212-227-153-4.plesk.page\/hr\/wp-json\/wp\/v2\/product\/5531646","targetHints":{"allow":["GET"]}}],"collection":[{"href":"https:\/\/stoic-curie.212-227-153-4.plesk.page\/hr\/wp-json\/wp\/v2\/product"}],"about":[{"href":"https:\/\/stoic-curie.212-227-153-4.plesk.page\/hr\/wp-json\/wp\/v2\/types\/product"}],"replies":[{"embeddable":true,"href":"https:\/\/stoic-curie.212-227-153-4.plesk.page\/hr\/wp-json\/wp\/v2\/comments?post=5531646"}],"version-history":[{"count":0,"href":"https:\/\/stoic-curie.212-227-153-4.plesk.page\/hr\/wp-json\/wp\/v2\/product\/5531646\/revisions"}],"wp:featuredmedia":[{"embeddable":true,"href":"https:\/\/stoic-curie.212-227-153-4.plesk.page\/hr\/wp-json\/wp\/v2\/media\/5949309"}],"wp:attachment":[{"href":"https:\/\/stoic-curie.212-227-153-4.plesk.page\/hr\/wp-json\/wp\/v2\/media?parent=5531646"}],"wp:term":[{"taxonomy":"product_brand","embeddable":true,"href":"https:\/\/stoic-curie.212-227-153-4.plesk.page\/hr\/wp-json\/wp\/v2\/product_brand?post=5531646"},{"taxonomy":"product_cat","embeddable":true,"href":"https:\/\/stoic-curie.212-227-153-4.plesk.page\/hr\/wp-json\/wp\/v2\/product_cat?post=5531646"},{"taxonomy":"product_tag","embeddable":true,"href":"https:\/\/stoic-curie.212-227-153-4.plesk.page\/hr\/wp-json\/wp\/v2\/product_tag?post=5531646"}],"curies":[{"name":"wp","href":"https:\/\/api.w.org\/{rel}","templated":true}]}}