{"id":5531647,"date":"2026-01-29T22:13:31","date_gmt":"2026-01-29T21:13:31","guid":{"rendered":"https:\/\/stoic-curie.212-227-153-4.plesk.page\/product\/stezaljka-za-cijev-promjera-22-mm-za-svjetiljku\/"},"modified":"2026-02-25T00:01:35","modified_gmt":"2026-02-25T00:01:35","slug":"stezaljka-za-cijev-promjera-22-mm-za-svjetiljku","status":"publish","type":"product","link":"https:\/\/stoic-curie.212-227-153-4.plesk.page\/hr\/product\/stezaljka-za-cijev-promjera-22-mm-za-svjetiljku\/","title":{"rendered":"Stezaljka za cijev promjera 22 mm za svjetiljku"},"content":{"rendered":"<p>Stezaljka za cijev promjera 22 mm za svjetiljku &#8211; <\/p>\n<p>Podesiva, vodootporna halogena reflektorska svjetlost s ru\u010dkom i gumbima. \u010celi\u010dni predlo\u017eak s kromiranom mesing bazom s uklonjivom iglom. Izvor napajanja s 1,5 m produ\u017enim kabelom, u kompletu s utika\u010dem i 12V uti\u010dnicom. Poluga za aktivaciju punog svjetla ili koncentrisane svjetlosti. Opcionalna stega za povezivanje s 22 mm cijevi. Ku\u0107i\u0161te \u017earulje ima promjer od 150 mm i ukupnu visinu od 240 mm na bazi.<\/p>\n","protected":false},"excerpt":{"rendered":"<p>Stezaljka za cijev promjera 22 mm za svjetiljku &#8211; Podesiva, vodootporna halogena reflektorska svjetlost s ru\u010dkom i gumbima. \u010celi\u010dni predlo\u017eak<\/p>\n","protected":false},"featured_media":5947864,"comment_status":"open","ping_status":"closed","template":"","meta":[],"product_brand":[3236],"product_cat":[1734],"product_tag":[],"class_list":{"0":"post-5531647","1":"product","2":"type-product","3":"status-publish","4":"has-post-thumbnail","6":"product_brand-osculati-hr","7":"product_cat-brodski-reflektori","9":"first","10":"instock","11":"shipping-taxable","12":"purchasable","13":"product-type-simple"},"_links":{"self":[{"href":"https:\/\/stoic-curie.212-227-153-4.plesk.page\/hr\/wp-json\/wp\/v2\/product\/5531647","targetHints":{"allow":["GET"]}}],"collection":[{"href":"https:\/\/stoic-curie.212-227-153-4.plesk.page\/hr\/wp-json\/wp\/v2\/product"}],"about":[{"href":"https:\/\/stoic-curie.212-227-153-4.plesk.page\/hr\/wp-json\/wp\/v2\/types\/product"}],"replies":[{"embeddable":true,"href":"https:\/\/stoic-curie.212-227-153-4.plesk.page\/hr\/wp-json\/wp\/v2\/comments?post=5531647"}],"version-history":[{"count":0,"href":"https:\/\/stoic-curie.212-227-153-4.plesk.page\/hr\/wp-json\/wp\/v2\/product\/5531647\/revisions"}],"wp:featuredmedia":[{"embeddable":true,"href":"https:\/\/stoic-curie.212-227-153-4.plesk.page\/hr\/wp-json\/wp\/v2\/media\/5947864"}],"wp:attachment":[{"href":"https:\/\/stoic-curie.212-227-153-4.plesk.page\/hr\/wp-json\/wp\/v2\/media?parent=5531647"}],"wp:term":[{"taxonomy":"product_brand","embeddable":true,"href":"https:\/\/stoic-curie.212-227-153-4.plesk.page\/hr\/wp-json\/wp\/v2\/product_brand?post=5531647"},{"taxonomy":"product_cat","embeddable":true,"href":"https:\/\/stoic-curie.212-227-153-4.plesk.page\/hr\/wp-json\/wp\/v2\/product_cat?post=5531647"},{"taxonomy":"product_tag","embeddable":true,"href":"https:\/\/stoic-curie.212-227-153-4.plesk.page\/hr\/wp-json\/wp\/v2\/product_tag?post=5531647"}],"curies":[{"name":"wp","href":"https:\/\/api.w.org\/{rel}","templated":true}]}}