{"id":5531650,"date":"2026-01-29T22:13:34","date_gmt":"2026-01-29T21:13:34","guid":{"rendered":"https:\/\/stoic-curie.212-227-153-4.plesk.page\/product\/garmin-echomap-uhd2-52cv-2\/"},"modified":"2026-02-25T00:01:35","modified_gmt":"2026-02-25T00:01:35","slug":"garmin-echomap-uhd2-52cv-2","status":"publish","type":"product","link":"https:\/\/stoic-curie.212-227-153-4.plesk.page\/hr\/product\/garmin-echomap-uhd2-52cv-2\/","title":{"rendered":"Garmin echoMAP UHD2 52CV"},"content":{"rendered":"<p>Garmin echoMAP UHD2 52CV &#8211; <\/p>\n<p>Garmin echoMAP UHD2 52CV je svestran ure\u0111aj za navigaciju i lov na ribu s 5&#8243; zaslonom osjetljivim na dodir i rezolucijom od 800&#215;480 piksela. Dolazi s integriranim tipkovnicom i internim GPS prijemnikom. Opremljen s mo\u0107nim 500W CHIRP, ClearVu i UHD modulom, pru\u017ea izvanredne performanse. Ova jedinica je kompatibilna sa svim Garmin BlueChart i Garmin Navionics+ kartografijama te nudi integriranu be\u017ei\u010dnu povezanost uz NMEA0183\/2000 i Fusion-Link podr\u0161ku. Ure\u0111aj se besprijekorno integrira sa svim sustavima na brodu i uklju\u010duje sve bitne Garmin funkcije kao \u0161to su Auto Guidance, Active Captain, Sail Assist i Quickdraw Contours. Dolazi u kompletu s podesivim dr\u017ea\u010dem i kablom za napajanje\/podatke. Tako\u0111er je kompatibilan sa svim tradicionalnim, All-in-One i UHD transducerima, koriste\u0107i 4-pinski spoj. Za 8-pinske transducere adapter kabel se mora kupiti zasebno.<br \/>TD = Transducer<\/p>\n","protected":false},"excerpt":{"rendered":"<p>Garmin echoMAP UHD2 52CV &#8211; Garmin echoMAP UHD2 52CV je svestran ure\u0111aj za navigaciju i lov na ribu s 5&#8243;<\/p>\n","protected":false},"featured_media":5949325,"comment_status":"open","ping_status":"closed","template":"","meta":[],"product_brand":[2971],"product_cat":[1744],"product_tag":[],"class_list":{"0":"post-5531650","1":"product","2":"type-product","3":"status-publish","4":"has-post-thumbnail","6":"product_brand-garmin-hr","7":"product_cat-brodska-elektronika","9":"first","10":"instock","11":"shipping-taxable","12":"purchasable","13":"product-type-simple"},"_links":{"self":[{"href":"https:\/\/stoic-curie.212-227-153-4.plesk.page\/hr\/wp-json\/wp\/v2\/product\/5531650","targetHints":{"allow":["GET"]}}],"collection":[{"href":"https:\/\/stoic-curie.212-227-153-4.plesk.page\/hr\/wp-json\/wp\/v2\/product"}],"about":[{"href":"https:\/\/stoic-curie.212-227-153-4.plesk.page\/hr\/wp-json\/wp\/v2\/types\/product"}],"replies":[{"embeddable":true,"href":"https:\/\/stoic-curie.212-227-153-4.plesk.page\/hr\/wp-json\/wp\/v2\/comments?post=5531650"}],"version-history":[{"count":0,"href":"https:\/\/stoic-curie.212-227-153-4.plesk.page\/hr\/wp-json\/wp\/v2\/product\/5531650\/revisions"}],"wp:featuredmedia":[{"embeddable":true,"href":"https:\/\/stoic-curie.212-227-153-4.plesk.page\/hr\/wp-json\/wp\/v2\/media\/5949325"}],"wp:attachment":[{"href":"https:\/\/stoic-curie.212-227-153-4.plesk.page\/hr\/wp-json\/wp\/v2\/media?parent=5531650"}],"wp:term":[{"taxonomy":"product_brand","embeddable":true,"href":"https:\/\/stoic-curie.212-227-153-4.plesk.page\/hr\/wp-json\/wp\/v2\/product_brand?post=5531650"},{"taxonomy":"product_cat","embeddable":true,"href":"https:\/\/stoic-curie.212-227-153-4.plesk.page\/hr\/wp-json\/wp\/v2\/product_cat?post=5531650"},{"taxonomy":"product_tag","embeddable":true,"href":"https:\/\/stoic-curie.212-227-153-4.plesk.page\/hr\/wp-json\/wp\/v2\/product_tag?post=5531650"}],"curies":[{"name":"wp","href":"https:\/\/api.w.org\/{rel}","templated":true}]}}