{"id":5531652,"date":"2026-01-29T22:13:37","date_gmt":"2026-01-29T21:13:37","guid":{"rendered":"https:\/\/stoic-curie.212-227-153-4.plesk.page\/product\/boss-marine-pojacala-original-mpd380-4\/"},"modified":"2026-02-25T00:01:41","modified_gmt":"2026-02-25T00:01:41","slug":"boss-marine-pojacala-original-mpd380-4","status":"publish","type":"product","link":"https:\/\/stoic-curie.212-227-153-4.plesk.page\/hr\/product\/boss-marine-pojacala-original-mpd380-4\/","title":{"rendered":"Boss Marine Poja\u010dala Original MPD380-4"},"content":{"rendered":"<p>Boss Marine Poja\u010dala Original MPD380-4 &#8211; <\/p>\n<p>Boss marine-grade Class D poja\u010dala imaju linearno kolo dizajnirano za smanjenje izobli\u010denja, dok pove\u0107ava snagu i kvalitetu zvuka. Svako poja\u010dalo dolazi s plo\u010dom za neovisnu kontrolu izlaza zvu\u010dnika i mogu\u0107no\u0161\u0107u za povezivanje u most.<\/p>\n","protected":false},"excerpt":{"rendered":"<p>Boss Marine Poja\u010dala Original MPD380-4 &#8211; Boss marine-grade Class D poja\u010dala imaju linearno kolo dizajnirano za smanjenje izobli\u010denja, dok pove\u0107ava<\/p>\n","protected":false},"featured_media":5949350,"comment_status":"open","ping_status":"closed","template":"","meta":[],"product_brand":[2841],"product_cat":[1733],"product_tag":[],"class_list":{"0":"post-5531652","1":"product","2":"type-product","3":"status-publish","4":"has-post-thumbnail","6":"product_brand-boss-marine-hr","7":"product_cat-stereo-i-zvucnici","9":"first","10":"outofstock","11":"shipping-taxable","12":"purchasable","13":"product-type-simple"},"_links":{"self":[{"href":"https:\/\/stoic-curie.212-227-153-4.plesk.page\/hr\/wp-json\/wp\/v2\/product\/5531652","targetHints":{"allow":["GET"]}}],"collection":[{"href":"https:\/\/stoic-curie.212-227-153-4.plesk.page\/hr\/wp-json\/wp\/v2\/product"}],"about":[{"href":"https:\/\/stoic-curie.212-227-153-4.plesk.page\/hr\/wp-json\/wp\/v2\/types\/product"}],"replies":[{"embeddable":true,"href":"https:\/\/stoic-curie.212-227-153-4.plesk.page\/hr\/wp-json\/wp\/v2\/comments?post=5531652"}],"version-history":[{"count":0,"href":"https:\/\/stoic-curie.212-227-153-4.plesk.page\/hr\/wp-json\/wp\/v2\/product\/5531652\/revisions"}],"wp:featuredmedia":[{"embeddable":true,"href":"https:\/\/stoic-curie.212-227-153-4.plesk.page\/hr\/wp-json\/wp\/v2\/media\/5949350"}],"wp:attachment":[{"href":"https:\/\/stoic-curie.212-227-153-4.plesk.page\/hr\/wp-json\/wp\/v2\/media?parent=5531652"}],"wp:term":[{"taxonomy":"product_brand","embeddable":true,"href":"https:\/\/stoic-curie.212-227-153-4.plesk.page\/hr\/wp-json\/wp\/v2\/product_brand?post=5531652"},{"taxonomy":"product_cat","embeddable":true,"href":"https:\/\/stoic-curie.212-227-153-4.plesk.page\/hr\/wp-json\/wp\/v2\/product_cat?post=5531652"},{"taxonomy":"product_tag","embeddable":true,"href":"https:\/\/stoic-curie.212-227-153-4.plesk.page\/hr\/wp-json\/wp\/v2\/product_tag?post=5531652"}],"curies":[{"name":"wp","href":"https:\/\/api.w.org\/{rel}","templated":true}]}}