{"id":5531656,"date":"2026-01-29T22:13:40","date_gmt":"2026-01-29T21:13:40","guid":{"rendered":"https:\/\/stoic-curie.212-227-153-4.plesk.page\/product\/jobe-sup-daske-aero-lite-varna-11-0-paket\/"},"modified":"2026-02-25T00:01:41","modified_gmt":"2026-02-25T00:01:41","slug":"jobe-sup-daske-aero-lite-varna-11-0-paket","status":"publish","type":"product","link":"https:\/\/stoic-curie.212-227-153-4.plesk.page\/hr\/product\/jobe-sup-daske-aero-lite-varna-11-0-paket\/","title":{"rendered":"Jobe SUP daske Aero Lite Varna 11.0 Paket"},"content":{"rendered":"<p>Jobe SUP daske Aero Lite Varna 11.0 Paket &#8211; <\/p>\n<p>Iskusite vrhunske performanse niske te\u017eine s Jobe napuhivom SUP daske. Izra\u0111ena kori\u0161tenjem Heat Bonded tehnologije i izdr\u017eljivog tkanog najlona u kombinaciji s PVC-om, ova daska ima oja\u010dane rubove za pove\u0107anu izdr\u017eljivost. Opremljena je fleksibilnom stabilizacijskom finom, EVA protukliznom povr\u0161inom, D-priklju\u010dcima na vrhu i repu, i Halkey ventilom za inflaciju. Ovaj kompletan paket uklju\u010duje pumpu s dvostrukom akcijom, sigurnosni remen od 3 metra, podesivu aluminijsku 3-dijelnu veslo i vodootpornu ruksak. U\u017eivajte u miru uma s 3-godi\u0161njim jamstvom nakon registracije na Jobe web stranici.<\/p>\n","protected":false},"excerpt":{"rendered":"<p>Jobe SUP daske Aero Lite Varna 11.0 Paket &#8211; Iskusite vrhunske performanse niske te\u017eine s Jobe napuhivom SUP daske. Izra\u0111ena<\/p>\n","protected":false},"featured_media":5949376,"comment_status":"open","ping_status":"closed","template":"","meta":[],"product_brand":[3041],"product_cat":[1845],"product_tag":[],"class_list":{"0":"post-5531656","1":"product","2":"type-product","3":"status-publish","4":"has-post-thumbnail","6":"product_brand-jobe-sports-hr","7":"product_cat-sup-daske","9":"first","10":"instock","11":"shipping-taxable","12":"purchasable","13":"product-type-simple"},"_links":{"self":[{"href":"https:\/\/stoic-curie.212-227-153-4.plesk.page\/hr\/wp-json\/wp\/v2\/product\/5531656","targetHints":{"allow":["GET"]}}],"collection":[{"href":"https:\/\/stoic-curie.212-227-153-4.plesk.page\/hr\/wp-json\/wp\/v2\/product"}],"about":[{"href":"https:\/\/stoic-curie.212-227-153-4.plesk.page\/hr\/wp-json\/wp\/v2\/types\/product"}],"replies":[{"embeddable":true,"href":"https:\/\/stoic-curie.212-227-153-4.plesk.page\/hr\/wp-json\/wp\/v2\/comments?post=5531656"}],"version-history":[{"count":0,"href":"https:\/\/stoic-curie.212-227-153-4.plesk.page\/hr\/wp-json\/wp\/v2\/product\/5531656\/revisions"}],"wp:featuredmedia":[{"embeddable":true,"href":"https:\/\/stoic-curie.212-227-153-4.plesk.page\/hr\/wp-json\/wp\/v2\/media\/5949376"}],"wp:attachment":[{"href":"https:\/\/stoic-curie.212-227-153-4.plesk.page\/hr\/wp-json\/wp\/v2\/media?parent=5531656"}],"wp:term":[{"taxonomy":"product_brand","embeddable":true,"href":"https:\/\/stoic-curie.212-227-153-4.plesk.page\/hr\/wp-json\/wp\/v2\/product_brand?post=5531656"},{"taxonomy":"product_cat","embeddable":true,"href":"https:\/\/stoic-curie.212-227-153-4.plesk.page\/hr\/wp-json\/wp\/v2\/product_cat?post=5531656"},{"taxonomy":"product_tag","embeddable":true,"href":"https:\/\/stoic-curie.212-227-153-4.plesk.page\/hr\/wp-json\/wp\/v2\/product_tag?post=5531656"}],"curies":[{"name":"wp","href":"https:\/\/api.w.org\/{rel}","templated":true}]}}