{"id":5531658,"date":"2026-01-29T22:13:42","date_gmt":"2026-01-29T21:13:42","guid":{"rendered":"https:\/\/stoic-curie.212-227-153-4.plesk.page\/product\/jobe-prijenosna-elektricna-pumpa-s-torbom\/"},"modified":"2026-02-25T00:01:41","modified_gmt":"2026-02-25T00:01:41","slug":"jobe-prijenosna-elektricna-pumpa-s-torbom","status":"publish","type":"product","link":"https:\/\/stoic-curie.212-227-153-4.plesk.page\/hr\/product\/jobe-prijenosna-elektricna-pumpa-s-torbom\/","title":{"rendered":"Jobe prijenosna elektri\u010dna pumpa s torbom"},"content":{"rendered":"<p>Jobe prijenosna elektri\u010dna pumpa s torbom &#8211; <\/p>\n<p>Jobe prijenosna elektri\u010dna pumpa dolazi s prakti\u010dnom torbom za no\u0161enje s udobnom ru\u010dkom. Efikasno napuhuje i ispuhuje, dose\u017ee do 20 psi i automatski se isklju\u010duje kada se postigne \u017eeljeni psi. Opremljena je Halkey Roberts mlaznicom koja odgovara svim Jobe SUP ventilima. Pumpa radi s upalja\u010dem za cigarete ili s odvojenom baterijom (uklju\u010deno). Te\u017eina: 4,2 kg. Dimenzije pumpe: 23 x 18 x H16 cm. Dimenzije baterije: 15,6 x 9,6 x H14,6 cm.<\/p>\n","protected":false},"excerpt":{"rendered":"<p>Jobe prijenosna elektri\u010dna pumpa s torbom &#8211; Jobe prijenosna elektri\u010dna pumpa dolazi s prakti\u010dnom torbom za no\u0161enje s udobnom ru\u010dkom.<\/p>\n","protected":false},"featured_media":5949382,"comment_status":"open","ping_status":"closed","template":"","meta":[],"product_brand":[3041],"product_cat":[1846,1845],"product_tag":[],"class_list":{"0":"post-5531658","1":"product","2":"type-product","3":"status-publish","4":"has-post-thumbnail","6":"product_brand-jobe-sports-hr","7":"product_cat-oprema-za-skijanje-na-vodi","8":"product_cat-sup-daske","10":"first","11":"instock","12":"shipping-taxable","13":"purchasable","14":"product-type-simple"},"_links":{"self":[{"href":"https:\/\/stoic-curie.212-227-153-4.plesk.page\/hr\/wp-json\/wp\/v2\/product\/5531658","targetHints":{"allow":["GET"]}}],"collection":[{"href":"https:\/\/stoic-curie.212-227-153-4.plesk.page\/hr\/wp-json\/wp\/v2\/product"}],"about":[{"href":"https:\/\/stoic-curie.212-227-153-4.plesk.page\/hr\/wp-json\/wp\/v2\/types\/product"}],"replies":[{"embeddable":true,"href":"https:\/\/stoic-curie.212-227-153-4.plesk.page\/hr\/wp-json\/wp\/v2\/comments?post=5531658"}],"version-history":[{"count":0,"href":"https:\/\/stoic-curie.212-227-153-4.plesk.page\/hr\/wp-json\/wp\/v2\/product\/5531658\/revisions"}],"wp:featuredmedia":[{"embeddable":true,"href":"https:\/\/stoic-curie.212-227-153-4.plesk.page\/hr\/wp-json\/wp\/v2\/media\/5949382"}],"wp:attachment":[{"href":"https:\/\/stoic-curie.212-227-153-4.plesk.page\/hr\/wp-json\/wp\/v2\/media?parent=5531658"}],"wp:term":[{"taxonomy":"product_brand","embeddable":true,"href":"https:\/\/stoic-curie.212-227-153-4.plesk.page\/hr\/wp-json\/wp\/v2\/product_brand?post=5531658"},{"taxonomy":"product_cat","embeddable":true,"href":"https:\/\/stoic-curie.212-227-153-4.plesk.page\/hr\/wp-json\/wp\/v2\/product_cat?post=5531658"},{"taxonomy":"product_tag","embeddable":true,"href":"https:\/\/stoic-curie.212-227-153-4.plesk.page\/hr\/wp-json\/wp\/v2\/product_tag?post=5531658"}],"curies":[{"name":"wp","href":"https:\/\/api.w.org\/{rel}","templated":true}]}}