{"id":5531659,"date":"2026-01-29T22:13:43","date_gmt":"2026-01-29T21:13:43","guid":{"rendered":"https:\/\/stoic-curie.212-227-153-4.plesk.page\/product\/musto-br3-offshore-jakna-velicina-s-plava\/"},"modified":"2026-02-25T00:01:49","modified_gmt":"2026-02-25T00:01:49","slug":"musto-br3-offshore-jakna-velicina-s-plava","status":"publish","type":"product","link":"https:\/\/stoic-curie.212-227-153-4.plesk.page\/hr\/product\/musto-br3-offshore-jakna-velicina-s-plava\/","title":{"rendered":"Musto BR3 Offshore Jakna Veli\u010dina S &#8211; Plava"},"content":{"rendered":"<p>Musto BR3 Offshore Jakna Veli\u010dina S &#8211; Plava &#8211; <\/p>\n<p>Musto jakna je dizajnirana za pru\u017eanje vrhunske za\u0161tite i udobnosti tijekom zahtjevnog off-shore jedrenja. Izra\u0111ena je od 3-slojne Pertex\u00ae Shield tkanine, vodoodbojna je do 20.000 mm i prozra\u010dna, s DWR tretmanom bez PFC-a. Ima visoki ovratnik s neon \u017eutom pode\u0161avanom i sklopivom kapom, artikulirane rukave, YKK\u00ae AquaGuard\u00ae dvostruki patentni zatvara\u010d i d\u017eepove s odvodnim rupama. Reflektiraju\u0107i detalji na ramenima, prsima i man\u017eetama pove\u0107avaju vidljivost. Certificirana prema bluesign\u00ae, regularna prilagodba. <a href='#'>Kliknite ovdje za provjeru to\u010dne veli\u010dine.<\/a><\/p>\n","protected":false},"excerpt":{"rendered":"<p>Musto BR3 Offshore Jakna Veli\u010dina S &#8211; Plava &#8211; Musto jakna je dizajnirana za pru\u017eanje vrhunske za\u0161tite i udobnosti tijekom<\/p>\n","protected":false},"featured_media":5949514,"comment_status":"open","ping_status":"closed","template":"","meta":[],"product_brand":[3156],"product_cat":[1854],"product_tag":[],"class_list":{"0":"post-5531659","1":"product","2":"type-product","3":"status-publish","4":"has-post-thumbnail","6":"product_brand-musto-hr","7":"product_cat-jedrilicarska-odjeca-musto","9":"first","10":"instock","11":"shipping-taxable","12":"purchasable","13":"product-type-simple"},"_links":{"self":[{"href":"https:\/\/stoic-curie.212-227-153-4.plesk.page\/hr\/wp-json\/wp\/v2\/product\/5531659","targetHints":{"allow":["GET"]}}],"collection":[{"href":"https:\/\/stoic-curie.212-227-153-4.plesk.page\/hr\/wp-json\/wp\/v2\/product"}],"about":[{"href":"https:\/\/stoic-curie.212-227-153-4.plesk.page\/hr\/wp-json\/wp\/v2\/types\/product"}],"replies":[{"embeddable":true,"href":"https:\/\/stoic-curie.212-227-153-4.plesk.page\/hr\/wp-json\/wp\/v2\/comments?post=5531659"}],"version-history":[{"count":0,"href":"https:\/\/stoic-curie.212-227-153-4.plesk.page\/hr\/wp-json\/wp\/v2\/product\/5531659\/revisions"}],"wp:featuredmedia":[{"embeddable":true,"href":"https:\/\/stoic-curie.212-227-153-4.plesk.page\/hr\/wp-json\/wp\/v2\/media\/5949514"}],"wp:attachment":[{"href":"https:\/\/stoic-curie.212-227-153-4.plesk.page\/hr\/wp-json\/wp\/v2\/media?parent=5531659"}],"wp:term":[{"taxonomy":"product_brand","embeddable":true,"href":"https:\/\/stoic-curie.212-227-153-4.plesk.page\/hr\/wp-json\/wp\/v2\/product_brand?post=5531659"},{"taxonomy":"product_cat","embeddable":true,"href":"https:\/\/stoic-curie.212-227-153-4.plesk.page\/hr\/wp-json\/wp\/v2\/product_cat?post=5531659"},{"taxonomy":"product_tag","embeddable":true,"href":"https:\/\/stoic-curie.212-227-153-4.plesk.page\/hr\/wp-json\/wp\/v2\/product_tag?post=5531659"}],"curies":[{"name":"wp","href":"https:\/\/api.w.org\/{rel}","templated":true}]}}