{"id":5531660,"date":"2026-01-29T22:13:44","date_gmt":"2026-01-29T21:13:44","guid":{"rendered":"https:\/\/stoic-curie.212-227-153-4.plesk.page\/product\/musto-br3-offshore-jakna-velicina-m-plava\/"},"modified":"2026-02-25T00:01:49","modified_gmt":"2026-02-25T00:01:49","slug":"musto-br3-offshore-jakna-velicina-m-plava","status":"publish","type":"product","link":"https:\/\/stoic-curie.212-227-153-4.plesk.page\/hr\/product\/musto-br3-offshore-jakna-velicina-m-plava\/","title":{"rendered":"Musto BR3 Offshore Jakna Veli\u010dina M &#8211; Plava"},"content":{"rendered":"<p>Musto BR3 Offshore Jakna Veli\u010dina M &#8211; Plava &#8211; <\/p>\n<p>Musto jakna je stru\u010dna izrada koja pru\u017ea za\u0161titu i udobnost tijekom izazovnog offshoreskog jedrenja. Izra\u0111ena od 3-slojnog Pertex\u00ae Shield materijala, ima vodootpornost od 20.000 mm i odli\u010dnu prozra\u010dnost, uz PFC-besplatnu DWR obradu. Klju\u010dne zna\u010dajke uklju\u010duju visoki ovratnik s neon kromiranom podesivom i pakabilnom kapulja\u010dom, artikulirane rukave za pobolj\u0161anu pokretljivost, YKK\u00ae AquaGuard\u00ae dvostruki zatvara\u010d i d\u017eepove s drena\u017enim otvorima. Osim toga, reflektiraju\u0107i detalji na ramenima, prsima i man\u017eetama pobolj\u0161avaju vidljivost u uvjetima slabog osvjetljenja. Ova jakna je bluesign\u00ae certificirana i nudi redovitu udobnost. Kliknite ovdje da biste provjerili to\u010dnu veli\u010dinu:<\/p>\n","protected":false},"excerpt":{"rendered":"<p>Musto BR3 Offshore Jakna Veli\u010dina M &#8211; Plava &#8211; Musto jakna je stru\u010dna izrada koja pru\u017ea za\u0161titu i udobnost tijekom<\/p>\n","protected":false},"featured_media":5949514,"comment_status":"open","ping_status":"closed","template":"","meta":[],"product_brand":[3156],"product_cat":[1854],"product_tag":[],"class_list":{"0":"post-5531660","1":"product","2":"type-product","3":"status-publish","4":"has-post-thumbnail","6":"product_brand-musto-hr","7":"product_cat-jedrilicarska-odjeca-musto","9":"first","10":"instock","11":"shipping-taxable","12":"purchasable","13":"product-type-simple"},"_links":{"self":[{"href":"https:\/\/stoic-curie.212-227-153-4.plesk.page\/hr\/wp-json\/wp\/v2\/product\/5531660","targetHints":{"allow":["GET"]}}],"collection":[{"href":"https:\/\/stoic-curie.212-227-153-4.plesk.page\/hr\/wp-json\/wp\/v2\/product"}],"about":[{"href":"https:\/\/stoic-curie.212-227-153-4.plesk.page\/hr\/wp-json\/wp\/v2\/types\/product"}],"replies":[{"embeddable":true,"href":"https:\/\/stoic-curie.212-227-153-4.plesk.page\/hr\/wp-json\/wp\/v2\/comments?post=5531660"}],"version-history":[{"count":0,"href":"https:\/\/stoic-curie.212-227-153-4.plesk.page\/hr\/wp-json\/wp\/v2\/product\/5531660\/revisions"}],"wp:featuredmedia":[{"embeddable":true,"href":"https:\/\/stoic-curie.212-227-153-4.plesk.page\/hr\/wp-json\/wp\/v2\/media\/5949514"}],"wp:attachment":[{"href":"https:\/\/stoic-curie.212-227-153-4.plesk.page\/hr\/wp-json\/wp\/v2\/media?parent=5531660"}],"wp:term":[{"taxonomy":"product_brand","embeddable":true,"href":"https:\/\/stoic-curie.212-227-153-4.plesk.page\/hr\/wp-json\/wp\/v2\/product_brand?post=5531660"},{"taxonomy":"product_cat","embeddable":true,"href":"https:\/\/stoic-curie.212-227-153-4.plesk.page\/hr\/wp-json\/wp\/v2\/product_cat?post=5531660"},{"taxonomy":"product_tag","embeddable":true,"href":"https:\/\/stoic-curie.212-227-153-4.plesk.page\/hr\/wp-json\/wp\/v2\/product_tag?post=5531660"}],"curies":[{"name":"wp","href":"https:\/\/api.w.org\/{rel}","templated":true}]}}