{"id":5531661,"date":"2026-01-29T22:13:45","date_gmt":"2026-01-29T21:13:45","guid":{"rendered":"https:\/\/stoic-curie.212-227-153-4.plesk.page\/product\/musto-br3-offshore-jakna-velicina-l-plava\/"},"modified":"2026-02-25T00:01:49","modified_gmt":"2026-02-25T00:01:49","slug":"musto-br3-offshore-jakna-velicina-l-plava","status":"publish","type":"product","link":"https:\/\/stoic-curie.212-227-153-4.plesk.page\/hr\/product\/musto-br3-offshore-jakna-velicina-l-plava\/","title":{"rendered":"Musto BR3 Offshore Jakna &#8211; Veli\u010dina L &#8211; Plava"},"content":{"rendered":"<p>Musto BR3 Offshore Jakna &#8211; Veli\u010dina L &#8211; Plava &#8211; <\/p>\n<p>Musto jakna je stru\u010dno dizajnirana za pru\u017eanje za\u0161tite i udobnosti tijekom zahtjevnog otvorenog jedrenja. Izra\u0111ena je od 3-slojnog Pertex\u00ae Shield materijala, otporna na vodu do 20.000 mm i prozra\u010dna, s DWR tretmanom bez PFC. Ova jakna ima visoki ovratnik s neon podesivom i sklopivom kapom, artikulirane rukave, dvostruki YKK\u00ae AquaGuard\u00ae zatvara\u010d i d\u017eepove s odvodnim otvorima. Refleksni detalji na ramenima, prsima i man\u017eetama pobolj\u0161avaju vidljivost. Certificirana bluesign\u00ae, regularna fit.<br \/>Kliknite ovdje za provjeru to\u010dne veli\u010dine:<\/p>\n","protected":false},"excerpt":{"rendered":"<p>Musto BR3 Offshore Jakna &#8211; Veli\u010dina L &#8211; Plava &#8211; Musto jakna je stru\u010dno dizajnirana za pru\u017eanje za\u0161tite i udobnosti<\/p>\n","protected":false},"featured_media":5949514,"comment_status":"open","ping_status":"closed","template":"","meta":[],"product_brand":[3156],"product_cat":[1854],"product_tag":[],"class_list":{"0":"post-5531661","1":"product","2":"type-product","3":"status-publish","4":"has-post-thumbnail","6":"product_brand-musto-hr","7":"product_cat-jedrilicarska-odjeca-musto","9":"first","10":"instock","11":"shipping-taxable","12":"purchasable","13":"product-type-simple"},"_links":{"self":[{"href":"https:\/\/stoic-curie.212-227-153-4.plesk.page\/hr\/wp-json\/wp\/v2\/product\/5531661","targetHints":{"allow":["GET"]}}],"collection":[{"href":"https:\/\/stoic-curie.212-227-153-4.plesk.page\/hr\/wp-json\/wp\/v2\/product"}],"about":[{"href":"https:\/\/stoic-curie.212-227-153-4.plesk.page\/hr\/wp-json\/wp\/v2\/types\/product"}],"replies":[{"embeddable":true,"href":"https:\/\/stoic-curie.212-227-153-4.plesk.page\/hr\/wp-json\/wp\/v2\/comments?post=5531661"}],"version-history":[{"count":0,"href":"https:\/\/stoic-curie.212-227-153-4.plesk.page\/hr\/wp-json\/wp\/v2\/product\/5531661\/revisions"}],"wp:featuredmedia":[{"embeddable":true,"href":"https:\/\/stoic-curie.212-227-153-4.plesk.page\/hr\/wp-json\/wp\/v2\/media\/5949514"}],"wp:attachment":[{"href":"https:\/\/stoic-curie.212-227-153-4.plesk.page\/hr\/wp-json\/wp\/v2\/media?parent=5531661"}],"wp:term":[{"taxonomy":"product_brand","embeddable":true,"href":"https:\/\/stoic-curie.212-227-153-4.plesk.page\/hr\/wp-json\/wp\/v2\/product_brand?post=5531661"},{"taxonomy":"product_cat","embeddable":true,"href":"https:\/\/stoic-curie.212-227-153-4.plesk.page\/hr\/wp-json\/wp\/v2\/product_cat?post=5531661"},{"taxonomy":"product_tag","embeddable":true,"href":"https:\/\/stoic-curie.212-227-153-4.plesk.page\/hr\/wp-json\/wp\/v2\/product_tag?post=5531661"}],"curies":[{"name":"wp","href":"https:\/\/api.w.org\/{rel}","templated":true}]}}