{"id":5531662,"date":"2026-01-29T22:13:46","date_gmt":"2026-01-29T21:13:46","guid":{"rendered":"https:\/\/stoic-curie.212-227-153-4.plesk.page\/product\/musto-br3-offshore-jakna-velicina-xl-boja-plava\/"},"modified":"2026-02-25T00:01:49","modified_gmt":"2026-02-25T00:01:49","slug":"musto-br3-offshore-jakna-velicina-xl-boja-plava","status":"publish","type":"product","link":"https:\/\/stoic-curie.212-227-153-4.plesk.page\/hr\/product\/musto-br3-offshore-jakna-velicina-xl-boja-plava\/","title":{"rendered":"Musto BR3 Offshore Jakna &#8211; Veli\u010dina XL &#8211; Boja Plava"},"content":{"rendered":"<p>Musto BR3 Offshore Jakna &#8211; Veli\u010dina XL &#8211; Boja Plava &#8211; <\/p>\n<p>Musto jakna je pa\u017eljivo dizajnirana za pru\u017eanje za\u0161tite i udobnosti tijekom zahtjevnog offshore jedrenja. Izra\u0111ena od 3-slojnog Pertex\u00ae Shield materijala, vodootporna je do 20.000 mm i prozra\u010dna, s DWR tretmanom bez PFC-a. Jakna uklju\u010duje visoki ovratnik s neonskom podesivom i sklopivom kapulja\u010dom, artikulisane rukave, YKK\u00ae AquaGuard\u00ae dvostruki patentni zatvara\u010d i d\u017eepove s odvodnim otvorima. Reflektiraju\u0107i detalji na ramenima, prsima i man\u017eetama pove\u0107avaju vidljivost. Sertificirano bluesign\u00ae, regularnog kroja.<br \/>Kliknite ovdje da provjerite ta\u010dnu veli\u010dinu:<\/p>\n","protected":false},"excerpt":{"rendered":"<p>Musto BR3 Offshore Jakna &#8211; Veli\u010dina XL &#8211; Boja Plava &#8211; Musto jakna je pa\u017eljivo dizajnirana za pru\u017eanje za\u0161tite i<\/p>\n","protected":false},"featured_media":5949514,"comment_status":"open","ping_status":"closed","template":"","meta":[],"product_brand":[3156],"product_cat":[1854],"product_tag":[],"class_list":{"0":"post-5531662","1":"product","2":"type-product","3":"status-publish","4":"has-post-thumbnail","6":"product_brand-musto-hr","7":"product_cat-jedrilicarska-odjeca-musto","9":"first","10":"instock","11":"shipping-taxable","12":"purchasable","13":"product-type-simple"},"_links":{"self":[{"href":"https:\/\/stoic-curie.212-227-153-4.plesk.page\/hr\/wp-json\/wp\/v2\/product\/5531662","targetHints":{"allow":["GET"]}}],"collection":[{"href":"https:\/\/stoic-curie.212-227-153-4.plesk.page\/hr\/wp-json\/wp\/v2\/product"}],"about":[{"href":"https:\/\/stoic-curie.212-227-153-4.plesk.page\/hr\/wp-json\/wp\/v2\/types\/product"}],"replies":[{"embeddable":true,"href":"https:\/\/stoic-curie.212-227-153-4.plesk.page\/hr\/wp-json\/wp\/v2\/comments?post=5531662"}],"version-history":[{"count":0,"href":"https:\/\/stoic-curie.212-227-153-4.plesk.page\/hr\/wp-json\/wp\/v2\/product\/5531662\/revisions"}],"wp:featuredmedia":[{"embeddable":true,"href":"https:\/\/stoic-curie.212-227-153-4.plesk.page\/hr\/wp-json\/wp\/v2\/media\/5949514"}],"wp:attachment":[{"href":"https:\/\/stoic-curie.212-227-153-4.plesk.page\/hr\/wp-json\/wp\/v2\/media?parent=5531662"}],"wp:term":[{"taxonomy":"product_brand","embeddable":true,"href":"https:\/\/stoic-curie.212-227-153-4.plesk.page\/hr\/wp-json\/wp\/v2\/product_brand?post=5531662"},{"taxonomy":"product_cat","embeddable":true,"href":"https:\/\/stoic-curie.212-227-153-4.plesk.page\/hr\/wp-json\/wp\/v2\/product_cat?post=5531662"},{"taxonomy":"product_tag","embeddable":true,"href":"https:\/\/stoic-curie.212-227-153-4.plesk.page\/hr\/wp-json\/wp\/v2\/product_tag?post=5531662"}],"curies":[{"name":"wp","href":"https:\/\/api.w.org\/{rel}","templated":true}]}}