{"id":5531664,"date":"2026-01-29T22:13:47","date_gmt":"2026-01-29T21:13:47","guid":{"rendered":"https:\/\/stoic-curie.212-227-153-4.plesk.page\/product\/musto-br3-jakna-za-offshore-velicina-s-crvena\/"},"modified":"2026-02-25T00:01:49","modified_gmt":"2026-02-25T00:01:49","slug":"musto-br3-jakna-za-offshore-velicina-s-crvena","status":"publish","type":"product","link":"https:\/\/stoic-curie.212-227-153-4.plesk.page\/hr\/product\/musto-br3-jakna-za-offshore-velicina-s-crvena\/","title":{"rendered":"Musto BR3 Jakna za Offshore Veli\u010dina S &#8211; Crvena"},"content":{"rendered":"<p>Musto BR3 Jakna za Offshore Veli\u010dina S &#8211; Crvena &#8211; <\/p>\n<p>Musto jakna je stru\u010dne dizajnirana kako bi pru\u017eila iznimnu za\u0161titu i udobnost tijekom zahtjevnog offshore jedrenja. Izra\u0111ena je od 3-slojnog Pertex\u00ae Shield materijala, vodonepropusna do 20.000 mm, dok je istovremeno prozra\u010dna, s DWR tretmanom bez PFC-a. Klju\u010dne zna\u010dajke uklju\u010duju visoki ovratnik s podesivim i pakirnim neonskim kapulja\u010dom, artikulirane rukave za pobolj\u0161anu pokretljivost, YKK\u00ae AquaGuard\u00ae dvosmjernu patentnu zatvara\u010d i d\u017eepove opremljene drena\u017enim rupama. Reflektiraju\u0107i elementi na ramenima, prsima i man\u017eetama osiguravaju bolju vidljivost u uvjetima slabog osvjetljenja. Ova jakna je bluesign\u00ae certificirana i nudi regularni kroj. <a href=\"#\">Kliknite ovdje za provjeru to\u010dne veli\u010dine.<\/a><\/p>\n","protected":false},"excerpt":{"rendered":"<p>Musto BR3 Jakna za Offshore Veli\u010dina S &#8211; Crvena &#8211; Musto jakna je stru\u010dne dizajnirana kako bi pru\u017eila iznimnu za\u0161titu<\/p>\n","protected":false},"featured_media":5949514,"comment_status":"open","ping_status":"closed","template":"","meta":[],"product_brand":[3156],"product_cat":[1854],"product_tag":[],"class_list":{"0":"post-5531664","1":"product","2":"type-product","3":"status-publish","4":"has-post-thumbnail","6":"product_brand-musto-hr","7":"product_cat-jedrilicarska-odjeca-musto","9":"first","10":"instock","11":"shipping-taxable","12":"purchasable","13":"product-type-simple"},"_links":{"self":[{"href":"https:\/\/stoic-curie.212-227-153-4.plesk.page\/hr\/wp-json\/wp\/v2\/product\/5531664","targetHints":{"allow":["GET"]}}],"collection":[{"href":"https:\/\/stoic-curie.212-227-153-4.plesk.page\/hr\/wp-json\/wp\/v2\/product"}],"about":[{"href":"https:\/\/stoic-curie.212-227-153-4.plesk.page\/hr\/wp-json\/wp\/v2\/types\/product"}],"replies":[{"embeddable":true,"href":"https:\/\/stoic-curie.212-227-153-4.plesk.page\/hr\/wp-json\/wp\/v2\/comments?post=5531664"}],"version-history":[{"count":0,"href":"https:\/\/stoic-curie.212-227-153-4.plesk.page\/hr\/wp-json\/wp\/v2\/product\/5531664\/revisions"}],"wp:featuredmedia":[{"embeddable":true,"href":"https:\/\/stoic-curie.212-227-153-4.plesk.page\/hr\/wp-json\/wp\/v2\/media\/5949514"}],"wp:attachment":[{"href":"https:\/\/stoic-curie.212-227-153-4.plesk.page\/hr\/wp-json\/wp\/v2\/media?parent=5531664"}],"wp:term":[{"taxonomy":"product_brand","embeddable":true,"href":"https:\/\/stoic-curie.212-227-153-4.plesk.page\/hr\/wp-json\/wp\/v2\/product_brand?post=5531664"},{"taxonomy":"product_cat","embeddable":true,"href":"https:\/\/stoic-curie.212-227-153-4.plesk.page\/hr\/wp-json\/wp\/v2\/product_cat?post=5531664"},{"taxonomy":"product_tag","embeddable":true,"href":"https:\/\/stoic-curie.212-227-153-4.plesk.page\/hr\/wp-json\/wp\/v2\/product_tag?post=5531664"}],"curies":[{"name":"wp","href":"https:\/\/api.w.org\/{rel}","templated":true}]}}