{"id":5531665,"date":"2026-01-29T22:13:48","date_gmt":"2026-01-29T21:13:48","guid":{"rendered":"https:\/\/stoic-curie.212-227-153-4.plesk.page\/product\/musto-br3-off-shore-jakna-velicina-m-boja-crvena\/"},"modified":"2026-02-25T00:01:49","modified_gmt":"2026-02-25T00:01:49","slug":"musto-br3-off-shore-jakna-velicina-m-boja-crvena","status":"publish","type":"product","link":"https:\/\/stoic-curie.212-227-153-4.plesk.page\/hr\/product\/musto-br3-off-shore-jakna-velicina-m-boja-crvena\/","title":{"rendered":"Musto BR3 Off-shore Jakna Veli\u010dina M Boja Crvena"},"content":{"rendered":"<p>Musto BR3 Off-shore Jakna Veli\u010dina M Boja Crvena &#8211; <\/p>\n<p>Musto jakna dizajnirana je da pru\u017ei za\u0161titu i udobnost tijekom zahtjevnog pomorskog jedrenja. Izra\u0111ena od 3-slojnog Pertex\u00ae Shield materijala, vodootporna je do 20.000 mm i prozra\u010dna, s DWR tretmanom bez PFC-a. Jakna ima visoki ovratnik s neon prilagodljivom i pakabilnom kapulja\u010dom, artikulirane rukave, YKK\u00ae AquaGuard\u00ae dvostruki patentni zatvara\u010d i d\u017eepove s ispustnim rupama. Reflektivni detalji na ramenima, prsima i man\u017eetama pove\u0107avaju vidljivost. Certificirana bluesign\u00ae, redovita veli\u010dina.<br \/>Kliknite ovdje da provjerite to\u010dnu veli\u010dinu:<\/p>\n","protected":false},"excerpt":{"rendered":"<p>Musto BR3 Off-shore Jakna Veli\u010dina M Boja Crvena &#8211; Musto jakna dizajnirana je da pru\u017ei za\u0161titu i udobnost tijekom zahtjevnog<\/p>\n","protected":false},"featured_media":5949514,"comment_status":"open","ping_status":"closed","template":"","meta":[],"product_brand":[3156],"product_cat":[1854],"product_tag":[],"class_list":{"0":"post-5531665","1":"product","2":"type-product","3":"status-publish","4":"has-post-thumbnail","6":"product_brand-musto-hr","7":"product_cat-jedrilicarska-odjeca-musto","9":"first","10":"instock","11":"shipping-taxable","12":"purchasable","13":"product-type-simple"},"_links":{"self":[{"href":"https:\/\/stoic-curie.212-227-153-4.plesk.page\/hr\/wp-json\/wp\/v2\/product\/5531665","targetHints":{"allow":["GET"]}}],"collection":[{"href":"https:\/\/stoic-curie.212-227-153-4.plesk.page\/hr\/wp-json\/wp\/v2\/product"}],"about":[{"href":"https:\/\/stoic-curie.212-227-153-4.plesk.page\/hr\/wp-json\/wp\/v2\/types\/product"}],"replies":[{"embeddable":true,"href":"https:\/\/stoic-curie.212-227-153-4.plesk.page\/hr\/wp-json\/wp\/v2\/comments?post=5531665"}],"version-history":[{"count":0,"href":"https:\/\/stoic-curie.212-227-153-4.plesk.page\/hr\/wp-json\/wp\/v2\/product\/5531665\/revisions"}],"wp:featuredmedia":[{"embeddable":true,"href":"https:\/\/stoic-curie.212-227-153-4.plesk.page\/hr\/wp-json\/wp\/v2\/media\/5949514"}],"wp:attachment":[{"href":"https:\/\/stoic-curie.212-227-153-4.plesk.page\/hr\/wp-json\/wp\/v2\/media?parent=5531665"}],"wp:term":[{"taxonomy":"product_brand","embeddable":true,"href":"https:\/\/stoic-curie.212-227-153-4.plesk.page\/hr\/wp-json\/wp\/v2\/product_brand?post=5531665"},{"taxonomy":"product_cat","embeddable":true,"href":"https:\/\/stoic-curie.212-227-153-4.plesk.page\/hr\/wp-json\/wp\/v2\/product_cat?post=5531665"},{"taxonomy":"product_tag","embeddable":true,"href":"https:\/\/stoic-curie.212-227-153-4.plesk.page\/hr\/wp-json\/wp\/v2\/product_tag?post=5531665"}],"curies":[{"name":"wp","href":"https:\/\/api.w.org\/{rel}","templated":true}]}}