{"id":5531667,"date":"2026-01-29T22:13:50","date_gmt":"2026-01-29T21:13:50","guid":{"rendered":"https:\/\/stoic-curie.212-227-153-4.plesk.page\/product\/musto-br3-offshore-jakna-velicina-xl-crvena\/"},"modified":"2026-02-25T00:01:49","modified_gmt":"2026-02-25T00:01:49","slug":"musto-br3-offshore-jakna-velicina-xl-crvena","status":"publish","type":"product","link":"https:\/\/stoic-curie.212-227-153-4.plesk.page\/hr\/product\/musto-br3-offshore-jakna-velicina-xl-crvena\/","title":{"rendered":"Musto BR3 Offshore Jakna Veli\u010dina XL &#8211; Crvena"},"content":{"rendered":"<p>Musto BR3 Offshore Jakna Veli\u010dina XL &#8211; Crvena &#8211; <\/p>\n<p>Musto jakna osmi\u0161ljena je za pru\u017eanje za\u0161tite i udobnosti tijekom zahtjevnog offshore jedrenja. Izra\u0111ena je od 3-slojnog Pertex\u00ae Shield tkanine, vodootporne do 20,000 mm i prozra\u010dne, s DWR tretmanom bez PFC-a. Ova jakna ima visoki ovratnik s neon prilagodljivom i pakabilnom kapulja\u010dom, artikulirane rukave, YKK\u00ae AquaGuard\u00ae dvosmjernu municiju, i d\u017eepove s odvodnim otvorima. Reflektiraju\u0107i detalji na ramenima, prsima i man\u017eetama pobolj\u0161avaju vidljivost. Bluesign\u00ae certifikat, redovita veli\u010dina. <a href='#'>Kliknite ovdje za provjeru to\u010dne veli\u010dine.<\/a><\/p>\n","protected":false},"excerpt":{"rendered":"<p>Musto BR3 Offshore Jakna Veli\u010dina XL &#8211; Crvena &#8211; Musto jakna osmi\u0161ljena je za pru\u017eanje za\u0161tite i udobnosti tijekom zahtjevnog<\/p>\n","protected":false},"featured_media":5949514,"comment_status":"open","ping_status":"closed","template":"","meta":[],"product_brand":[3156],"product_cat":[1854],"product_tag":[],"class_list":{"0":"post-5531667","1":"product","2":"type-product","3":"status-publish","4":"has-post-thumbnail","6":"product_brand-musto-hr","7":"product_cat-jedrilicarska-odjeca-musto","9":"first","10":"instock","11":"shipping-taxable","12":"purchasable","13":"product-type-simple"},"_links":{"self":[{"href":"https:\/\/stoic-curie.212-227-153-4.plesk.page\/hr\/wp-json\/wp\/v2\/product\/5531667","targetHints":{"allow":["GET"]}}],"collection":[{"href":"https:\/\/stoic-curie.212-227-153-4.plesk.page\/hr\/wp-json\/wp\/v2\/product"}],"about":[{"href":"https:\/\/stoic-curie.212-227-153-4.plesk.page\/hr\/wp-json\/wp\/v2\/types\/product"}],"replies":[{"embeddable":true,"href":"https:\/\/stoic-curie.212-227-153-4.plesk.page\/hr\/wp-json\/wp\/v2\/comments?post=5531667"}],"version-history":[{"count":0,"href":"https:\/\/stoic-curie.212-227-153-4.plesk.page\/hr\/wp-json\/wp\/v2\/product\/5531667\/revisions"}],"wp:featuredmedia":[{"embeddable":true,"href":"https:\/\/stoic-curie.212-227-153-4.plesk.page\/hr\/wp-json\/wp\/v2\/media\/5949514"}],"wp:attachment":[{"href":"https:\/\/stoic-curie.212-227-153-4.plesk.page\/hr\/wp-json\/wp\/v2\/media?parent=5531667"}],"wp:term":[{"taxonomy":"product_brand","embeddable":true,"href":"https:\/\/stoic-curie.212-227-153-4.plesk.page\/hr\/wp-json\/wp\/v2\/product_brand?post=5531667"},{"taxonomy":"product_cat","embeddable":true,"href":"https:\/\/stoic-curie.212-227-153-4.plesk.page\/hr\/wp-json\/wp\/v2\/product_cat?post=5531667"},{"taxonomy":"product_tag","embeddable":true,"href":"https:\/\/stoic-curie.212-227-153-4.plesk.page\/hr\/wp-json\/wp\/v2\/product_tag?post=5531667"}],"curies":[{"name":"wp","href":"https:\/\/api.w.org\/{rel}","templated":true}]}}