{"id":5531668,"date":"2026-01-29T22:13:51","date_gmt":"2026-01-29T21:13:51","guid":{"rendered":"https:\/\/stoic-curie.212-227-153-4.plesk.page\/product\/musto-br3-offshore-salopette-velicina-s-crna\/"},"modified":"2026-02-25T00:01:49","modified_gmt":"2026-02-25T00:01:49","slug":"musto-br3-offshore-salopette-velicina-s-crna","status":"publish","type":"product","link":"https:\/\/stoic-curie.212-227-153-4.plesk.page\/hr\/product\/musto-br3-offshore-salopette-velicina-s-crna\/","title":{"rendered":"Musto BR3 Offshore Salopette Veli\u010dina S &#8211; Crna"},"content":{"rendered":"<p>Musto BR3 Offshore Salopette Veli\u010dina S &#8211; Crna &#8211; <\/p>\n<p>Musto salopette je stru\u010dno dizajnirana za offshore jedrenje, izra\u0111ena od 3-slojne Pertex\u00ae Shield tkanine koja je vodootporna i prozra\u010dna. Ima PFC-free vodoodbojnu obradu i potpuno zape\u010da\u0107ene \u0161avne za maksimalnu za\u0161titu. Dizajn uklju\u010duje oja\u010dane koljena, sjedalo i rub za ve\u0107u izdr\u017eljivost, dok nudi maksimalnu slobodu pokreta s pode\u0161avanim naramenicama i artikuliranim koljenima. Dodatne zna\u010dajke uklju\u010duju duboke d\u017eepove s otvorima za odvodnju, traku za multi-alate i reflektiraju\u0107e detalje za pove\u0107anu vidljivost. Ovaj certifikat bluesign\u00ae proizvod ima regularnu fit. <br \/> Kliknite ovdje za provjeru to\u010dne veli\u010dine:<\/p>\n","protected":false},"excerpt":{"rendered":"<p>Musto BR3 Offshore Salopette Veli\u010dina S &#8211; Crna &#8211; Musto salopette je stru\u010dno dizajnirana za offshore jedrenje, izra\u0111ena od 3-slojne<\/p>\n","protected":false},"featured_media":5949521,"comment_status":"open","ping_status":"closed","template":"","meta":[],"product_brand":[3156],"product_cat":[1854],"product_tag":[],"class_list":{"0":"post-5531668","1":"product","2":"type-product","3":"status-publish","4":"has-post-thumbnail","6":"product_brand-musto-hr","7":"product_cat-jedrilicarska-odjeca-musto","9":"first","10":"instock","11":"shipping-taxable","12":"purchasable","13":"product-type-simple"},"_links":{"self":[{"href":"https:\/\/stoic-curie.212-227-153-4.plesk.page\/hr\/wp-json\/wp\/v2\/product\/5531668","targetHints":{"allow":["GET"]}}],"collection":[{"href":"https:\/\/stoic-curie.212-227-153-4.plesk.page\/hr\/wp-json\/wp\/v2\/product"}],"about":[{"href":"https:\/\/stoic-curie.212-227-153-4.plesk.page\/hr\/wp-json\/wp\/v2\/types\/product"}],"replies":[{"embeddable":true,"href":"https:\/\/stoic-curie.212-227-153-4.plesk.page\/hr\/wp-json\/wp\/v2\/comments?post=5531668"}],"version-history":[{"count":0,"href":"https:\/\/stoic-curie.212-227-153-4.plesk.page\/hr\/wp-json\/wp\/v2\/product\/5531668\/revisions"}],"wp:featuredmedia":[{"embeddable":true,"href":"https:\/\/stoic-curie.212-227-153-4.plesk.page\/hr\/wp-json\/wp\/v2\/media\/5949521"}],"wp:attachment":[{"href":"https:\/\/stoic-curie.212-227-153-4.plesk.page\/hr\/wp-json\/wp\/v2\/media?parent=5531668"}],"wp:term":[{"taxonomy":"product_brand","embeddable":true,"href":"https:\/\/stoic-curie.212-227-153-4.plesk.page\/hr\/wp-json\/wp\/v2\/product_brand?post=5531668"},{"taxonomy":"product_cat","embeddable":true,"href":"https:\/\/stoic-curie.212-227-153-4.plesk.page\/hr\/wp-json\/wp\/v2\/product_cat?post=5531668"},{"taxonomy":"product_tag","embeddable":true,"href":"https:\/\/stoic-curie.212-227-153-4.plesk.page\/hr\/wp-json\/wp\/v2\/product_tag?post=5531668"}],"curies":[{"name":"wp","href":"https:\/\/api.w.org\/{rel}","templated":true}]}}