{"id":5531669,"date":"2026-01-29T22:13:52","date_gmt":"2026-01-29T21:13:52","guid":{"rendered":"https:\/\/stoic-curie.212-227-153-4.plesk.page\/product\/musto-br3-offshore-salopette-velicina-m-boja-crna\/"},"modified":"2026-02-25T00:01:49","modified_gmt":"2026-02-25T00:01:49","slug":"musto-br3-offshore-salopette-velicina-m-boja-crna","status":"publish","type":"product","link":"https:\/\/stoic-curie.212-227-153-4.plesk.page\/hr\/product\/musto-br3-offshore-salopette-velicina-m-boja-crna\/","title":{"rendered":"Musto BR3 Offshore Salopette Veli\u010dina M Boja Crna"},"content":{"rendered":"<p>Musto BR3 Offshore Salopette Veli\u010dina M Boja Crna &#8211; <\/p>\n<p>Musto salopette je pa\u017eljivo dizajnirana za offshore jedrenje. Izra\u0111ena je od 3-slojnog Pertex\u00ae Shield materijala koji je vodootporan i prozra\u010dan. PFC-bespravno vodoodbojno tretiranje i potpuno tapecirane \u0161avove pove\u0107avaju trajnost. Oja\u010dani dijelovi na koljenima, stra\u017enjici i rubu pru\u017eaju dodatnu \u010dvrsto\u0107u, dok podesive naramenice i artikulirana koljena osiguravaju maksimalnu slobodu kretanja. Salopette uklju\u010duje duboke d\u017eepove s odvodnim otvorima, traku za multi-alate i reflektiraju\u0107e detalje za pobolj\u0161anu vidljivost. Certificirano bluesign\u00ae proizvod i nudi regular fit.<br \/>Kliknite ovdje za provjeru to\u010dne veli\u010dine:<\/p>\n","protected":false},"excerpt":{"rendered":"<p>Musto BR3 Offshore Salopette Veli\u010dina M Boja Crna &#8211; Musto salopette je pa\u017eljivo dizajnirana za offshore jedrenje. Izra\u0111ena je od<\/p>\n","protected":false},"featured_media":5949521,"comment_status":"open","ping_status":"closed","template":"","meta":[],"product_brand":[3156],"product_cat":[1854],"product_tag":[],"class_list":{"0":"post-5531669","1":"product","2":"type-product","3":"status-publish","4":"has-post-thumbnail","6":"product_brand-musto-hr","7":"product_cat-jedrilicarska-odjeca-musto","9":"first","10":"instock","11":"shipping-taxable","12":"purchasable","13":"product-type-simple"},"_links":{"self":[{"href":"https:\/\/stoic-curie.212-227-153-4.plesk.page\/hr\/wp-json\/wp\/v2\/product\/5531669","targetHints":{"allow":["GET"]}}],"collection":[{"href":"https:\/\/stoic-curie.212-227-153-4.plesk.page\/hr\/wp-json\/wp\/v2\/product"}],"about":[{"href":"https:\/\/stoic-curie.212-227-153-4.plesk.page\/hr\/wp-json\/wp\/v2\/types\/product"}],"replies":[{"embeddable":true,"href":"https:\/\/stoic-curie.212-227-153-4.plesk.page\/hr\/wp-json\/wp\/v2\/comments?post=5531669"}],"version-history":[{"count":0,"href":"https:\/\/stoic-curie.212-227-153-4.plesk.page\/hr\/wp-json\/wp\/v2\/product\/5531669\/revisions"}],"wp:featuredmedia":[{"embeddable":true,"href":"https:\/\/stoic-curie.212-227-153-4.plesk.page\/hr\/wp-json\/wp\/v2\/media\/5949521"}],"wp:attachment":[{"href":"https:\/\/stoic-curie.212-227-153-4.plesk.page\/hr\/wp-json\/wp\/v2\/media?parent=5531669"}],"wp:term":[{"taxonomy":"product_brand","embeddable":true,"href":"https:\/\/stoic-curie.212-227-153-4.plesk.page\/hr\/wp-json\/wp\/v2\/product_brand?post=5531669"},{"taxonomy":"product_cat","embeddable":true,"href":"https:\/\/stoic-curie.212-227-153-4.plesk.page\/hr\/wp-json\/wp\/v2\/product_cat?post=5531669"},{"taxonomy":"product_tag","embeddable":true,"href":"https:\/\/stoic-curie.212-227-153-4.plesk.page\/hr\/wp-json\/wp\/v2\/product_tag?post=5531669"}],"curies":[{"name":"wp","href":"https:\/\/api.w.org\/{rel}","templated":true}]}}