{"id":5531670,"date":"2026-01-29T22:13:53","date_gmt":"2026-01-29T21:13:53","guid":{"rendered":"https:\/\/stoic-curie.212-227-153-4.plesk.page\/product\/musto-br3-offshore-salopette-velicina-l-crna\/"},"modified":"2026-02-25T00:01:49","modified_gmt":"2026-02-25T00:01:49","slug":"musto-br3-offshore-salopette-velicina-l-crna","status":"publish","type":"product","link":"https:\/\/stoic-curie.212-227-153-4.plesk.page\/hr\/product\/musto-br3-offshore-salopette-velicina-l-crna\/","title":{"rendered":"Musto BR3 Offshore Salopette Veli\u010dina L &#8211; Crna"},"content":{"rendered":"<p>Musto BR3 Offshore Salopette Veli\u010dina L &#8211; Crna &#8211; <\/p>\n<p>Musto salopette dizajnirana je za offshore jedrenje, izra\u0111ena od 3-slojnog Pertex\u00c2\u00ae Shield materijala, koji je vodootporan i prozra\u010dan. Ima tretman otporan na vodu bez PFC-a i potpuno zalijepljene \u0161avove. Oja\u010dana na koljenima, stra\u017enjici i rubu za ve\u0107u izdr\u017eljivost, nudi maksimalnu slobodu kretanja s podesivim naramenicama i oblikovanim koljenima. Ima duboke d\u017eepove s drena\u017enim rupama, remen za vi\u0161ekratni alat i reflektiraju\u0107e detalje za pove\u0107anu vidljivost. Ovaj proizvod je certificiran bluesign\u00c2\u00ae i ima regularnu kroj. <a href='#'>Kliknite ovdje da provjerite to\u010dnu veli\u010dinu.<\/a><\/p>\n","protected":false},"excerpt":{"rendered":"<p>Musto BR3 Offshore Salopette Veli\u010dina L &#8211; Crna &#8211; Musto salopette dizajnirana je za offshore jedrenje, izra\u0111ena od 3-slojnog Pertex\u00c2\u00ae<\/p>\n","protected":false},"featured_media":5949521,"comment_status":"open","ping_status":"closed","template":"","meta":[],"product_brand":[3156],"product_cat":[1854],"product_tag":[],"class_list":{"0":"post-5531670","1":"product","2":"type-product","3":"status-publish","4":"has-post-thumbnail","6":"product_brand-musto-hr","7":"product_cat-jedrilicarska-odjeca-musto","9":"first","10":"instock","11":"shipping-taxable","12":"purchasable","13":"product-type-simple"},"_links":{"self":[{"href":"https:\/\/stoic-curie.212-227-153-4.plesk.page\/hr\/wp-json\/wp\/v2\/product\/5531670","targetHints":{"allow":["GET"]}}],"collection":[{"href":"https:\/\/stoic-curie.212-227-153-4.plesk.page\/hr\/wp-json\/wp\/v2\/product"}],"about":[{"href":"https:\/\/stoic-curie.212-227-153-4.plesk.page\/hr\/wp-json\/wp\/v2\/types\/product"}],"replies":[{"embeddable":true,"href":"https:\/\/stoic-curie.212-227-153-4.plesk.page\/hr\/wp-json\/wp\/v2\/comments?post=5531670"}],"version-history":[{"count":0,"href":"https:\/\/stoic-curie.212-227-153-4.plesk.page\/hr\/wp-json\/wp\/v2\/product\/5531670\/revisions"}],"wp:featuredmedia":[{"embeddable":true,"href":"https:\/\/stoic-curie.212-227-153-4.plesk.page\/hr\/wp-json\/wp\/v2\/media\/5949521"}],"wp:attachment":[{"href":"https:\/\/stoic-curie.212-227-153-4.plesk.page\/hr\/wp-json\/wp\/v2\/media?parent=5531670"}],"wp:term":[{"taxonomy":"product_brand","embeddable":true,"href":"https:\/\/stoic-curie.212-227-153-4.plesk.page\/hr\/wp-json\/wp\/v2\/product_brand?post=5531670"},{"taxonomy":"product_cat","embeddable":true,"href":"https:\/\/stoic-curie.212-227-153-4.plesk.page\/hr\/wp-json\/wp\/v2\/product_cat?post=5531670"},{"taxonomy":"product_tag","embeddable":true,"href":"https:\/\/stoic-curie.212-227-153-4.plesk.page\/hr\/wp-json\/wp\/v2\/product_tag?post=5531670"}],"curies":[{"name":"wp","href":"https:\/\/api.w.org\/{rel}","templated":true}]}}