{"id":5531671,"date":"2026-01-29T22:13:54","date_gmt":"2026-01-29T21:13:54","guid":{"rendered":"https:\/\/stoic-curie.212-227-153-4.plesk.page\/product\/musto-br3-offshore-salopette-velicina-xl-crna\/"},"modified":"2026-02-25T00:01:49","modified_gmt":"2026-02-25T00:01:49","slug":"musto-br3-offshore-salopette-velicina-xl-crna","status":"publish","type":"product","link":"https:\/\/stoic-curie.212-227-153-4.plesk.page\/hr\/product\/musto-br3-offshore-salopette-velicina-xl-crna\/","title":{"rendered":"Musto BR3 Offshore Salopette &#8211; Veli\u010dina XL &#8211; Crna"},"content":{"rendered":"<p>Musto BR3 Offshore Salopette &#8211; Veli\u010dina XL &#8211; Crna &#8211; <\/p>\n<p>Musto salopette je posebno dizajnirana za offshore jedrenje i izra\u0111ena je od 3-slojnog Pertex\u00ae Shield materijala, koji osigurava da je vodootporna i prozra\u010dna. Pru\u017ea PFC-free vodoodbojnu obradu i potpuno taped \u0161avove za dodatnu za\u0161titu. Kako bi se pobolj\u0161ala izdr\u017eljivost, salopette je oja\u010dana na koljenima, stra\u017enjici i rubu. Nudi maksimalnu slobodu pokreta zahvaljuju\u0107i podesivim naramenicama i artikuliranim koljenima. Dodatne zna\u010dajke uklju\u010duju duboke d\u017eepove s drena\u017enim otvorima, traku za vi\u0161ekratni alat i reflektiraju\u0107e detalje za pove\u0107anu vidljivost. Ovaj proizvod ima bluesign\u00ae certifikat i dolazi u regularnom kroju. <a href='#'>Kliknite ovdje za provjeru to\u010dne veli\u010dine.<\/a><\/p>\n","protected":false},"excerpt":{"rendered":"<p>Musto BR3 Offshore Salopette &#8211; Veli\u010dina XL &#8211; Crna &#8211; Musto salopette je posebno dizajnirana za offshore jedrenje i izra\u0111ena<\/p>\n","protected":false},"featured_media":5949521,"comment_status":"open","ping_status":"closed","template":"","meta":[],"product_brand":[3156],"product_cat":[1854],"product_tag":[],"class_list":{"0":"post-5531671","1":"product","2":"type-product","3":"status-publish","4":"has-post-thumbnail","6":"product_brand-musto-hr","7":"product_cat-jedrilicarska-odjeca-musto","9":"first","10":"instock","11":"shipping-taxable","12":"purchasable","13":"product-type-simple"},"_links":{"self":[{"href":"https:\/\/stoic-curie.212-227-153-4.plesk.page\/hr\/wp-json\/wp\/v2\/product\/5531671","targetHints":{"allow":["GET"]}}],"collection":[{"href":"https:\/\/stoic-curie.212-227-153-4.plesk.page\/hr\/wp-json\/wp\/v2\/product"}],"about":[{"href":"https:\/\/stoic-curie.212-227-153-4.plesk.page\/hr\/wp-json\/wp\/v2\/types\/product"}],"replies":[{"embeddable":true,"href":"https:\/\/stoic-curie.212-227-153-4.plesk.page\/hr\/wp-json\/wp\/v2\/comments?post=5531671"}],"version-history":[{"count":0,"href":"https:\/\/stoic-curie.212-227-153-4.plesk.page\/hr\/wp-json\/wp\/v2\/product\/5531671\/revisions"}],"wp:featuredmedia":[{"embeddable":true,"href":"https:\/\/stoic-curie.212-227-153-4.plesk.page\/hr\/wp-json\/wp\/v2\/media\/5949521"}],"wp:attachment":[{"href":"https:\/\/stoic-curie.212-227-153-4.plesk.page\/hr\/wp-json\/wp\/v2\/media?parent=5531671"}],"wp:term":[{"taxonomy":"product_brand","embeddable":true,"href":"https:\/\/stoic-curie.212-227-153-4.plesk.page\/hr\/wp-json\/wp\/v2\/product_brand?post=5531671"},{"taxonomy":"product_cat","embeddable":true,"href":"https:\/\/stoic-curie.212-227-153-4.plesk.page\/hr\/wp-json\/wp\/v2\/product_cat?post=5531671"},{"taxonomy":"product_tag","embeddable":true,"href":"https:\/\/stoic-curie.212-227-153-4.plesk.page\/hr\/wp-json\/wp\/v2\/product_tag?post=5531671"}],"curies":[{"name":"wp","href":"https:\/\/api.w.org\/{rel}","templated":true}]}}