{"id":5531672,"date":"2026-01-29T22:13:55","date_gmt":"2026-01-29T21:13:55","guid":{"rendered":"https:\/\/stoic-curie.212-227-153-4.plesk.page\/product\/musto-br3-offshore-salopette-velicina-2xl-crna\/"},"modified":"2026-02-25T00:01:49","modified_gmt":"2026-02-25T00:01:49","slug":"musto-br3-offshore-salopette-velicina-2xl-crna","status":"publish","type":"product","link":"https:\/\/stoic-curie.212-227-153-4.plesk.page\/hr\/product\/musto-br3-offshore-salopette-velicina-2xl-crna\/","title":{"rendered":"Musto BR3 Offshore Salopette Veli\u010dina 2XL &#8211; Crna"},"content":{"rendered":"<p>Musto BR3 Offshore Salopette Veli\u010dina 2XL &#8211; Crna &#8211; <\/p>\n<p>Musto salopette je posebno dizajnirana za offshore jedrenje. Izra\u0111ena je od troslojnog Pertex\u00ae Shield materijala, koji je vodootporan i prozra\u010dan. Uz PFC-free vodoodbojnu obradu i potpuno zalijepljene \u0161avove, ova salopette osigurava optimalnu za\u0161titu od elemenata. Oja\u010dana na koljenima, stra\u017enjici i rubu za ve\u0107u izdr\u017eljivost, pru\u017ea maksimalnu slobodu kretanja s podesivim naramenicama i artikuliranim koljenima. Dodatne zna\u010dajke uklju\u010duju duboke d\u017eepove s drena\u017enim otvorima, remen za vi\u0161efunkcionalne alate i reflektiraju\u0107e detalje za pove\u0107anu vidljivost. Ovaj proizvod je certificiran prema bluesign\u00ae i dolazi u regularnom kroju. Kliknite ovdje da provjerite to\u010dnu veli\u010dinu:<\/p>\n","protected":false},"excerpt":{"rendered":"<p>Musto BR3 Offshore Salopette Veli\u010dina 2XL &#8211; Crna &#8211; Musto salopette je posebno dizajnirana za offshore jedrenje. Izra\u0111ena je od<\/p>\n","protected":false},"featured_media":5949521,"comment_status":"open","ping_status":"closed","template":"","meta":[],"product_brand":[3156],"product_cat":[1854],"product_tag":[],"class_list":{"0":"post-5531672","1":"product","2":"type-product","3":"status-publish","4":"has-post-thumbnail","6":"product_brand-musto-hr","7":"product_cat-jedrilicarska-odjeca-musto","9":"first","10":"instock","11":"shipping-taxable","12":"purchasable","13":"product-type-simple"},"_links":{"self":[{"href":"https:\/\/stoic-curie.212-227-153-4.plesk.page\/hr\/wp-json\/wp\/v2\/product\/5531672","targetHints":{"allow":["GET"]}}],"collection":[{"href":"https:\/\/stoic-curie.212-227-153-4.plesk.page\/hr\/wp-json\/wp\/v2\/product"}],"about":[{"href":"https:\/\/stoic-curie.212-227-153-4.plesk.page\/hr\/wp-json\/wp\/v2\/types\/product"}],"replies":[{"embeddable":true,"href":"https:\/\/stoic-curie.212-227-153-4.plesk.page\/hr\/wp-json\/wp\/v2\/comments?post=5531672"}],"version-history":[{"count":0,"href":"https:\/\/stoic-curie.212-227-153-4.plesk.page\/hr\/wp-json\/wp\/v2\/product\/5531672\/revisions"}],"wp:featuredmedia":[{"embeddable":true,"href":"https:\/\/stoic-curie.212-227-153-4.plesk.page\/hr\/wp-json\/wp\/v2\/media\/5949521"}],"wp:attachment":[{"href":"https:\/\/stoic-curie.212-227-153-4.plesk.page\/hr\/wp-json\/wp\/v2\/media?parent=5531672"}],"wp:term":[{"taxonomy":"product_brand","embeddable":true,"href":"https:\/\/stoic-curie.212-227-153-4.plesk.page\/hr\/wp-json\/wp\/v2\/product_brand?post=5531672"},{"taxonomy":"product_cat","embeddable":true,"href":"https:\/\/stoic-curie.212-227-153-4.plesk.page\/hr\/wp-json\/wp\/v2\/product_cat?post=5531672"},{"taxonomy":"product_tag","embeddable":true,"href":"https:\/\/stoic-curie.212-227-153-4.plesk.page\/hr\/wp-json\/wp\/v2\/product_tag?post=5531672"}],"curies":[{"name":"wp","href":"https:\/\/api.w.org\/{rel}","templated":true}]}}