{"id":5531675,"date":"2026-01-29T22:13:58","date_gmt":"2026-01-29T21:13:58","guid":{"rendered":"https:\/\/stoic-curie.212-227-153-4.plesk.page\/product\/konverzijski-kit-aquat-standard-elektricni-spx-81-47442-01\/"},"modified":"2026-02-25T00:02:19","modified_gmt":"2026-02-25T00:02:19","slug":"konverzijski-kit-aquat-standard-elektricni-spx-81-47442-01","status":"publish","type":"product","link":"https:\/\/stoic-curie.212-227-153-4.plesk.page\/hr\/product\/konverzijski-kit-aquat-standard-elektricni-spx-81-47442-01\/","title":{"rendered":"Konverzijski Kit Aquat Standard Elektri\u010dni SPX 81-47442-01"},"content":{"rendered":"<p>Konverzijski Kit Aquat Standard Elektri\u010dni SPX 81-47442-01 &#8211; <\/p>\n<p>Standardni elektri\u010dni konverzijski kit dizajniran je kao rezervni kit za kompaktnu ili udobnu veli\u010dinu zdjela. Omogu\u0107uje vam pretvorbu ru\u010dnog modela u elektri\u010dni ili zamjenu postoje\u0107eg elektri\u010dnog sustava s prakti\u010dnim sustavom ispiranja i pra\u017enjenja &#8216;na jedan dodir&#8217;. Kit uklju\u010duje pumpu, osnovu, crijevo, priklju\u010dke i plo\u010du s jednim pritiskom. Kompatibilan je sa svim AquaTTM Standardnim elektri\u010dnim modelima.<\/p>\n","protected":false},"excerpt":{"rendered":"<p>Konverzijski Kit Aquat Standard Elektri\u010dni SPX 81-47442-01 &#8211; Standardni elektri\u010dni konverzijski kit dizajniran je kao rezervni kit za kompaktnu ili<\/p>\n","protected":false},"featured_media":5949720,"comment_status":"open","ping_status":"closed","template":"","meta":[],"product_brand":[3046],"product_cat":[1675],"product_tag":[],"class_list":{"0":"post-5531675","1":"product","2":"type-product","3":"status-publish","4":"has-post-thumbnail","6":"product_brand-johnson-marine-hr","7":"product_cat-brodski-wc","9":"first","10":"instock","11":"shipping-taxable","12":"purchasable","13":"product-type-simple"},"_links":{"self":[{"href":"https:\/\/stoic-curie.212-227-153-4.plesk.page\/hr\/wp-json\/wp\/v2\/product\/5531675","targetHints":{"allow":["GET"]}}],"collection":[{"href":"https:\/\/stoic-curie.212-227-153-4.plesk.page\/hr\/wp-json\/wp\/v2\/product"}],"about":[{"href":"https:\/\/stoic-curie.212-227-153-4.plesk.page\/hr\/wp-json\/wp\/v2\/types\/product"}],"replies":[{"embeddable":true,"href":"https:\/\/stoic-curie.212-227-153-4.plesk.page\/hr\/wp-json\/wp\/v2\/comments?post=5531675"}],"version-history":[{"count":0,"href":"https:\/\/stoic-curie.212-227-153-4.plesk.page\/hr\/wp-json\/wp\/v2\/product\/5531675\/revisions"}],"wp:featuredmedia":[{"embeddable":true,"href":"https:\/\/stoic-curie.212-227-153-4.plesk.page\/hr\/wp-json\/wp\/v2\/media\/5949720"}],"wp:attachment":[{"href":"https:\/\/stoic-curie.212-227-153-4.plesk.page\/hr\/wp-json\/wp\/v2\/media?parent=5531675"}],"wp:term":[{"taxonomy":"product_brand","embeddable":true,"href":"https:\/\/stoic-curie.212-227-153-4.plesk.page\/hr\/wp-json\/wp\/v2\/product_brand?post=5531675"},{"taxonomy":"product_cat","embeddable":true,"href":"https:\/\/stoic-curie.212-227-153-4.plesk.page\/hr\/wp-json\/wp\/v2\/product_cat?post=5531675"},{"taxonomy":"product_tag","embeddable":true,"href":"https:\/\/stoic-curie.212-227-153-4.plesk.page\/hr\/wp-json\/wp\/v2\/product_tag?post=5531675"}],"curies":[{"name":"wp","href":"https:\/\/api.w.org\/{rel}","templated":true}]}}