{"id":5531676,"date":"2026-01-29T22:14:00","date_gmt":"2026-01-29T21:14:00","guid":{"rendered":"https:\/\/stoic-curie.212-227-153-4.plesk.page\/product\/konverzijski-komplet-aquat-standard-electric-spx-81-47442-02\/"},"modified":"2026-02-25T00:02:19","modified_gmt":"2026-02-25T00:02:19","slug":"konverzijski-komplet-aquat-standard-electric-spx-81-47442-02","status":"publish","type":"product","link":"https:\/\/stoic-curie.212-227-153-4.plesk.page\/hr\/product\/konverzijski-komplet-aquat-standard-electric-spx-81-47442-02\/","title":{"rendered":"Konverzijski komplet Aquat Standard Electric SPX 81-47442-02"},"content":{"rendered":"<p>Konverzijski komplet Aquat Standard Electric SPX 81-47442-02 &#8211; <\/p>\n<p>Standard Electric konverzijski komplet\/rezervni komplet za kompaktne ili udobne posude. Ovaj komplet omogu\u0107ava pretvaranje ru\u010dnog modela u elektri\u010dni ili zamjenu postoje\u0107eg elektri\u010dnog sustava sustavom za ispiranje i pra\u017enjenje &#8220;jednim pritiskom&#8221;. Uklju\u010duje pumpu, bazu, crijevo, fitinge i plo\u010du s jednim pritiskom. Kompatibilan sa svim AquaT\u2122 Standard Electric modelima.<\/p>\n","protected":false},"excerpt":{"rendered":"<p>Konverzijski komplet Aquat Standard Electric SPX 81-47442-02 &#8211; Standard Electric konverzijski komplet\/rezervni komplet za kompaktne ili udobne posude. Ovaj komplet<\/p>\n","protected":false},"featured_media":5949720,"comment_status":"open","ping_status":"closed","template":"","meta":[],"product_brand":[3046],"product_cat":[1675],"product_tag":[],"class_list":{"0":"post-5531676","1":"product","2":"type-product","3":"status-publish","4":"has-post-thumbnail","6":"product_brand-johnson-marine-hr","7":"product_cat-brodski-wc","9":"first","10":"instock","11":"shipping-taxable","12":"purchasable","13":"product-type-simple"},"_links":{"self":[{"href":"https:\/\/stoic-curie.212-227-153-4.plesk.page\/hr\/wp-json\/wp\/v2\/product\/5531676","targetHints":{"allow":["GET"]}}],"collection":[{"href":"https:\/\/stoic-curie.212-227-153-4.plesk.page\/hr\/wp-json\/wp\/v2\/product"}],"about":[{"href":"https:\/\/stoic-curie.212-227-153-4.plesk.page\/hr\/wp-json\/wp\/v2\/types\/product"}],"replies":[{"embeddable":true,"href":"https:\/\/stoic-curie.212-227-153-4.plesk.page\/hr\/wp-json\/wp\/v2\/comments?post=5531676"}],"version-history":[{"count":0,"href":"https:\/\/stoic-curie.212-227-153-4.plesk.page\/hr\/wp-json\/wp\/v2\/product\/5531676\/revisions"}],"wp:featuredmedia":[{"embeddable":true,"href":"https:\/\/stoic-curie.212-227-153-4.plesk.page\/hr\/wp-json\/wp\/v2\/media\/5949720"}],"wp:attachment":[{"href":"https:\/\/stoic-curie.212-227-153-4.plesk.page\/hr\/wp-json\/wp\/v2\/media?parent=5531676"}],"wp:term":[{"taxonomy":"product_brand","embeddable":true,"href":"https:\/\/stoic-curie.212-227-153-4.plesk.page\/hr\/wp-json\/wp\/v2\/product_brand?post=5531676"},{"taxonomy":"product_cat","embeddable":true,"href":"https:\/\/stoic-curie.212-227-153-4.plesk.page\/hr\/wp-json\/wp\/v2\/product_cat?post=5531676"},{"taxonomy":"product_tag","embeddable":true,"href":"https:\/\/stoic-curie.212-227-153-4.plesk.page\/hr\/wp-json\/wp\/v2\/product_tag?post=5531676"}],"curies":[{"name":"wp","href":"https:\/\/api.w.org\/{rel}","templated":true}]}}