{"id":5531685,"date":"2026-01-29T22:14:09","date_gmt":"2026-01-29T21:14:09","guid":{"rendered":"https:\/\/stoic-curie.212-227-153-4.plesk.page\/product\/pump-johnson-f8b-5000-tss-10-13176-99\/"},"modified":"2026-02-25T00:02:19","modified_gmt":"2026-02-25T00:02:19","slug":"pump-johnson-f8b-5000-tss-10-13176-99","status":"publish","type":"product","link":"https:\/\/stoic-curie.212-227-153-4.plesk.page\/hr\/product\/pump-johnson-f8b-5000-tss-10-13176-99\/","title":{"rendered":"Pump Johnson F8B-5000 TSS 10-13176-99"},"content":{"rendered":"<p>Pump Johnson F8B-5000 TSS 10-13176-99 &#8211; Ova napredna pumpa ima magnetsku spojku koja pobolj\u0161ava u\u010dinkovitost i pouzdanost, \u0161to je \u010dini idealnom za razne primjene.<\/p>\n","protected":false},"excerpt":{"rendered":"<p>Pump Johnson F8B-5000 TSS 10-13176-99 &#8211; Ova napredna pumpa ima magnetsku spojku koja pobolj\u0161ava u\u010dinkovitost i pouzdanost, \u0161to je \u010dini<\/p>\n","protected":false},"featured_media":5949749,"comment_status":"open","ping_status":"closed","template":"","meta":[],"product_brand":[3046],"product_cat":[1809],"product_tag":[],"class_list":{"0":"post-5531685","1":"product","2":"type-product","3":"status-publish","4":"has-post-thumbnail","6":"product_brand-johnson-marine-hr","7":"product_cat-pumpe-za-hladenje-motora","9":"first","10":"instock","11":"shipping-taxable","12":"purchasable","13":"product-type-simple"},"_links":{"self":[{"href":"https:\/\/stoic-curie.212-227-153-4.plesk.page\/hr\/wp-json\/wp\/v2\/product\/5531685","targetHints":{"allow":["GET"]}}],"collection":[{"href":"https:\/\/stoic-curie.212-227-153-4.plesk.page\/hr\/wp-json\/wp\/v2\/product"}],"about":[{"href":"https:\/\/stoic-curie.212-227-153-4.plesk.page\/hr\/wp-json\/wp\/v2\/types\/product"}],"replies":[{"embeddable":true,"href":"https:\/\/stoic-curie.212-227-153-4.plesk.page\/hr\/wp-json\/wp\/v2\/comments?post=5531685"}],"version-history":[{"count":0,"href":"https:\/\/stoic-curie.212-227-153-4.plesk.page\/hr\/wp-json\/wp\/v2\/product\/5531685\/revisions"}],"wp:featuredmedia":[{"embeddable":true,"href":"https:\/\/stoic-curie.212-227-153-4.plesk.page\/hr\/wp-json\/wp\/v2\/media\/5949749"}],"wp:attachment":[{"href":"https:\/\/stoic-curie.212-227-153-4.plesk.page\/hr\/wp-json\/wp\/v2\/media?parent=5531685"}],"wp:term":[{"taxonomy":"product_brand","embeddable":true,"href":"https:\/\/stoic-curie.212-227-153-4.plesk.page\/hr\/wp-json\/wp\/v2\/product_brand?post=5531685"},{"taxonomy":"product_cat","embeddable":true,"href":"https:\/\/stoic-curie.212-227-153-4.plesk.page\/hr\/wp-json\/wp\/v2\/product_cat?post=5531685"},{"taxonomy":"product_tag","embeddable":true,"href":"https:\/\/stoic-curie.212-227-153-4.plesk.page\/hr\/wp-json\/wp\/v2\/product_tag?post=5531685"}],"curies":[{"name":"wp","href":"https:\/\/api.w.org\/{rel}","templated":true}]}}