{"id":5557872,"date":"2026-01-30T12:48:37","date_gmt":"2026-01-30T11:48:37","guid":{"rendered":"https:\/\/stoic-curie.212-227-153-4.plesk.page\/product\/icom-ic-m25e-vhf-evo\/"},"modified":"2026-02-25T00:01:41","modified_gmt":"2026-02-25T00:01:41","slug":"icom-ic-m25e-vhf-evo","status":"publish","type":"product","link":"https:\/\/stoic-curie.212-227-153-4.plesk.page\/hr\/product\/icom-ic-m25e-vhf-evo\/","title":{"rendered":"Icom IC-M25E VHF Evo"},"content":{"rendered":"<p>Icom IC-M25E VHF Evo &#8211; <\/p>\n<p>ICOM IC-M25E Evo je vodootporna prijenosna VHF radio s IPX7 oznakom. Ima plovnu konstrukciju, zvuk alarma i crveno LED signalno svjetlo. Radio uklju\u010duje ergonomski dr\u017eak s LCD ekranom i osvetljenim dugmadima, mikrofon za smanjenje buke, dual\/tri pra\u0107enje, automatsko skeniranje i AquaQuake funkcije za uklanjanje vode iz re\u0161etke zvu\u010dnika. Ima namjensku tipku za kanal 16, RF snagu od 5W i impresivnih 11 sati trajanja baterije. Paket uklju\u010duje Li-Ion bateriju, punja\u010d, micro USB kabel, dr\u017ea\u010d za pojas, antenu, remen i priru\u010dnik. Dimenzije: 57 x 31 x H134 mm.<\/p>\n","protected":false},"excerpt":{"rendered":"<p>Icom IC-M25E VHF Evo &#8211; ICOM IC-M25E Evo je vodootporna prijenosna VHF radio s IPX7 oznakom. Ima plovnu konstrukciju, zvuk<\/p>\n","protected":false},"featured_media":5949340,"comment_status":"open","ping_status":"closed","template":"","meta":[],"product_brand":[3011],"product_cat":[1744],"product_tag":[],"class_list":{"0":"post-5557872","1":"product","2":"type-product","3":"status-publish","4":"has-post-thumbnail","6":"product_brand-icom-marine-hr","7":"product_cat-brodska-elektronika","9":"first","10":"instock","11":"shipping-taxable","12":"purchasable","13":"product-type-simple"},"_links":{"self":[{"href":"https:\/\/stoic-curie.212-227-153-4.plesk.page\/hr\/wp-json\/wp\/v2\/product\/5557872","targetHints":{"allow":["GET"]}}],"collection":[{"href":"https:\/\/stoic-curie.212-227-153-4.plesk.page\/hr\/wp-json\/wp\/v2\/product"}],"about":[{"href":"https:\/\/stoic-curie.212-227-153-4.plesk.page\/hr\/wp-json\/wp\/v2\/types\/product"}],"replies":[{"embeddable":true,"href":"https:\/\/stoic-curie.212-227-153-4.plesk.page\/hr\/wp-json\/wp\/v2\/comments?post=5557872"}],"version-history":[{"count":0,"href":"https:\/\/stoic-curie.212-227-153-4.plesk.page\/hr\/wp-json\/wp\/v2\/product\/5557872\/revisions"}],"wp:featuredmedia":[{"embeddable":true,"href":"https:\/\/stoic-curie.212-227-153-4.plesk.page\/hr\/wp-json\/wp\/v2\/media\/5949340"}],"wp:attachment":[{"href":"https:\/\/stoic-curie.212-227-153-4.plesk.page\/hr\/wp-json\/wp\/v2\/media?parent=5557872"}],"wp:term":[{"taxonomy":"product_brand","embeddable":true,"href":"https:\/\/stoic-curie.212-227-153-4.plesk.page\/hr\/wp-json\/wp\/v2\/product_brand?post=5557872"},{"taxonomy":"product_cat","embeddable":true,"href":"https:\/\/stoic-curie.212-227-153-4.plesk.page\/hr\/wp-json\/wp\/v2\/product_cat?post=5557872"},{"taxonomy":"product_tag","embeddable":true,"href":"https:\/\/stoic-curie.212-227-153-4.plesk.page\/hr\/wp-json\/wp\/v2\/product_tag?post=5557872"}],"curies":[{"name":"wp","href":"https:\/\/api.w.org\/{rel}","templated":true}]}}