{"id":5557874,"date":"2026-01-30T12:48:39","date_gmt":"2026-01-30T11:48:39","guid":{"rendered":"https:\/\/stoic-curie.212-227-153-4.plesk.page\/product\/solas-med-odijelo-za-uron\/"},"modified":"2026-02-25T00:01:41","modified_gmt":"2026-02-25T00:01:41","slug":"solas-med-odijelo-za-uron","status":"publish","type":"product","link":"https:\/\/stoic-curie.212-227-153-4.plesk.page\/hr\/product\/solas-med-odijelo-za-uron\/","title":{"rendered":"Solas MED Odijelo za Uron"},"content":{"rendered":"<p>Solas MED Odijelo za Uron &#8211; <\/p>\n<p>Solas MED odijelo za uron nudi izvanrednu termalnu za\u0161titu i ispunjava SOLAS MED standarde. Izra\u0111eno od vi\u0161eslojnog Oxford poliestera\/PU, ima jedinstvenu veli\u010dinu s prilagodljivim sustavom u\u017eeta, vodootpornim patentnim zatvara\u010dem, Neopren kapom i oja\u010danim \u010dizmama.<\/p>\n","protected":false},"excerpt":{"rendered":"<p>Solas MED Odijelo za Uron &#8211; Solas MED odijelo za uron nudi izvanrednu termalnu za\u0161titu i ispunjava SOLAS MED standarde.<\/p>\n","protected":false},"featured_media":5949369,"comment_status":"open","ping_status":"closed","template":"","meta":[],"product_brand":[3516],"product_cat":[1604],"product_tag":[],"class_list":{"0":"post-5557874","1":"product","2":"type-product","3":"status-publish","4":"has-post-thumbnail","6":"product_brand-veleria-san-giorgio-hr","7":"product_cat-pojasevi-za-spasavanje-i-remenje","9":"first","10":"instock","11":"shipping-taxable","12":"purchasable","13":"product-type-simple"},"_links":{"self":[{"href":"https:\/\/stoic-curie.212-227-153-4.plesk.page\/hr\/wp-json\/wp\/v2\/product\/5557874","targetHints":{"allow":["GET"]}}],"collection":[{"href":"https:\/\/stoic-curie.212-227-153-4.plesk.page\/hr\/wp-json\/wp\/v2\/product"}],"about":[{"href":"https:\/\/stoic-curie.212-227-153-4.plesk.page\/hr\/wp-json\/wp\/v2\/types\/product"}],"replies":[{"embeddable":true,"href":"https:\/\/stoic-curie.212-227-153-4.plesk.page\/hr\/wp-json\/wp\/v2\/comments?post=5557874"}],"version-history":[{"count":0,"href":"https:\/\/stoic-curie.212-227-153-4.plesk.page\/hr\/wp-json\/wp\/v2\/product\/5557874\/revisions"}],"wp:featuredmedia":[{"embeddable":true,"href":"https:\/\/stoic-curie.212-227-153-4.plesk.page\/hr\/wp-json\/wp\/v2\/media\/5949369"}],"wp:attachment":[{"href":"https:\/\/stoic-curie.212-227-153-4.plesk.page\/hr\/wp-json\/wp\/v2\/media?parent=5557874"}],"wp:term":[{"taxonomy":"product_brand","embeddable":true,"href":"https:\/\/stoic-curie.212-227-153-4.plesk.page\/hr\/wp-json\/wp\/v2\/product_brand?post=5557874"},{"taxonomy":"product_cat","embeddable":true,"href":"https:\/\/stoic-curie.212-227-153-4.plesk.page\/hr\/wp-json\/wp\/v2\/product_cat?post=5557874"},{"taxonomy":"product_tag","embeddable":true,"href":"https:\/\/stoic-curie.212-227-153-4.plesk.page\/hr\/wp-json\/wp\/v2\/product_tag?post=5557874"}],"curies":[{"name":"wp","href":"https:\/\/api.w.org\/{rel}","templated":true}]}}