{"id":5557875,"date":"2026-01-30T12:48:40","date_gmt":"2026-01-30T11:48:40","guid":{"rendered":"https:\/\/stoic-curie.212-227-153-4.plesk.page\/product\/jobe-airstream-towable-dimenzije-160-x-154-x-51-cm-maksimalno-2-vozaca\/"},"modified":"2026-02-25T00:01:41","modified_gmt":"2026-02-25T00:01:41","slug":"jobe-airstream-towable-dimenzije-160-x-154-x-51-cm-maksimalno-2-vozaca","status":"publish","type":"product","link":"https:\/\/stoic-curie.212-227-153-4.plesk.page\/hr\/product\/jobe-airstream-towable-dimenzije-160-x-154-x-51-cm-maksimalno-2-vozaca\/","title":{"rendered":"Jobe Airstream Towable \u2013 Dimenzije 160 x 154 x 51 cm, Maksimalno 2 Voza\u010da"},"content":{"rendered":"<p>Jobe Airstream Towable \u2013 Dimenzije 160 x 154 x 51 cm, Maksimalno 2 Voza\u010da &#8211; <\/p>\n<p>Do\u017eivite zabavu i opu\u0161tanje na vodi s Jobe Airstream Towable. Ovaj izdr\u017eljivi kau\u010d napravljen je od \u010dvrstog 24G PVC-a i ima za\u0161titnu navlaku od 420D najlona. Opremljen je oja\u010danim prstenom za vu\u010du, Boston ventilom za jednostavno napuhavanje i ispuhivanje, te \u010detiri podstavljene ru\u010dke s Neoprene za\u0161titom. Udobno postavljeni jastu\u010di\u0107i sadr\u017ee jo\u0161 dvije dodatne Neoprene ru\u010dke za bolji zahvat i potporu. U\u017eivajte u miru uma s trogodi\u0161njom garancijom koja je dostupna nakon registracije na Jobe web stranici.<\/p>\n","protected":false},"excerpt":{"rendered":"<p>Jobe Airstream Towable \u2013 Dimenzije 160 x 154 x 51 cm, Maksimalno 2 Voza\u010da &#8211; Do\u017eivite zabavu i opu\u0161tanje na<\/p>\n","protected":false},"featured_media":5949371,"comment_status":"open","ping_status":"closed","template":"","meta":[],"product_brand":[3041],"product_cat":[1846],"product_tag":[],"class_list":{"0":"post-5557875","1":"product","2":"type-product","3":"status-publish","4":"has-post-thumbnail","6":"product_brand-jobe-sports-hr","7":"product_cat-oprema-za-skijanje-na-vodi","9":"first","10":"instock","11":"shipping-taxable","12":"purchasable","13":"product-type-simple"},"_links":{"self":[{"href":"https:\/\/stoic-curie.212-227-153-4.plesk.page\/hr\/wp-json\/wp\/v2\/product\/5557875","targetHints":{"allow":["GET"]}}],"collection":[{"href":"https:\/\/stoic-curie.212-227-153-4.plesk.page\/hr\/wp-json\/wp\/v2\/product"}],"about":[{"href":"https:\/\/stoic-curie.212-227-153-4.plesk.page\/hr\/wp-json\/wp\/v2\/types\/product"}],"replies":[{"embeddable":true,"href":"https:\/\/stoic-curie.212-227-153-4.plesk.page\/hr\/wp-json\/wp\/v2\/comments?post=5557875"}],"version-history":[{"count":0,"href":"https:\/\/stoic-curie.212-227-153-4.plesk.page\/hr\/wp-json\/wp\/v2\/product\/5557875\/revisions"}],"wp:featuredmedia":[{"embeddable":true,"href":"https:\/\/stoic-curie.212-227-153-4.plesk.page\/hr\/wp-json\/wp\/v2\/media\/5949371"}],"wp:attachment":[{"href":"https:\/\/stoic-curie.212-227-153-4.plesk.page\/hr\/wp-json\/wp\/v2\/media?parent=5557875"}],"wp:term":[{"taxonomy":"product_brand","embeddable":true,"href":"https:\/\/stoic-curie.212-227-153-4.plesk.page\/hr\/wp-json\/wp\/v2\/product_brand?post=5557875"},{"taxonomy":"product_cat","embeddable":true,"href":"https:\/\/stoic-curie.212-227-153-4.plesk.page\/hr\/wp-json\/wp\/v2\/product_cat?post=5557875"},{"taxonomy":"product_tag","embeddable":true,"href":"https:\/\/stoic-curie.212-227-153-4.plesk.page\/hr\/wp-json\/wp\/v2\/product_tag?post=5557875"}],"curies":[{"name":"wp","href":"https:\/\/api.w.org\/{rel}","templated":true}]}}