{"id":5557876,"date":"2026-01-30T12:48:40","date_gmt":"2026-01-30T11:48:40","guid":{"rendered":"https:\/\/stoic-curie.212-227-153-4.plesk.page\/product\/jobe-sup-daska-aero-yarra-10-6-paket\/"},"modified":"2026-02-25T00:01:41","modified_gmt":"2026-02-25T00:01:41","slug":"jobe-sup-daska-aero-yarra-10-6-paket","status":"publish","type":"product","link":"https:\/\/stoic-curie.212-227-153-4.plesk.page\/hr\/product\/jobe-sup-daska-aero-yarra-10-6-paket\/","title":{"rendered":"Jobe SUP daska Aero Yarra 10.6 paket"},"content":{"rendered":"<p>Jobe SUP daska Aero Yarra 10.6 paket &#8211; <\/p>\n<p>Ova izuzetno lagana i izdr\u017eljiva Jobe napuhavanje SUP daska izra\u0111ena je koriste\u0107i Heat Bonded tehnologiju od tkane najlon tkanine i PVC-a, s oja\u010danim rubovima. Uklju\u010duje tri fleksibilne stabilizacijske peraje, protuklizni EVA povr\u0161ina, elasti\u010dnu mre\u017eu za pohranu, D-prstenove na oba kraja i Halkey ventil za inflaciju. Paket tako\u0111er dolazi s pumpom s dvostrukim djelovanjem, 3 metra sigurnosnog remena, podesivim staklenim vlaknima 3-dijelnim paddelom i vodootpornim ruksakom. U\u017eivajte u miru s trogodi\u0161njim jamstvom nakon registracije na Jobe web stranici.<\/p>\n","protected":false},"excerpt":{"rendered":"<p>Jobe SUP daska Aero Yarra 10.6 paket &#8211; Ova izuzetno lagana i izdr\u017eljiva Jobe napuhavanje SUP daska izra\u0111ena je koriste\u0107i<\/p>\n","protected":false},"featured_media":5949378,"comment_status":"open","ping_status":"closed","template":"","meta":[],"product_brand":[3041],"product_cat":[1845],"product_tag":[],"class_list":{"0":"post-5557876","1":"product","2":"type-product","3":"status-publish","4":"has-post-thumbnail","6":"product_brand-jobe-sports-hr","7":"product_cat-sup-daske","9":"first","10":"instock","11":"shipping-taxable","12":"purchasable","13":"product-type-simple"},"_links":{"self":[{"href":"https:\/\/stoic-curie.212-227-153-4.plesk.page\/hr\/wp-json\/wp\/v2\/product\/5557876","targetHints":{"allow":["GET"]}}],"collection":[{"href":"https:\/\/stoic-curie.212-227-153-4.plesk.page\/hr\/wp-json\/wp\/v2\/product"}],"about":[{"href":"https:\/\/stoic-curie.212-227-153-4.plesk.page\/hr\/wp-json\/wp\/v2\/types\/product"}],"replies":[{"embeddable":true,"href":"https:\/\/stoic-curie.212-227-153-4.plesk.page\/hr\/wp-json\/wp\/v2\/comments?post=5557876"}],"version-history":[{"count":0,"href":"https:\/\/stoic-curie.212-227-153-4.plesk.page\/hr\/wp-json\/wp\/v2\/product\/5557876\/revisions"}],"wp:featuredmedia":[{"embeddable":true,"href":"https:\/\/stoic-curie.212-227-153-4.plesk.page\/hr\/wp-json\/wp\/v2\/media\/5949378"}],"wp:attachment":[{"href":"https:\/\/stoic-curie.212-227-153-4.plesk.page\/hr\/wp-json\/wp\/v2\/media?parent=5557876"}],"wp:term":[{"taxonomy":"product_brand","embeddable":true,"href":"https:\/\/stoic-curie.212-227-153-4.plesk.page\/hr\/wp-json\/wp\/v2\/product_brand?post=5557876"},{"taxonomy":"product_cat","embeddable":true,"href":"https:\/\/stoic-curie.212-227-153-4.plesk.page\/hr\/wp-json\/wp\/v2\/product_cat?post=5557876"},{"taxonomy":"product_tag","embeddable":true,"href":"https:\/\/stoic-curie.212-227-153-4.plesk.page\/hr\/wp-json\/wp\/v2\/product_tag?post=5557876"}],"curies":[{"name":"wp","href":"https:\/\/api.w.org\/{rel}","templated":true}]}}