{"id":5557877,"date":"2026-01-30T12:48:41","date_gmt":"2026-01-30T11:48:41","guid":{"rendered":"https:\/\/stoic-curie.212-227-153-4.plesk.page\/product\/elektricni-inflator-ge-900aa-220v\/"},"modified":"2026-02-25T00:01:41","modified_gmt":"2026-02-25T00:01:41","slug":"elektricni-inflator-ge-900aa-220v","status":"publish","type":"product","link":"https:\/\/stoic-curie.212-227-153-4.plesk.page\/hr\/product\/elektricni-inflator-ge-900aa-220v\/","title":{"rendered":"Elektri\u010dni Inflator GE 900AA-220V"},"content":{"rendered":"<p>Elektri\u010dni Inflator GE 900AA-220V &#8211; <\/p>\n<p>220V elektri\u010dni inflator dizajniran je za brzo pritisak bilo koje napuhane strukture. Sna\u017eni motor od 1000W radi na niskoj bu\u010dnoj razini (maksimalno 85 dB) i mo\u017ee napuhati ili ispustiti zrak. Ure\u0111aj dolazi s prakti\u010dnom remenom za rame, s dva crijeva du\u017eine 1,5m (promjer 25\/40 mm) i adaptorima za sve vrste ventila. Dimenzije: 17 x 23 x 22 cm.<\/p>\n","protected":false},"excerpt":{"rendered":"<p>Elektri\u010dni Inflator GE 900AA-220V &#8211; 220V elektri\u010dni inflator dizajniran je za brzo pritisak bilo koje napuhane strukture. Sna\u017eni motor od<\/p>\n","protected":false},"featured_media":5949381,"comment_status":"open","ping_status":"closed","template":"","meta":[],"product_brand":[2851],"product_cat":[1835],"product_tag":[],"class_list":{"0":"post-5557877","1":"product","2":"type-product","3":"status-publish","4":"has-post-thumbnail","6":"product_brand-bravo-scoprega-hr","7":"product_cat-pumpe-za-pneumatske-camce","9":"first","10":"instock","11":"shipping-taxable","12":"purchasable","13":"product-type-simple"},"_links":{"self":[{"href":"https:\/\/stoic-curie.212-227-153-4.plesk.page\/hr\/wp-json\/wp\/v2\/product\/5557877","targetHints":{"allow":["GET"]}}],"collection":[{"href":"https:\/\/stoic-curie.212-227-153-4.plesk.page\/hr\/wp-json\/wp\/v2\/product"}],"about":[{"href":"https:\/\/stoic-curie.212-227-153-4.plesk.page\/hr\/wp-json\/wp\/v2\/types\/product"}],"replies":[{"embeddable":true,"href":"https:\/\/stoic-curie.212-227-153-4.plesk.page\/hr\/wp-json\/wp\/v2\/comments?post=5557877"}],"version-history":[{"count":0,"href":"https:\/\/stoic-curie.212-227-153-4.plesk.page\/hr\/wp-json\/wp\/v2\/product\/5557877\/revisions"}],"wp:featuredmedia":[{"embeddable":true,"href":"https:\/\/stoic-curie.212-227-153-4.plesk.page\/hr\/wp-json\/wp\/v2\/media\/5949381"}],"wp:attachment":[{"href":"https:\/\/stoic-curie.212-227-153-4.plesk.page\/hr\/wp-json\/wp\/v2\/media?parent=5557877"}],"wp:term":[{"taxonomy":"product_brand","embeddable":true,"href":"https:\/\/stoic-curie.212-227-153-4.plesk.page\/hr\/wp-json\/wp\/v2\/product_brand?post=5557877"},{"taxonomy":"product_cat","embeddable":true,"href":"https:\/\/stoic-curie.212-227-153-4.plesk.page\/hr\/wp-json\/wp\/v2\/product_cat?post=5557877"},{"taxonomy":"product_tag","embeddable":true,"href":"https:\/\/stoic-curie.212-227-153-4.plesk.page\/hr\/wp-json\/wp\/v2\/product_tag?post=5557877"}],"curies":[{"name":"wp","href":"https:\/\/api.w.org\/{rel}","templated":true}]}}