{"id":5557878,"date":"2026-01-30T12:48:43","date_gmt":"2026-01-30T11:48:43","guid":{"rendered":"https:\/\/stoic-curie.212-227-153-4.plesk.page\/product\/hh-pier-jacket-4-0-velicina-s-mornarskosinjava\/"},"modified":"2026-02-25T00:01:49","modified_gmt":"2026-02-25T00:01:49","slug":"hh-pier-jacket-4-0-velicina-s-mornarskosinjava","status":"publish","type":"product","link":"https:\/\/stoic-curie.212-227-153-4.plesk.page\/hr\/product\/hh-pier-jacket-4-0-velicina-s-mornarskosinjava\/","title":{"rendered":"Hh Pier Jacket 4.0 Veli\u010dina S &#8211; Mornarskosinjava"},"content":{"rendered":"<p>Hh Pier Jacket 4.0 Veli\u010dina S &#8211; Mornarskosinjava &#8211; <\/p>\n<p>Helly Hansen Pier Jacket 4.0 idealna je za sve aktivnosti uz obalu ili na brodu. Izra\u0111ena je od HellyTech Performance tkanine, bez PFC-a, s trajnom vodoodbojno\u0161\u0107u (DWR). Ova jakna je vodootporna, vjetrootporna i prozra\u010dna, izra\u0111ena od visokokvalitetnog platna. Dodatne zna\u010dajke uklju\u010duju YKK\u00ae patentni zatvara\u010d, potpuno zape\u010da\u0107ene \u0161avove, brzosu\u0161e\u0107u mre\u017eastu podstavu, dvostruku oluju, podesive man\u017eete, podesivu donju i struk, d\u017eepove za grijanje ruku, artikulirane rukave, visoki za\u0161titni flis ovratnik, visoko vidljivu podesivu kapulja\u010du i reflektore uskla\u0111ene s SOLAS-om.<br \/>Kliknite ovdje da provjerite to\u010dnu veli\u010dinu:<\/p>\n","protected":false},"excerpt":{"rendered":"<p>Hh Pier Jacket 4.0 Veli\u010dina S &#8211; Mornarskosinjava &#8211; Helly Hansen Pier Jacket 4.0 idealna je za sve aktivnosti uz<\/p>\n","protected":false},"featured_media":5949525,"comment_status":"open","ping_status":"closed","template":"","meta":[],"product_brand":[3001],"product_cat":[1857],"product_tag":[],"class_list":{"0":"post-5557878","1":"product","2":"type-product","3":"status-publish","4":"has-post-thumbnail","6":"product_brand-helly-hansen-hr","7":"product_cat-jedrilicarska-odjeca-helly-hansen","9":"first","10":"instock","11":"shipping-taxable","12":"purchasable","13":"product-type-simple"},"_links":{"self":[{"href":"https:\/\/stoic-curie.212-227-153-4.plesk.page\/hr\/wp-json\/wp\/v2\/product\/5557878","targetHints":{"allow":["GET"]}}],"collection":[{"href":"https:\/\/stoic-curie.212-227-153-4.plesk.page\/hr\/wp-json\/wp\/v2\/product"}],"about":[{"href":"https:\/\/stoic-curie.212-227-153-4.plesk.page\/hr\/wp-json\/wp\/v2\/types\/product"}],"replies":[{"embeddable":true,"href":"https:\/\/stoic-curie.212-227-153-4.plesk.page\/hr\/wp-json\/wp\/v2\/comments?post=5557878"}],"version-history":[{"count":0,"href":"https:\/\/stoic-curie.212-227-153-4.plesk.page\/hr\/wp-json\/wp\/v2\/product\/5557878\/revisions"}],"wp:featuredmedia":[{"embeddable":true,"href":"https:\/\/stoic-curie.212-227-153-4.plesk.page\/hr\/wp-json\/wp\/v2\/media\/5949525"}],"wp:attachment":[{"href":"https:\/\/stoic-curie.212-227-153-4.plesk.page\/hr\/wp-json\/wp\/v2\/media?parent=5557878"}],"wp:term":[{"taxonomy":"product_brand","embeddable":true,"href":"https:\/\/stoic-curie.212-227-153-4.plesk.page\/hr\/wp-json\/wp\/v2\/product_brand?post=5557878"},{"taxonomy":"product_cat","embeddable":true,"href":"https:\/\/stoic-curie.212-227-153-4.plesk.page\/hr\/wp-json\/wp\/v2\/product_cat?post=5557878"},{"taxonomy":"product_tag","embeddable":true,"href":"https:\/\/stoic-curie.212-227-153-4.plesk.page\/hr\/wp-json\/wp\/v2\/product_tag?post=5557878"}],"curies":[{"name":"wp","href":"https:\/\/api.w.org\/{rel}","templated":true}]}}