{"id":5557879,"date":"2026-01-30T12:48:44","date_gmt":"2026-01-30T11:48:44","guid":{"rendered":"https:\/\/stoic-curie.212-227-153-4.plesk.page\/product\/hh-pier-jacket-4-0-velicina-m-morska-plava\/"},"modified":"2026-02-25T00:01:49","modified_gmt":"2026-02-25T00:01:49","slug":"hh-pier-jacket-4-0-velicina-m-morska-plava","status":"publish","type":"product","link":"https:\/\/stoic-curie.212-227-153-4.plesk.page\/hr\/product\/hh-pier-jacket-4-0-velicina-m-morska-plava\/","title":{"rendered":"Hh Pier Jacket 4.0 Veli\u010dina M &#8211; Morska Plava"},"content":{"rendered":"<p>Hh Pier Jacket 4.0 Veli\u010dina M &#8211; Morska Plava &#8211; <\/p>\n<p>Helly Hansen Pier Jacket 4.0 idealna je za sve obalne ili nauticke aktivnosti. Izra\u0111ena je od HellyTech Performance tkanine, s PFC-free, vanjski tretirani vodoodbojan (DWR) sloj koji je vodonepropustan, vjetrootporan i prozra\u010dan. Opremljena je YKK\u00ae zatvara\u010dem, potpuno zavarenim \u0161avovima, brzosu\u0161e\u0107om mre\u017eastom oblogom, dvostrukom olujnom preklopkom, dvostruko pode\u0161ivim man\u017eetama, podesivim donjim dijelom i strukom, d\u017eepovima za zagrijavanje ruku, artikuliranim rukavima, visokim za\u0161titnim flis ovratnikom, podesivom kapom visoke vidljivosti i SOLAS va\u0161im odrazima. <br \/> Kliknite ovdje za provjeru to\u010dne veli\u010dine:<\/p>\n","protected":false},"excerpt":{"rendered":"<p>Hh Pier Jacket 4.0 Veli\u010dina M &#8211; Morska Plava &#8211; Helly Hansen Pier Jacket 4.0 idealna je za sve obalne<\/p>\n","protected":false},"featured_media":5949525,"comment_status":"open","ping_status":"closed","template":"","meta":[],"product_brand":[3001],"product_cat":[1857],"product_tag":[],"class_list":{"0":"post-5557879","1":"product","2":"type-product","3":"status-publish","4":"has-post-thumbnail","6":"product_brand-helly-hansen-hr","7":"product_cat-jedrilicarska-odjeca-helly-hansen","9":"first","10":"instock","11":"shipping-taxable","12":"purchasable","13":"product-type-simple"},"_links":{"self":[{"href":"https:\/\/stoic-curie.212-227-153-4.plesk.page\/hr\/wp-json\/wp\/v2\/product\/5557879","targetHints":{"allow":["GET"]}}],"collection":[{"href":"https:\/\/stoic-curie.212-227-153-4.plesk.page\/hr\/wp-json\/wp\/v2\/product"}],"about":[{"href":"https:\/\/stoic-curie.212-227-153-4.plesk.page\/hr\/wp-json\/wp\/v2\/types\/product"}],"replies":[{"embeddable":true,"href":"https:\/\/stoic-curie.212-227-153-4.plesk.page\/hr\/wp-json\/wp\/v2\/comments?post=5557879"}],"version-history":[{"count":0,"href":"https:\/\/stoic-curie.212-227-153-4.plesk.page\/hr\/wp-json\/wp\/v2\/product\/5557879\/revisions"}],"wp:featuredmedia":[{"embeddable":true,"href":"https:\/\/stoic-curie.212-227-153-4.plesk.page\/hr\/wp-json\/wp\/v2\/media\/5949525"}],"wp:attachment":[{"href":"https:\/\/stoic-curie.212-227-153-4.plesk.page\/hr\/wp-json\/wp\/v2\/media?parent=5557879"}],"wp:term":[{"taxonomy":"product_brand","embeddable":true,"href":"https:\/\/stoic-curie.212-227-153-4.plesk.page\/hr\/wp-json\/wp\/v2\/product_brand?post=5557879"},{"taxonomy":"product_cat","embeddable":true,"href":"https:\/\/stoic-curie.212-227-153-4.plesk.page\/hr\/wp-json\/wp\/v2\/product_cat?post=5557879"},{"taxonomy":"product_tag","embeddable":true,"href":"https:\/\/stoic-curie.212-227-153-4.plesk.page\/hr\/wp-json\/wp\/v2\/product_tag?post=5557879"}],"curies":[{"name":"wp","href":"https:\/\/api.w.org\/{rel}","templated":true}]}}