{"id":5557880,"date":"2026-01-30T12:48:44","date_gmt":"2026-01-30T11:48:44","guid":{"rendered":"https:\/\/stoic-curie.212-227-153-4.plesk.page\/product\/hh-pier-jakna-4-0-velicina-l-boja-tamnoplava\/"},"modified":"2026-02-25T00:01:49","modified_gmt":"2026-02-25T00:01:49","slug":"hh-pier-jakna-4-0-velicina-l-boja-tamnoplava","status":"publish","type":"product","link":"https:\/\/stoic-curie.212-227-153-4.plesk.page\/hr\/product\/hh-pier-jakna-4-0-velicina-l-boja-tamnoplava\/","title":{"rendered":"Hh Pier Jakna 4.0 Veli\u010dina L Boja Tamnoplava"},"content":{"rendered":"<p>Hh Pier Jakna 4.0 Veli\u010dina L Boja Tamnoplava &#8211; <\/p>\n<p>Helly Hansen Pier Jakna 4.0 idealna je za svaku obalu ili aktivnosti na \u010damcu. Sadr\u017ei HellyTech Performance tkaninu s PFC-besplatnom dugotrajnom vodoodbojno\u0161\u0107u (DWR) koja je vodootporna, vjetrootporna i prozra\u010dna. Jakna je opremljena YKK\u00ae patentnim zatvara\u010dem, potpuno zape\u010da\u0107enim \u0161avovima, brzo suhom mre\u017eom, dvostrukim za\u0161titnim poklopcem, dvostruko pode\u0161ivim man\u017eetama, podesivim rubom i strukom, d\u017eepovima za grijanje ruku, artikuliranim rukavima, visokim za\u0161titnim flis ovratnikom, podesivom kapom visoke vidljivosti i reflektorima koji udovoljavaju Solas standardima. <\/p>\n<p>Kliknite ovdje za provjeru to\u010dne veli\u010dine:<\/p>\n","protected":false},"excerpt":{"rendered":"<p>Hh Pier Jakna 4.0 Veli\u010dina L Boja Tamnoplava &#8211; Helly Hansen Pier Jakna 4.0 idealna je za svaku obalu ili<\/p>\n","protected":false},"featured_media":5949525,"comment_status":"open","ping_status":"closed","template":"","meta":[],"product_brand":[3001],"product_cat":[1857],"product_tag":[],"class_list":{"0":"post-5557880","1":"product","2":"type-product","3":"status-publish","4":"has-post-thumbnail","6":"product_brand-helly-hansen-hr","7":"product_cat-jedrilicarska-odjeca-helly-hansen","9":"first","10":"instock","11":"shipping-taxable","12":"purchasable","13":"product-type-simple"},"_links":{"self":[{"href":"https:\/\/stoic-curie.212-227-153-4.plesk.page\/hr\/wp-json\/wp\/v2\/product\/5557880","targetHints":{"allow":["GET"]}}],"collection":[{"href":"https:\/\/stoic-curie.212-227-153-4.plesk.page\/hr\/wp-json\/wp\/v2\/product"}],"about":[{"href":"https:\/\/stoic-curie.212-227-153-4.plesk.page\/hr\/wp-json\/wp\/v2\/types\/product"}],"replies":[{"embeddable":true,"href":"https:\/\/stoic-curie.212-227-153-4.plesk.page\/hr\/wp-json\/wp\/v2\/comments?post=5557880"}],"version-history":[{"count":0,"href":"https:\/\/stoic-curie.212-227-153-4.plesk.page\/hr\/wp-json\/wp\/v2\/product\/5557880\/revisions"}],"wp:featuredmedia":[{"embeddable":true,"href":"https:\/\/stoic-curie.212-227-153-4.plesk.page\/hr\/wp-json\/wp\/v2\/media\/5949525"}],"wp:attachment":[{"href":"https:\/\/stoic-curie.212-227-153-4.plesk.page\/hr\/wp-json\/wp\/v2\/media?parent=5557880"}],"wp:term":[{"taxonomy":"product_brand","embeddable":true,"href":"https:\/\/stoic-curie.212-227-153-4.plesk.page\/hr\/wp-json\/wp\/v2\/product_brand?post=5557880"},{"taxonomy":"product_cat","embeddable":true,"href":"https:\/\/stoic-curie.212-227-153-4.plesk.page\/hr\/wp-json\/wp\/v2\/product_cat?post=5557880"},{"taxonomy":"product_tag","embeddable":true,"href":"https:\/\/stoic-curie.212-227-153-4.plesk.page\/hr\/wp-json\/wp\/v2\/product_tag?post=5557880"}],"curies":[{"name":"wp","href":"https:\/\/api.w.org\/{rel}","templated":true}]}}