{"id":5557881,"date":"2026-01-30T12:48:45","date_gmt":"2026-01-30T11:48:45","guid":{"rendered":"https:\/\/stoic-curie.212-227-153-4.plesk.page\/product\/hh-pier-jakna-4-0-velicina-xl-boja-mornarska-plava\/"},"modified":"2026-02-25T00:01:49","modified_gmt":"2026-02-25T00:01:49","slug":"hh-pier-jakna-4-0-velicina-xl-boja-mornarska-plava","status":"publish","type":"product","link":"https:\/\/stoic-curie.212-227-153-4.plesk.page\/hr\/product\/hh-pier-jakna-4-0-velicina-xl-boja-mornarska-plava\/","title":{"rendered":"Hh Pier Jakna 4.0 Veli\u010dina XL Boja Mornarska Plava"},"content":{"rendered":"<p>Hh Pier Jakna 4.0 Veli\u010dina XL Boja Mornarska Plava &#8211; <\/p>\n<p>Helly Hansen Pier Jakna 4.0 idealna je za svaku obalnu ili plovidbenu aktivnost. Izra\u0111ena je od HellyTech Performance tkanine s PFC-free trajnom vodoodbojno\u0161\u0107u (DWR), \u0161to je \u010dini vodootpornom, vjetrootpornom i prozra\u010dnom. Jakna dolazi s YKK\u00ae patentnim zatvara\u010dem, potpuno zape\u010da\u0107enim \u0161avovima, brzosu\u0161e\u0107om mre\u017eastom podstavom, dvostrukom ki\u0161nom presvlakom, dvostrukim pode\u0161ivim man\u017eetama, pode\u0161ivim rubom i strukom, d\u017eepovima za zagrijavanje ruku, artikuliranim rukavima, visokim za\u0161titnim flis ovratnikom, pode\u0161ivom kapulja\u010dom visoke vidljivosti i reflektorima u skladu s Solasom.<\/p>\n","protected":false},"excerpt":{"rendered":"<p>Hh Pier Jakna 4.0 Veli\u010dina XL Boja Mornarska Plava &#8211; Helly Hansen Pier Jakna 4.0 idealna je za svaku obalnu<\/p>\n","protected":false},"featured_media":5949525,"comment_status":"open","ping_status":"closed","template":"","meta":[],"product_brand":[3001],"product_cat":[1857],"product_tag":[],"class_list":{"0":"post-5557881","1":"product","2":"type-product","3":"status-publish","4":"has-post-thumbnail","6":"product_brand-helly-hansen-hr","7":"product_cat-jedrilicarska-odjeca-helly-hansen","9":"first","10":"instock","11":"shipping-taxable","12":"purchasable","13":"product-type-simple"},"_links":{"self":[{"href":"https:\/\/stoic-curie.212-227-153-4.plesk.page\/hr\/wp-json\/wp\/v2\/product\/5557881","targetHints":{"allow":["GET"]}}],"collection":[{"href":"https:\/\/stoic-curie.212-227-153-4.plesk.page\/hr\/wp-json\/wp\/v2\/product"}],"about":[{"href":"https:\/\/stoic-curie.212-227-153-4.plesk.page\/hr\/wp-json\/wp\/v2\/types\/product"}],"replies":[{"embeddable":true,"href":"https:\/\/stoic-curie.212-227-153-4.plesk.page\/hr\/wp-json\/wp\/v2\/comments?post=5557881"}],"version-history":[{"count":0,"href":"https:\/\/stoic-curie.212-227-153-4.plesk.page\/hr\/wp-json\/wp\/v2\/product\/5557881\/revisions"}],"wp:featuredmedia":[{"embeddable":true,"href":"https:\/\/stoic-curie.212-227-153-4.plesk.page\/hr\/wp-json\/wp\/v2\/media\/5949525"}],"wp:attachment":[{"href":"https:\/\/stoic-curie.212-227-153-4.plesk.page\/hr\/wp-json\/wp\/v2\/media?parent=5557881"}],"wp:term":[{"taxonomy":"product_brand","embeddable":true,"href":"https:\/\/stoic-curie.212-227-153-4.plesk.page\/hr\/wp-json\/wp\/v2\/product_brand?post=5557881"},{"taxonomy":"product_cat","embeddable":true,"href":"https:\/\/stoic-curie.212-227-153-4.plesk.page\/hr\/wp-json\/wp\/v2\/product_cat?post=5557881"},{"taxonomy":"product_tag","embeddable":true,"href":"https:\/\/stoic-curie.212-227-153-4.plesk.page\/hr\/wp-json\/wp\/v2\/product_tag?post=5557881"}],"curies":[{"name":"wp","href":"https:\/\/api.w.org\/{rel}","templated":true}]}}