{"id":5557883,"date":"2026-01-30T12:48:47","date_gmt":"2026-01-30T11:48:47","guid":{"rendered":"https:\/\/stoic-curie.212-227-153-4.plesk.page\/product\/hh-pier-jakna-4-0-velicina-s-crvena\/"},"modified":"2026-02-25T00:01:49","modified_gmt":"2026-02-25T00:01:49","slug":"hh-pier-jakna-4-0-velicina-s-crvena","status":"publish","type":"product","link":"https:\/\/stoic-curie.212-227-153-4.plesk.page\/hr\/product\/hh-pier-jakna-4-0-velicina-s-crvena\/","title":{"rendered":"Hh Pier Jakna 4.0 Veli\u010dina S Crvena"},"content":{"rendered":"<p>Hh Pier Jakna 4.0 Veli\u010dina S Crvena &#8211; <\/p>\n<p>Helly Hansen Pier Jakna 4.0 idealna je za svaku obalnu ili brodsku aktivnost. Ima HellyTech Performance tkaninu s PFC-slobodnom trajnom vodoodbojno\u0161\u0107u (DWR), osiguravaju\u0107i da je jakna vodootporna, vjetrootporna i prozra\u010dna. Dodatne zna\u010dajke uklju\u010duju YKK\u00ae zatvara\u010d, potpuno zape\u010da\u0107ene \u0161avove, brzo su\u0161e\u0107u mre\u017eastu podstavu, dvostruki preklop za oluju, dvostruko podesive man\u017eete, podesivi donji rub i struk, d\u017eepove za grijanje ruku, artikulirane rukave, visoki za\u0161titni polarni ovratnik, visoko vidljivu podesivu kapu i reflektore u skladu s Solas-om.<\/p>\n","protected":false},"excerpt":{"rendered":"<p>Hh Pier Jakna 4.0 Veli\u010dina S Crvena &#8211; Helly Hansen Pier Jakna 4.0 idealna je za svaku obalnu ili brodsku<\/p>\n","protected":false},"featured_media":5949525,"comment_status":"open","ping_status":"closed","template":"","meta":[],"product_brand":[3001],"product_cat":[1857],"product_tag":[],"class_list":{"0":"post-5557883","1":"product","2":"type-product","3":"status-publish","4":"has-post-thumbnail","6":"product_brand-helly-hansen-hr","7":"product_cat-jedrilicarska-odjeca-helly-hansen","9":"first","10":"instock","11":"shipping-taxable","12":"purchasable","13":"product-type-simple"},"_links":{"self":[{"href":"https:\/\/stoic-curie.212-227-153-4.plesk.page\/hr\/wp-json\/wp\/v2\/product\/5557883","targetHints":{"allow":["GET"]}}],"collection":[{"href":"https:\/\/stoic-curie.212-227-153-4.plesk.page\/hr\/wp-json\/wp\/v2\/product"}],"about":[{"href":"https:\/\/stoic-curie.212-227-153-4.plesk.page\/hr\/wp-json\/wp\/v2\/types\/product"}],"replies":[{"embeddable":true,"href":"https:\/\/stoic-curie.212-227-153-4.plesk.page\/hr\/wp-json\/wp\/v2\/comments?post=5557883"}],"version-history":[{"count":0,"href":"https:\/\/stoic-curie.212-227-153-4.plesk.page\/hr\/wp-json\/wp\/v2\/product\/5557883\/revisions"}],"wp:featuredmedia":[{"embeddable":true,"href":"https:\/\/stoic-curie.212-227-153-4.plesk.page\/hr\/wp-json\/wp\/v2\/media\/5949525"}],"wp:attachment":[{"href":"https:\/\/stoic-curie.212-227-153-4.plesk.page\/hr\/wp-json\/wp\/v2\/media?parent=5557883"}],"wp:term":[{"taxonomy":"product_brand","embeddable":true,"href":"https:\/\/stoic-curie.212-227-153-4.plesk.page\/hr\/wp-json\/wp\/v2\/product_brand?post=5557883"},{"taxonomy":"product_cat","embeddable":true,"href":"https:\/\/stoic-curie.212-227-153-4.plesk.page\/hr\/wp-json\/wp\/v2\/product_cat?post=5557883"},{"taxonomy":"product_tag","embeddable":true,"href":"https:\/\/stoic-curie.212-227-153-4.plesk.page\/hr\/wp-json\/wp\/v2\/product_tag?post=5557883"}],"curies":[{"name":"wp","href":"https:\/\/api.w.org\/{rel}","templated":true}]}}