{"id":5557884,"date":"2026-01-30T12:48:48","date_gmt":"2026-01-30T11:48:48","guid":{"rendered":"https:\/\/stoic-curie.212-227-153-4.plesk.page\/product\/hh-pier-jakna-4-0-velicina-m-crvena\/"},"modified":"2026-02-25T00:01:49","modified_gmt":"2026-02-25T00:01:49","slug":"hh-pier-jakna-4-0-velicina-m-crvena","status":"publish","type":"product","link":"https:\/\/stoic-curie.212-227-153-4.plesk.page\/hr\/product\/hh-pier-jakna-4-0-velicina-m-crvena\/","title":{"rendered":"Hh Pier Jakna 4.0 Veli\u010dina M Crvena"},"content":{"rendered":"<p>Hh Pier Jakna 4.0 Veli\u010dina M Crvena &#8211; <\/p>\n<p>Helly Hansen Pier Jakna 4.0 idealna je za svaku obalu ili pomorsku aktivnost. Ima HellyTech Performance tkaninu s PFC-free trajnom vodoodbojno\u0161\u0107u (DWR), koja je vodootporna, vjetrobran i prozra\u010dna. Opremljena je YKK\u00ae patentnim zatvara\u010dem, potpuno zatvorenim \u0161avovima, brzosu\u0161e\u0107im mre\u017eastim podstavom, dvostrukim za\u0161titnim poklopcem, dvostruko pode\u0161avanim man\u017eetama, adjustable donji rub, rukavice za grijanje, artikulirane rukave, visoki za\u0161titni polarni ovratnik, kapulja\u010da visoke vidljivosti s pode\u0161avanjem i reflektiraju\u0107e detalje u skladu sa Solas standardima.<\/p>\n<p>Click here to check the exact size:<\/p>\n","protected":false},"excerpt":{"rendered":"<p>Hh Pier Jakna 4.0 Veli\u010dina M Crvena &#8211; Helly Hansen Pier Jakna 4.0 idealna je za svaku obalu ili pomorsku<\/p>\n","protected":false},"featured_media":5949525,"comment_status":"open","ping_status":"closed","template":"","meta":[],"product_brand":[3001],"product_cat":[1857],"product_tag":[],"class_list":{"0":"post-5557884","1":"product","2":"type-product","3":"status-publish","4":"has-post-thumbnail","6":"product_brand-helly-hansen-hr","7":"product_cat-jedrilicarska-odjeca-helly-hansen","9":"first","10":"instock","11":"shipping-taxable","12":"purchasable","13":"product-type-simple"},"_links":{"self":[{"href":"https:\/\/stoic-curie.212-227-153-4.plesk.page\/hr\/wp-json\/wp\/v2\/product\/5557884","targetHints":{"allow":["GET"]}}],"collection":[{"href":"https:\/\/stoic-curie.212-227-153-4.plesk.page\/hr\/wp-json\/wp\/v2\/product"}],"about":[{"href":"https:\/\/stoic-curie.212-227-153-4.plesk.page\/hr\/wp-json\/wp\/v2\/types\/product"}],"replies":[{"embeddable":true,"href":"https:\/\/stoic-curie.212-227-153-4.plesk.page\/hr\/wp-json\/wp\/v2\/comments?post=5557884"}],"version-history":[{"count":0,"href":"https:\/\/stoic-curie.212-227-153-4.plesk.page\/hr\/wp-json\/wp\/v2\/product\/5557884\/revisions"}],"wp:featuredmedia":[{"embeddable":true,"href":"https:\/\/stoic-curie.212-227-153-4.plesk.page\/hr\/wp-json\/wp\/v2\/media\/5949525"}],"wp:attachment":[{"href":"https:\/\/stoic-curie.212-227-153-4.plesk.page\/hr\/wp-json\/wp\/v2\/media?parent=5557884"}],"wp:term":[{"taxonomy":"product_brand","embeddable":true,"href":"https:\/\/stoic-curie.212-227-153-4.plesk.page\/hr\/wp-json\/wp\/v2\/product_brand?post=5557884"},{"taxonomy":"product_cat","embeddable":true,"href":"https:\/\/stoic-curie.212-227-153-4.plesk.page\/hr\/wp-json\/wp\/v2\/product_cat?post=5557884"},{"taxonomy":"product_tag","embeddable":true,"href":"https:\/\/stoic-curie.212-227-153-4.plesk.page\/hr\/wp-json\/wp\/v2\/product_tag?post=5557884"}],"curies":[{"name":"wp","href":"https:\/\/api.w.org\/{rel}","templated":true}]}}