{"id":5557885,"date":"2026-01-30T12:48:49","date_gmt":"2026-01-30T11:48:49","guid":{"rendered":"https:\/\/stoic-curie.212-227-153-4.plesk.page\/product\/hh-pier-jacket-4-0-velicina-l-crvena\/"},"modified":"2026-02-25T00:01:49","modified_gmt":"2026-02-25T00:01:49","slug":"hh-pier-jacket-4-0-velicina-l-crvena","status":"publish","type":"product","link":"https:\/\/stoic-curie.212-227-153-4.plesk.page\/hr\/product\/hh-pier-jacket-4-0-velicina-l-crvena\/","title":{"rendered":"Hh Pier Jacket 4.0 Veli\u010dina L &#8211; Crvena"},"content":{"rendered":"<p>Hh Pier Jacket 4.0 Veli\u010dina L &#8211; Crvena &#8211; <\/p>\n<p>Helly Hansen Pier Jacket 4.0 idealna je za bilo koju obalu ili aktivnosti na brodovima. Ima HellyTech Performance tkaninu s PFC-besprijekornom dugotrajnom vodoodbojnim (DWR) tretmanom koji je vodootporan, vjetrootporan i prozra\u010dan. Jakna uklju\u010duje YKK\u00ae zatvara\u010d, potpuno zape\u010da\u0107ene \u0161avove, brzo su\u0161e\u0107e mre\u017easto postavu, dvostruku oluju, pode\u0161avanje man\u017eeta, pode\u0161avanje donjeg ruba i struka, d\u017eepove za grijanje ruku, artikulirane rukave, visoki za\u0161titni fleece ovratnik, visoko vidljivu pode\u0161avaju\u0107u kapulja\u010du i reflektore koji udovoljavaju Solas standardima.<\/p>\n","protected":false},"excerpt":{"rendered":"<p>Hh Pier Jacket 4.0 Veli\u010dina L &#8211; Crvena &#8211; Helly Hansen Pier Jacket 4.0 idealna je za bilo koju obalu<\/p>\n","protected":false},"featured_media":5949525,"comment_status":"open","ping_status":"closed","template":"","meta":[],"product_brand":[3001],"product_cat":[1857],"product_tag":[],"class_list":{"0":"post-5557885","1":"product","2":"type-product","3":"status-publish","4":"has-post-thumbnail","6":"product_brand-helly-hansen-hr","7":"product_cat-jedrilicarska-odjeca-helly-hansen","9":"first","10":"instock","11":"shipping-taxable","12":"purchasable","13":"product-type-simple"},"_links":{"self":[{"href":"https:\/\/stoic-curie.212-227-153-4.plesk.page\/hr\/wp-json\/wp\/v2\/product\/5557885","targetHints":{"allow":["GET"]}}],"collection":[{"href":"https:\/\/stoic-curie.212-227-153-4.plesk.page\/hr\/wp-json\/wp\/v2\/product"}],"about":[{"href":"https:\/\/stoic-curie.212-227-153-4.plesk.page\/hr\/wp-json\/wp\/v2\/types\/product"}],"replies":[{"embeddable":true,"href":"https:\/\/stoic-curie.212-227-153-4.plesk.page\/hr\/wp-json\/wp\/v2\/comments?post=5557885"}],"version-history":[{"count":0,"href":"https:\/\/stoic-curie.212-227-153-4.plesk.page\/hr\/wp-json\/wp\/v2\/product\/5557885\/revisions"}],"wp:featuredmedia":[{"embeddable":true,"href":"https:\/\/stoic-curie.212-227-153-4.plesk.page\/hr\/wp-json\/wp\/v2\/media\/5949525"}],"wp:attachment":[{"href":"https:\/\/stoic-curie.212-227-153-4.plesk.page\/hr\/wp-json\/wp\/v2\/media?parent=5557885"}],"wp:term":[{"taxonomy":"product_brand","embeddable":true,"href":"https:\/\/stoic-curie.212-227-153-4.plesk.page\/hr\/wp-json\/wp\/v2\/product_brand?post=5557885"},{"taxonomy":"product_cat","embeddable":true,"href":"https:\/\/stoic-curie.212-227-153-4.plesk.page\/hr\/wp-json\/wp\/v2\/product_cat?post=5557885"},{"taxonomy":"product_tag","embeddable":true,"href":"https:\/\/stoic-curie.212-227-153-4.plesk.page\/hr\/wp-json\/wp\/v2\/product_tag?post=5557885"}],"curies":[{"name":"wp","href":"https:\/\/api.w.org\/{rel}","templated":true}]}}